{"id":861,"date":"2022-05-24T10:24:33","date_gmt":"2022-05-24T08:24:33","guid":{"rendered":"https:\/\/sklep.stylisticcristal.pl\/?post_type=product&#038;p=861"},"modified":"2024-04-09T13:58:53","modified_gmt":"2024-04-09T11:58:53","slug":"zyrandol-maria-teresa-mt-8-z","status":"publish","type":"product","link":"https:\/\/stylisticcristal.pl\/sklep\/produkty\/zyrandole\/zyrandol-maria-teresa-mt-8-z\/","title":{"rendered":"\u017byrandol Maria Teresa MT\/8\/Z"},"content":{"rendered":"<p>\u015awiecznikowy \u017cyrandol kryszta\u0142owy z kolekcji Maria Teresa to doskona\u0142e uzupe\u0142nienie klasycznych aran\u017cacji. Model o \u015brednicy 62 cm z 8 punktami \u015bwietlnymi mo\u017ce stanowi\u0107 zar\u00f3wno g\u0142\u00f3wne \u017ar\u00f3d\u0142o \u015bwiat\u0142a we mniejszym wn\u0119trzu, jak i uzupe\u0142nienie istniej\u0105cego ju\u017c systemu o\u015bwietlenia na du\u017cych przestrzeniach. Ten ponadczasowy model sprawdzi si\u0119 r\u00f3wnie\u017c \u015bwietnie jako dodatek nadaj\u0105cy szyku i elegancji nowoczesnym, luksusowym wn\u0119trzom. Ka\u017cda lampa z naszej oferty produkowana jest r\u0119cznie w pracowni Stylistic Cristal.<\/p>\n","protected":false},"excerpt":{"rendered":"<p>Elegancka lampa wisz\u0105ca z kryszta\u0142ami. Doskona\u0142a propozycja dla mi\u0142o\u015bnik\u00f3w tradycyjnych aran\u017cacji we wn\u0119trzach.<\/p>\n","protected":false},"featured_media":862,"template":"","meta":[],"product_brand":[],"product_cat":[15],"product_tag":[246],"class_list":{"0":"post-861","1":"product","2":"type-product","3":"status-publish","4":"has-post-thumbnail","6":"product_cat-zyrandole","7":"product_tag-kolekcja-maria-teresa","8":"product_shipping_class-standardowa","10":"first","11":"instock","12":"taxable","13":"shipping-taxable","14":"purchasable","15":"product-type-variable"},"yoast_head":"<!-- This site is optimized with the Yoast SEO plugin v27.3 - https:\/\/yoast.com\/product\/yoast-seo-wordpress\/ -->\n<title>\u017byrandol Maria Teresa MT\/8\/Z - Sklep Stylistic Cristal<\/title>\n<meta name=\"robots\" content=\"index, follow, max-snippet:-1, max-image-preview:large, max-video-preview:-1\" \/>\n<link rel=\"canonical\" href=\"https:\/\/stylisticcristal.pl\/sklep\/produkty\/zyrandole\/zyrandol-maria-teresa-mt-8-z\/\" \/>\n<meta property=\"og:locale\" content=\"pl_PL\" \/>\n<meta property=\"og:type\" content=\"article\" \/>\n<meta property=\"og:title\" content=\"\u017byrandol Maria Teresa MT\/8\/Z - Sklep Stylistic Cristal\" \/>\n<meta property=\"og:description\" content=\"Elegancka lampa wisz\u0105ca z kryszta\u0142ami. Doskona\u0142a propozycja dla mi\u0142o\u015bnik\u00f3w tradycyjnych aran\u017cacji we wn\u0119trzach.\" \/>\n<meta property=\"og:url\" content=\"https:\/\/stylisticcristal.pl\/sklep\/produkty\/zyrandole\/zyrandol-maria-teresa-mt-8-z\/\" \/>\n<meta property=\"og:site_name\" content=\"Sklep Stylistic Cristal\" \/>\n<meta property=\"article:modified_time\" content=\"2024-04-09T11:58:53+00:00\" \/>\n<meta property=\"og:image\" content=\"https:\/\/stylisticcristal.pl\/sklep\/wp-content\/uploads\/2022\/05\/Z\u0307yrandol-Maria-Teresa-MT8Z-zloto.jpg\" \/>\n\t<meta property=\"og:image:width\" content=\"1200\" \/>\n\t<meta property=\"og:image:height\" content=\"1200\" \/>\n\t<meta property=\"og:image:type\" content=\"image\/jpeg\" \/>\n<meta name=\"twitter:card\" content=\"summary_large_image\" \/>\n<meta name=\"twitter:label1\" content=\"Szacowany czas czytania\" \/>\n\t<meta name=\"twitter:data1\" content=\"1 minuta\" \/>\n<script type=\"application\/ld+json\" class=\"yoast-schema-graph\">{\"@context\":\"https:\\\/\\\/schema.org\",\"@graph\":[{\"@type\":\"WebPage\",\"@id\":\"https:\\\/\\\/stylisticcristal.pl\\\/sklep\\\/produkty\\\/zyrandole\\\/zyrandol-maria-teresa-mt-8-z\\\/\",\"url\":\"https:\\\/\\\/stylisticcristal.pl\\\/sklep\\\/produkty\\\/zyrandole\\\/zyrandol-maria-teresa-mt-8-z\\\/\",\"name\":\"\u017byrandol Maria Teresa MT\\\/8\\\/Z - Sklep Stylistic Cristal\",\"isPartOf\":{\"@id\":\"https:\\\/\\\/stylisticcristal.pl\\\/sklep\\\/#website\"},\"primaryImageOfPage\":{\"@id\":\"https:\\\/\\\/stylisticcristal.pl\\\/sklep\\\/produkty\\\/zyrandole\\\/zyrandol-maria-teresa-mt-8-z\\\/#primaryimage\"},\"image\":{\"@id\":\"https:\\\/\\\/stylisticcristal.pl\\\/sklep\\\/produkty\\\/zyrandole\\\/zyrandol-maria-teresa-mt-8-z\\\/#primaryimage\"},\"thumbnailUrl\":\"https:\\\/\\\/stylisticcristal.pl\\\/sklep\\\/wp-content\\\/uploads\\\/2022\\\/05\\\/Z\u0307yrandol-Maria-Teresa-MT8Z-zloto.jpg\",\"datePublished\":\"2022-05-24T08:24:33+00:00\",\"dateModified\":\"2024-04-09T11:58:53+00:00\",\"breadcrumb\":{\"@id\":\"https:\\\/\\\/stylisticcristal.pl\\\/sklep\\\/produkty\\\/zyrandole\\\/zyrandol-maria-teresa-mt-8-z\\\/#breadcrumb\"},\"inLanguage\":\"pl-PL\",\"potentialAction\":[{\"@type\":\"ReadAction\",\"target\":[\"https:\\\/\\\/stylisticcristal.pl\\\/sklep\\\/produkty\\\/zyrandole\\\/zyrandol-maria-teresa-mt-8-z\\\/\"]}]},{\"@type\":\"ImageObject\",\"inLanguage\":\"pl-PL\",\"@id\":\"https:\\\/\\\/stylisticcristal.pl\\\/sklep\\\/produkty\\\/zyrandole\\\/zyrandol-maria-teresa-mt-8-z\\\/#primaryimage\",\"url\":\"https:\\\/\\\/stylisticcristal.pl\\\/sklep\\\/wp-content\\\/uploads\\\/2022\\\/05\\\/Z\u0307yrandol-Maria-Teresa-MT8Z-zloto.jpg\",\"contentUrl\":\"https:\\\/\\\/stylisticcristal.pl\\\/sklep\\\/wp-content\\\/uploads\\\/2022\\\/05\\\/Z\u0307yrandol-Maria-Teresa-MT8Z-zloto.jpg\",\"width\":1200,\"height\":1200},{\"@type\":\"BreadcrumbList\",\"@id\":\"https:\\\/\\\/stylisticcristal.pl\\\/sklep\\\/produkty\\\/zyrandole\\\/zyrandol-maria-teresa-mt-8-z\\\/#breadcrumb\",\"itemListElement\":[{\"@type\":\"ListItem\",\"position\":1,\"name\":\"Home\",\"item\":\"https:\\\/\\\/stylisticcristal.pl\\\/sklep\\\/\"},{\"@type\":\"ListItem\",\"position\":2,\"name\":\"Produkty\",\"item\":\"https:\\\/\\\/stylisticcristal.pl\\\/sklep\\\/produkty\\\/\"},{\"@type\":\"ListItem\",\"position\":3,\"name\":\"\u017byrandol Maria Teresa MT\\\/8\\\/Z\"}]},{\"@type\":\"WebSite\",\"@id\":\"https:\\\/\\\/stylisticcristal.pl\\\/sklep\\\/#website\",\"url\":\"https:\\\/\\\/stylisticcristal.pl\\\/sklep\\\/\",\"name\":\"Sklep Stylistic Cristal\",\"description\":\"\u017cyrandole kryszta\u0142owe - sklep z luksusowym o\u015bwietleniem wn\u0119trz\",\"potentialAction\":[{\"@type\":\"SearchAction\",\"target\":{\"@type\":\"EntryPoint\",\"urlTemplate\":\"https:\\\/\\\/stylisticcristal.pl\\\/sklep\\\/?s={search_term_string}\"},\"query-input\":{\"@type\":\"PropertyValueSpecification\",\"valueRequired\":true,\"valueName\":\"search_term_string\"}}],\"inLanguage\":\"pl-PL\"}]}<\/script>\n<!-- \/ Yoast SEO plugin. -->","yoast_head_json":{"title":"\u017byrandol Maria Teresa MT\/8\/Z - Sklep Stylistic Cristal","robots":{"index":"index","follow":"follow","max-snippet":"max-snippet:-1","max-image-preview":"max-image-preview:large","max-video-preview":"max-video-preview:-1"},"canonical":"https:\/\/stylisticcristal.pl\/sklep\/produkty\/zyrandole\/zyrandol-maria-teresa-mt-8-z\/","og_locale":"pl_PL","og_type":"article","og_title":"\u017byrandol Maria Teresa MT\/8\/Z - Sklep Stylistic Cristal","og_description":"Elegancka lampa wisz\u0105ca z kryszta\u0142ami. Doskona\u0142a propozycja dla mi\u0142o\u015bnik\u00f3w tradycyjnych aran\u017cacji we wn\u0119trzach.","og_url":"https:\/\/stylisticcristal.pl\/sklep\/produkty\/zyrandole\/zyrandol-maria-teresa-mt-8-z\/","og_site_name":"Sklep Stylistic Cristal","article_modified_time":"2024-04-09T11:58:53+00:00","og_image":[{"width":1200,"height":1200,"url":"https:\/\/stylisticcristal.pl\/sklep\/wp-content\/uploads\/2022\/05\/Z\u0307yrandol-Maria-Teresa-MT8Z-zloto.jpg","type":"image\/jpeg"}],"twitter_card":"summary_large_image","twitter_misc":{"Szacowany czas czytania":"1 minuta"},"schema":{"@context":"https:\/\/schema.org","@graph":[{"@type":"WebPage","@id":"https:\/\/stylisticcristal.pl\/sklep\/produkty\/zyrandole\/zyrandol-maria-teresa-mt-8-z\/","url":"https:\/\/stylisticcristal.pl\/sklep\/produkty\/zyrandole\/zyrandol-maria-teresa-mt-8-z\/","name":"\u017byrandol Maria Teresa MT\/8\/Z - Sklep Stylistic Cristal","isPartOf":{"@id":"https:\/\/stylisticcristal.pl\/sklep\/#website"},"primaryImageOfPage":{"@id":"https:\/\/stylisticcristal.pl\/sklep\/produkty\/zyrandole\/zyrandol-maria-teresa-mt-8-z\/#primaryimage"},"image":{"@id":"https:\/\/stylisticcristal.pl\/sklep\/produkty\/zyrandole\/zyrandol-maria-teresa-mt-8-z\/#primaryimage"},"thumbnailUrl":"https:\/\/stylisticcristal.pl\/sklep\/wp-content\/uploads\/2022\/05\/Z\u0307yrandol-Maria-Teresa-MT8Z-zloto.jpg","datePublished":"2022-05-24T08:24:33+00:00","dateModified":"2024-04-09T11:58:53+00:00","breadcrumb":{"@id":"https:\/\/stylisticcristal.pl\/sklep\/produkty\/zyrandole\/zyrandol-maria-teresa-mt-8-z\/#breadcrumb"},"inLanguage":"pl-PL","potentialAction":[{"@type":"ReadAction","target":["https:\/\/stylisticcristal.pl\/sklep\/produkty\/zyrandole\/zyrandol-maria-teresa-mt-8-z\/"]}]},{"@type":"ImageObject","inLanguage":"pl-PL","@id":"https:\/\/stylisticcristal.pl\/sklep\/produkty\/zyrandole\/zyrandol-maria-teresa-mt-8-z\/#primaryimage","url":"https:\/\/stylisticcristal.pl\/sklep\/wp-content\/uploads\/2022\/05\/Z\u0307yrandol-Maria-Teresa-MT8Z-zloto.jpg","contentUrl":"https:\/\/stylisticcristal.pl\/sklep\/wp-content\/uploads\/2022\/05\/Z\u0307yrandol-Maria-Teresa-MT8Z-zloto.jpg","width":1200,"height":1200},{"@type":"BreadcrumbList","@id":"https:\/\/stylisticcristal.pl\/sklep\/produkty\/zyrandole\/zyrandol-maria-teresa-mt-8-z\/#breadcrumb","itemListElement":[{"@type":"ListItem","position":1,"name":"Home","item":"https:\/\/stylisticcristal.pl\/sklep\/"},{"@type":"ListItem","position":2,"name":"Produkty","item":"https:\/\/stylisticcristal.pl\/sklep\/produkty\/"},{"@type":"ListItem","position":3,"name":"\u017byrandol Maria Teresa MT\/8\/Z"}]},{"@type":"WebSite","@id":"https:\/\/stylisticcristal.pl\/sklep\/#website","url":"https:\/\/stylisticcristal.pl\/sklep\/","name":"Sklep Stylistic Cristal","description":"\u017cyrandole kryszta\u0142owe - sklep z luksusowym o\u015bwietleniem wn\u0119trz","potentialAction":[{"@type":"SearchAction","target":{"@type":"EntryPoint","urlTemplate":"https:\/\/stylisticcristal.pl\/sklep\/?s={search_term_string}"},"query-input":{"@type":"PropertyValueSpecification","valueRequired":true,"valueName":"search_term_string"}}],"inLanguage":"pl-PL"}]}},"_links":{"self":[{"href":"https:\/\/stylisticcristal.pl\/sklep\/wp-json\/wp\/v2\/product\/861","targetHints":{"allow":["GET"]}}],"collection":[{"href":"https:\/\/stylisticcristal.pl\/sklep\/wp-json\/wp\/v2\/product"}],"about":[{"href":"https:\/\/stylisticcristal.pl\/sklep\/wp-json\/wp\/v2\/types\/product"}],"wp:featuredmedia":[{"embeddable":true,"href":"https:\/\/stylisticcristal.pl\/sklep\/wp-json\/wp\/v2\/media\/862"}],"wp:attachment":[{"href":"https:\/\/stylisticcristal.pl\/sklep\/wp-json\/wp\/v2\/media?parent=861"}],"wp:term":[{"taxonomy":"product_brand","embeddable":true,"href":"https:\/\/stylisticcristal.pl\/sklep\/wp-json\/wp\/v2\/product_brand?post=861"},{"taxonomy":"product_cat","embeddable":true,"href":"https:\/\/stylisticcristal.pl\/sklep\/wp-json\/wp\/v2\/product_cat?post=861"},{"taxonomy":"product_tag","embeddable":true,"href":"https:\/\/stylisticcristal.pl\/sklep\/wp-json\/wp\/v2\/product_tag?post=861"}],"curies":[{"name":"wp","href":"https:\/\/api.w.org\/{rel}","templated":true}]}}