{"id":3778,"date":"2024-04-22T13:52:02","date_gmt":"2024-04-22T11:52:02","guid":{"rendered":"https:\/\/stylisticcristal.pl\/sklep\/?post_type=product&#038;p=3778"},"modified":"2024-04-22T13:54:19","modified_gmt":"2024-04-22T11:54:19","slug":"plafon-pl-60-30-op","status":"publish","type":"product","link":"https:\/\/stylisticcristal.pl\/sklep\/produkty\/plafony\/plafon-pl-60-30-op\/","title":{"rendered":"Plafon PL\/60\/30\/OP"},"content":{"rendered":"<div class=\"w-full sm:w-3\/4 lg:w-2\/3 2xl:w-1\/2\">\n<div class=\"w-full sm:w-3\/4 lg:w-2\/3 2xl:w-1\/2\">\n<div class=\"w-full sm:w-3\/4 lg:w-2\/3 2xl:w-1\/2\">Klasyczne \u017cyrandole typu Plafon doskonale sprawdz\u0105 si\u0119 w niskich pomieszczeniach. Inspiracje dla tradycyjnej formy lamp Plafon czerpali\u015bmy z tradycyjnych p\u0142askorze\u017ab i sztukaterii, kt\u00f3re mia\u0142y sw\u00f3j rozkwit w epoce renesansu i baroku. Kryszta\u0142owe lampy z kolekcji Plafon produkujemy w r\u00f3\u017cnych wielko\u015bciach, kszta\u0142tach i z r\u00f3\u017cnymi ozdobami (talerzyk, wisiorek). Opr\u00f3cz lamp sufitowych dost\u0119pne s\u0105 r\u00f3wnie\u017c kinkiety z tej samej kolekcji.<\/div>\n<\/div>\n<\/div>\n","protected":false},"excerpt":{"rendered":"<p>Klasyczne \u017cyrandole typu Plafon doskonale sprawdz\u0105 si\u0119 w niskich pomieszczeniach. Inspiracje dla tradycyjnej formy lamp Plafon czerpali\u015bmy z tradycyjnych p\u0142askorze\u017ab i sztukaterii, kt\u00f3re mia\u0142y sw\u00f3j rozkwit w epoce renesansu i baroku. Kryszta\u0142owe lampy z kolekcji Plafon produkujemy w r\u00f3\u017cnych wielko\u015bciach, kszta\u0142tach i z r\u00f3\u017cnymi ozdobami (talerzyk, wisiorek). Opr\u00f3cz lamp sufitowych dost\u0119pne s\u0105 r\u00f3wnie\u017c kinkiety z tej samej kolekcji.<\/p>\n","protected":false},"featured_media":2940,"template":"","meta":[],"product_brand":[],"product_cat":[72],"product_tag":[222],"class_list":{"0":"post-3778","1":"product","2":"type-product","3":"status-publish","4":"has-post-thumbnail","6":"product_cat-plafony","7":"product_tag-kolekcja-plafon","8":"product_shipping_class-standardowa","10":"first","11":"instock","12":"taxable","13":"shipping-taxable","14":"purchasable","15":"product-type-variable"},"yoast_head":"<!-- This site is optimized with the Yoast SEO plugin v27.3 - https:\/\/yoast.com\/product\/yoast-seo-wordpress\/ -->\n<title>Plafon PL\/60\/30\/OP - Sklep Stylistic Cristal<\/title>\n<meta name=\"robots\" content=\"index, follow, max-snippet:-1, max-image-preview:large, max-video-preview:-1\" \/>\n<link rel=\"canonical\" href=\"https:\/\/stylisticcristal.pl\/sklep\/produkty\/plafony\/plafon-pl-60-30-op\/\" \/>\n<meta property=\"og:locale\" content=\"pl_PL\" \/>\n<meta property=\"og:type\" content=\"article\" \/>\n<meta property=\"og:title\" content=\"Plafon PL\/60\/30\/OP - Sklep Stylistic Cristal\" \/>\n<meta property=\"og:description\" content=\"Klasyczne \u017cyrandole typu Plafon doskonale sprawdz\u0105 si\u0119 w niskich pomieszczeniach. Inspiracje dla tradycyjnej formy lamp Plafon czerpali\u015bmy z tradycyjnych p\u0142askorze\u017ab i sztukaterii, kt\u00f3re mia\u0142y sw\u00f3j rozkwit w epoce renesansu i baroku. Kryszta\u0142owe lampy z kolekcji Plafon produkujemy w r\u00f3\u017cnych wielko\u015bciach, kszta\u0142tach i z r\u00f3\u017cnymi ozdobami (talerzyk, wisiorek). Opr\u00f3cz lamp sufitowych dost\u0119pne s\u0105 r\u00f3wnie\u017c kinkiety z tej samej kolekcji.\" \/>\n<meta property=\"og:url\" content=\"https:\/\/stylisticcristal.pl\/sklep\/produkty\/plafony\/plafon-pl-60-30-op\/\" \/>\n<meta property=\"og:site_name\" content=\"Sklep Stylistic Cristal\" \/>\n<meta property=\"article:modified_time\" content=\"2024-04-22T11:54:19+00:00\" \/>\n<meta property=\"og:image\" content=\"https:\/\/stylisticcristal.pl\/sklep\/wp-content\/uploads\/2024\/04\/Plafon-60x30-h-28-2-1200x991-1.webp\" \/>\n\t<meta property=\"og:image:width\" content=\"1200\" \/>\n\t<meta property=\"og:image:height\" content=\"1200\" \/>\n\t<meta property=\"og:image:type\" content=\"image\/webp\" \/>\n<meta name=\"twitter:card\" content=\"summary_large_image\" \/>\n<meta name=\"twitter:label1\" content=\"Szacowany czas czytania\" \/>\n\t<meta name=\"twitter:data1\" content=\"1 minuta\" \/>\n<script type=\"application\/ld+json\" class=\"yoast-schema-graph\">{\"@context\":\"https:\\\/\\\/schema.org\",\"@graph\":[{\"@type\":\"WebPage\",\"@id\":\"https:\\\/\\\/stylisticcristal.pl\\\/sklep\\\/produkty\\\/plafony\\\/plafon-pl-60-30-op\\\/\",\"url\":\"https:\\\/\\\/stylisticcristal.pl\\\/sklep\\\/produkty\\\/plafony\\\/plafon-pl-60-30-op\\\/\",\"name\":\"Plafon PL\\\/60\\\/30\\\/OP - Sklep Stylistic Cristal\",\"isPartOf\":{\"@id\":\"https:\\\/\\\/stylisticcristal.pl\\\/sklep\\\/#website\"},\"primaryImageOfPage\":{\"@id\":\"https:\\\/\\\/stylisticcristal.pl\\\/sklep\\\/produkty\\\/plafony\\\/plafon-pl-60-30-op\\\/#primaryimage\"},\"image\":{\"@id\":\"https:\\\/\\\/stylisticcristal.pl\\\/sklep\\\/produkty\\\/plafony\\\/plafon-pl-60-30-op\\\/#primaryimage\"},\"thumbnailUrl\":\"https:\\\/\\\/stylisticcristal.pl\\\/sklep\\\/wp-content\\\/uploads\\\/2024\\\/04\\\/Plafon-60x30-h-28-2-1200x991-1.webp\",\"datePublished\":\"2024-04-22T11:52:02+00:00\",\"dateModified\":\"2024-04-22T11:54:19+00:00\",\"breadcrumb\":{\"@id\":\"https:\\\/\\\/stylisticcristal.pl\\\/sklep\\\/produkty\\\/plafony\\\/plafon-pl-60-30-op\\\/#breadcrumb\"},\"inLanguage\":\"pl-PL\",\"potentialAction\":[{\"@type\":\"ReadAction\",\"target\":[\"https:\\\/\\\/stylisticcristal.pl\\\/sklep\\\/produkty\\\/plafony\\\/plafon-pl-60-30-op\\\/\"]}]},{\"@type\":\"ImageObject\",\"inLanguage\":\"pl-PL\",\"@id\":\"https:\\\/\\\/stylisticcristal.pl\\\/sklep\\\/produkty\\\/plafony\\\/plafon-pl-60-30-op\\\/#primaryimage\",\"url\":\"https:\\\/\\\/stylisticcristal.pl\\\/sklep\\\/wp-content\\\/uploads\\\/2024\\\/04\\\/Plafon-60x30-h-28-2-1200x991-1.webp\",\"contentUrl\":\"https:\\\/\\\/stylisticcristal.pl\\\/sklep\\\/wp-content\\\/uploads\\\/2024\\\/04\\\/Plafon-60x30-h-28-2-1200x991-1.webp\",\"width\":1200,\"height\":1200,\"caption\":\"Klasyczny \u017cyrandol typu Plafon do niskich pomieszcze\u0144, kryszta\u0142owy plafon 60 cm\"},{\"@type\":\"BreadcrumbList\",\"@id\":\"https:\\\/\\\/stylisticcristal.pl\\\/sklep\\\/produkty\\\/plafony\\\/plafon-pl-60-30-op\\\/#breadcrumb\",\"itemListElement\":[{\"@type\":\"ListItem\",\"position\":1,\"name\":\"Home\",\"item\":\"https:\\\/\\\/stylisticcristal.pl\\\/sklep\\\/\"},{\"@type\":\"ListItem\",\"position\":2,\"name\":\"Produkty\",\"item\":\"https:\\\/\\\/stylisticcristal.pl\\\/sklep\\\/produkty\\\/\"},{\"@type\":\"ListItem\",\"position\":3,\"name\":\"Plafon PL\\\/60\\\/30\\\/OP\"}]},{\"@type\":\"WebSite\",\"@id\":\"https:\\\/\\\/stylisticcristal.pl\\\/sklep\\\/#website\",\"url\":\"https:\\\/\\\/stylisticcristal.pl\\\/sklep\\\/\",\"name\":\"Sklep Stylistic Cristal\",\"description\":\"\u017cyrandole kryszta\u0142owe - sklep z luksusowym o\u015bwietleniem wn\u0119trz\",\"potentialAction\":[{\"@type\":\"SearchAction\",\"target\":{\"@type\":\"EntryPoint\",\"urlTemplate\":\"https:\\\/\\\/stylisticcristal.pl\\\/sklep\\\/?s={search_term_string}\"},\"query-input\":{\"@type\":\"PropertyValueSpecification\",\"valueRequired\":true,\"valueName\":\"search_term_string\"}}],\"inLanguage\":\"pl-PL\"}]}<\/script>\n<!-- \/ Yoast SEO plugin. -->","yoast_head_json":{"title":"Plafon PL\/60\/30\/OP - Sklep Stylistic Cristal","robots":{"index":"index","follow":"follow","max-snippet":"max-snippet:-1","max-image-preview":"max-image-preview:large","max-video-preview":"max-video-preview:-1"},"canonical":"https:\/\/stylisticcristal.pl\/sklep\/produkty\/plafony\/plafon-pl-60-30-op\/","og_locale":"pl_PL","og_type":"article","og_title":"Plafon PL\/60\/30\/OP - Sklep Stylistic Cristal","og_description":"Klasyczne \u017cyrandole typu Plafon doskonale sprawdz\u0105 si\u0119 w niskich pomieszczeniach. Inspiracje dla tradycyjnej formy lamp Plafon czerpali\u015bmy z tradycyjnych p\u0142askorze\u017ab i sztukaterii, kt\u00f3re mia\u0142y sw\u00f3j rozkwit w epoce renesansu i baroku. Kryszta\u0142owe lampy z kolekcji Plafon produkujemy w r\u00f3\u017cnych wielko\u015bciach, kszta\u0142tach i z r\u00f3\u017cnymi ozdobami (talerzyk, wisiorek). Opr\u00f3cz lamp sufitowych dost\u0119pne s\u0105 r\u00f3wnie\u017c kinkiety z tej samej kolekcji.","og_url":"https:\/\/stylisticcristal.pl\/sklep\/produkty\/plafony\/plafon-pl-60-30-op\/","og_site_name":"Sklep Stylistic Cristal","article_modified_time":"2024-04-22T11:54:19+00:00","og_image":[{"width":1200,"height":1200,"url":"https:\/\/stylisticcristal.pl\/sklep\/wp-content\/uploads\/2024\/04\/Plafon-60x30-h-28-2-1200x991-1.webp","type":"image\/webp"}],"twitter_card":"summary_large_image","twitter_misc":{"Szacowany czas czytania":"1 minuta"},"schema":{"@context":"https:\/\/schema.org","@graph":[{"@type":"WebPage","@id":"https:\/\/stylisticcristal.pl\/sklep\/produkty\/plafony\/plafon-pl-60-30-op\/","url":"https:\/\/stylisticcristal.pl\/sklep\/produkty\/plafony\/plafon-pl-60-30-op\/","name":"Plafon PL\/60\/30\/OP - Sklep Stylistic Cristal","isPartOf":{"@id":"https:\/\/stylisticcristal.pl\/sklep\/#website"},"primaryImageOfPage":{"@id":"https:\/\/stylisticcristal.pl\/sklep\/produkty\/plafony\/plafon-pl-60-30-op\/#primaryimage"},"image":{"@id":"https:\/\/stylisticcristal.pl\/sklep\/produkty\/plafony\/plafon-pl-60-30-op\/#primaryimage"},"thumbnailUrl":"https:\/\/stylisticcristal.pl\/sklep\/wp-content\/uploads\/2024\/04\/Plafon-60x30-h-28-2-1200x991-1.webp","datePublished":"2024-04-22T11:52:02+00:00","dateModified":"2024-04-22T11:54:19+00:00","breadcrumb":{"@id":"https:\/\/stylisticcristal.pl\/sklep\/produkty\/plafony\/plafon-pl-60-30-op\/#breadcrumb"},"inLanguage":"pl-PL","potentialAction":[{"@type":"ReadAction","target":["https:\/\/stylisticcristal.pl\/sklep\/produkty\/plafony\/plafon-pl-60-30-op\/"]}]},{"@type":"ImageObject","inLanguage":"pl-PL","@id":"https:\/\/stylisticcristal.pl\/sklep\/produkty\/plafony\/plafon-pl-60-30-op\/#primaryimage","url":"https:\/\/stylisticcristal.pl\/sklep\/wp-content\/uploads\/2024\/04\/Plafon-60x30-h-28-2-1200x991-1.webp","contentUrl":"https:\/\/stylisticcristal.pl\/sklep\/wp-content\/uploads\/2024\/04\/Plafon-60x30-h-28-2-1200x991-1.webp","width":1200,"height":1200,"caption":"Klasyczny \u017cyrandol typu Plafon do niskich pomieszcze\u0144, kryszta\u0142owy plafon 60 cm"},{"@type":"BreadcrumbList","@id":"https:\/\/stylisticcristal.pl\/sklep\/produkty\/plafony\/plafon-pl-60-30-op\/#breadcrumb","itemListElement":[{"@type":"ListItem","position":1,"name":"Home","item":"https:\/\/stylisticcristal.pl\/sklep\/"},{"@type":"ListItem","position":2,"name":"Produkty","item":"https:\/\/stylisticcristal.pl\/sklep\/produkty\/"},{"@type":"ListItem","position":3,"name":"Plafon PL\/60\/30\/OP"}]},{"@type":"WebSite","@id":"https:\/\/stylisticcristal.pl\/sklep\/#website","url":"https:\/\/stylisticcristal.pl\/sklep\/","name":"Sklep Stylistic Cristal","description":"\u017cyrandole kryszta\u0142owe - sklep z luksusowym o\u015bwietleniem wn\u0119trz","potentialAction":[{"@type":"SearchAction","target":{"@type":"EntryPoint","urlTemplate":"https:\/\/stylisticcristal.pl\/sklep\/?s={search_term_string}"},"query-input":{"@type":"PropertyValueSpecification","valueRequired":true,"valueName":"search_term_string"}}],"inLanguage":"pl-PL"}]}},"_links":{"self":[{"href":"https:\/\/stylisticcristal.pl\/sklep\/wp-json\/wp\/v2\/product\/3778","targetHints":{"allow":["GET"]}}],"collection":[{"href":"https:\/\/stylisticcristal.pl\/sklep\/wp-json\/wp\/v2\/product"}],"about":[{"href":"https:\/\/stylisticcristal.pl\/sklep\/wp-json\/wp\/v2\/types\/product"}],"wp:featuredmedia":[{"embeddable":true,"href":"https:\/\/stylisticcristal.pl\/sklep\/wp-json\/wp\/v2\/media\/2940"}],"wp:attachment":[{"href":"https:\/\/stylisticcristal.pl\/sklep\/wp-json\/wp\/v2\/media?parent=3778"}],"wp:term":[{"taxonomy":"product_brand","embeddable":true,"href":"https:\/\/stylisticcristal.pl\/sklep\/wp-json\/wp\/v2\/product_brand?post=3778"},{"taxonomy":"product_cat","embeddable":true,"href":"https:\/\/stylisticcristal.pl\/sklep\/wp-json\/wp\/v2\/product_cat?post=3778"},{"taxonomy":"product_tag","embeddable":true,"href":"https:\/\/stylisticcristal.pl\/sklep\/wp-json\/wp\/v2\/product_tag?post=3778"}],"curies":[{"name":"wp","href":"https:\/\/api.w.org\/{rel}","templated":true}]}}