{"id":3330,"date":"2024-04-18T10:46:38","date_gmt":"2024-04-18T08:46:38","guid":{"rendered":"https:\/\/stylisticcristal.pl\/sklep\/?post_type=product&#038;p=3330"},"modified":"2024-04-18T10:49:30","modified_gmt":"2024-04-18T08:49:30","slug":"kinkiet-interio-in-20-10-2-60-r-wl","status":"publish","type":"product","link":"https:\/\/stylisticcristal.pl\/sklep\/produkty\/kinkiety\/kinkiet-interio-in-20-10-2-60-r-wl\/","title":{"rendered":"Kinkiet Interio IN\/20\/10\/2\/60\/R\/WL"},"content":{"rendered":"<div class=\"w-full sm:w-3\/4 lg:w-2\/3 2xl:w-1\/2\">\n<div class=\"w-full sm:w-3\/4 lg:w-2\/3 2xl:w-1\/2\">\n<p>Interio to kolekcja dedykowana mi\u0142o\u015bnikom nowoczesnych rozwi\u0105za\u0144 we wn\u0119trzach. Stanowi po\u0142\u0105czenie wsp\u00f3\u0142czesnego designu i ponadczasowego rzemios\u0142a. To stylowa elegancja szyta na miar\u0119 potrzeb tych najbardziej wymagaj\u0105cych mi\u0142o\u015bnik\u00f3w wn\u0119trz. Niniejszy zbi\u00f3r lamp to katalogowe propozycje, kt\u00f3re mog\u0105 zosta\u0107 dopasowane do danego typu pomieszczenia i indywidualnych preferencji ka\u017cdego klienta.<\/p>\n<\/div>\n<\/div>\n","protected":false},"excerpt":{"rendered":"<p>Interio to kolekcja dedykowana mi\u0142o\u015bnikom nowoczesnych rozwi\u0105za\u0144 we wn\u0119trzach. Stanowi po\u0142\u0105czenie wsp\u00f3\u0142czesnego designu i ponadczasowego rzemios\u0142a. To stylowa elegancja szyta na miar\u0119 potrzeb tych najbardziej wymagaj\u0105cych mi\u0142o\u015bnik\u00f3w wn\u0119trz. Niniejszy zbi\u00f3r lamp to katalogowe propozycje, kt\u00f3re mog\u0105 zosta\u0107 dopasowane do danego typu pomieszczenia i indywidualnych preferencji ka\u017cdego klienta.<\/p>\n","protected":false},"featured_media":2372,"template":"","meta":[],"product_brand":[],"product_cat":[160],"product_tag":[243],"class_list":{"0":"post-3330","1":"product","2":"type-product","3":"status-publish","4":"has-post-thumbnail","6":"product_cat-kinkiety","7":"product_tag-kolekcja-interio","8":"product_shipping_class-standardowa","10":"first","11":"instock","12":"taxable","13":"shipping-taxable","14":"purchasable","15":"product-type-variable"},"yoast_head":"<!-- This site is optimized with the Yoast SEO plugin v27.3 - https:\/\/yoast.com\/product\/yoast-seo-wordpress\/ -->\n<title>Kinkiet Interio IN\/20\/10\/2\/60\/R\/WL - Sklep Stylistic Cristal<\/title>\n<meta name=\"robots\" content=\"index, follow, max-snippet:-1, max-image-preview:large, max-video-preview:-1\" \/>\n<link rel=\"canonical\" href=\"https:\/\/stylisticcristal.pl\/sklep\/produkty\/kinkiety\/kinkiet-interio-in-20-10-2-60-r-wl\/\" \/>\n<meta property=\"og:locale\" content=\"pl_PL\" \/>\n<meta property=\"og:type\" content=\"article\" \/>\n<meta property=\"og:title\" content=\"Kinkiet Interio IN\/20\/10\/2\/60\/R\/WL - Sklep Stylistic Cristal\" \/>\n<meta property=\"og:description\" content=\"Interio to kolekcja dedykowana mi\u0142o\u015bnikom nowoczesnych rozwi\u0105za\u0144 we wn\u0119trzach. Stanowi po\u0142\u0105czenie wsp\u00f3\u0142czesnego designu i ponadczasowego rzemios\u0142a. To stylowa elegancja szyta na miar\u0119 potrzeb tych najbardziej wymagaj\u0105cych mi\u0142o\u015bnik\u00f3w wn\u0119trz. Niniejszy zbi\u00f3r lamp to katalogowe propozycje, kt\u00f3re mog\u0105 zosta\u0107 dopasowane do danego typu pomieszczenia i indywidualnych preferencji ka\u017cdego klienta.\" \/>\n<meta property=\"og:url\" content=\"https:\/\/stylisticcristal.pl\/sklep\/produkty\/kinkiety\/kinkiet-interio-in-20-10-2-60-r-wl\/\" \/>\n<meta property=\"og:site_name\" content=\"Sklep Stylistic Cristal\" \/>\n<meta property=\"article:modified_time\" content=\"2024-04-18T08:49:30+00:00\" \/>\n<meta property=\"og:image\" content=\"https:\/\/stylisticcristal.pl\/sklep\/wp-content\/uploads\/2024\/04\/37-interio-in-20-10-2-60r-wl-1.webp\" \/>\n\t<meta property=\"og:image:width\" content=\"1200\" \/>\n\t<meta property=\"og:image:height\" content=\"1200\" \/>\n\t<meta property=\"og:image:type\" content=\"image\/webp\" \/>\n<meta name=\"twitter:card\" content=\"summary_large_image\" \/>\n<meta name=\"twitter:label1\" content=\"Szacowany czas czytania\" \/>\n\t<meta name=\"twitter:data1\" content=\"1 minuta\" \/>\n<script type=\"application\/ld+json\" class=\"yoast-schema-graph\">{\"@context\":\"https:\\\/\\\/schema.org\",\"@graph\":[{\"@type\":\"WebPage\",\"@id\":\"https:\\\/\\\/stylisticcristal.pl\\\/sklep\\\/produkty\\\/kinkiety\\\/kinkiet-interio-in-20-10-2-60-r-wl\\\/\",\"url\":\"https:\\\/\\\/stylisticcristal.pl\\\/sklep\\\/produkty\\\/kinkiety\\\/kinkiet-interio-in-20-10-2-60-r-wl\\\/\",\"name\":\"Kinkiet Interio IN\\\/20\\\/10\\\/2\\\/60\\\/R\\\/WL - Sklep Stylistic Cristal\",\"isPartOf\":{\"@id\":\"https:\\\/\\\/stylisticcristal.pl\\\/sklep\\\/#website\"},\"primaryImageOfPage\":{\"@id\":\"https:\\\/\\\/stylisticcristal.pl\\\/sklep\\\/produkty\\\/kinkiety\\\/kinkiet-interio-in-20-10-2-60-r-wl\\\/#primaryimage\"},\"image\":{\"@id\":\"https:\\\/\\\/stylisticcristal.pl\\\/sklep\\\/produkty\\\/kinkiety\\\/kinkiet-interio-in-20-10-2-60-r-wl\\\/#primaryimage\"},\"thumbnailUrl\":\"https:\\\/\\\/stylisticcristal.pl\\\/sklep\\\/wp-content\\\/uploads\\\/2024\\\/04\\\/37-interio-in-20-10-2-60r-wl-1.webp\",\"datePublished\":\"2024-04-18T08:46:38+00:00\",\"dateModified\":\"2024-04-18T08:49:30+00:00\",\"breadcrumb\":{\"@id\":\"https:\\\/\\\/stylisticcristal.pl\\\/sklep\\\/produkty\\\/kinkiety\\\/kinkiet-interio-in-20-10-2-60-r-wl\\\/#breadcrumb\"},\"inLanguage\":\"pl-PL\",\"potentialAction\":[{\"@type\":\"ReadAction\",\"target\":[\"https:\\\/\\\/stylisticcristal.pl\\\/sklep\\\/produkty\\\/kinkiety\\\/kinkiet-interio-in-20-10-2-60-r-wl\\\/\"]}]},{\"@type\":\"ImageObject\",\"inLanguage\":\"pl-PL\",\"@id\":\"https:\\\/\\\/stylisticcristal.pl\\\/sklep\\\/produkty\\\/kinkiety\\\/kinkiet-interio-in-20-10-2-60-r-wl\\\/#primaryimage\",\"url\":\"https:\\\/\\\/stylisticcristal.pl\\\/sklep\\\/wp-content\\\/uploads\\\/2024\\\/04\\\/37-interio-in-20-10-2-60r-wl-1.webp\",\"contentUrl\":\"https:\\\/\\\/stylisticcristal.pl\\\/sklep\\\/wp-content\\\/uploads\\\/2024\\\/04\\\/37-interio-in-20-10-2-60r-wl-1.webp\",\"width\":1200,\"height\":1200,\"caption\":\"Nowoczesny, kryszta\u0142owy \u017cyrandol z kolekcji Interio\"},{\"@type\":\"BreadcrumbList\",\"@id\":\"https:\\\/\\\/stylisticcristal.pl\\\/sklep\\\/produkty\\\/kinkiety\\\/kinkiet-interio-in-20-10-2-60-r-wl\\\/#breadcrumb\",\"itemListElement\":[{\"@type\":\"ListItem\",\"position\":1,\"name\":\"Home\",\"item\":\"https:\\\/\\\/stylisticcristal.pl\\\/sklep\\\/\"},{\"@type\":\"ListItem\",\"position\":2,\"name\":\"Produkty\",\"item\":\"https:\\\/\\\/stylisticcristal.pl\\\/sklep\\\/produkty\\\/\"},{\"@type\":\"ListItem\",\"position\":3,\"name\":\"Kinkiet Interio IN\\\/20\\\/10\\\/2\\\/60\\\/R\\\/WL\"}]},{\"@type\":\"WebSite\",\"@id\":\"https:\\\/\\\/stylisticcristal.pl\\\/sklep\\\/#website\",\"url\":\"https:\\\/\\\/stylisticcristal.pl\\\/sklep\\\/\",\"name\":\"Sklep Stylistic Cristal\",\"description\":\"\u017cyrandole kryszta\u0142owe - sklep z luksusowym o\u015bwietleniem wn\u0119trz\",\"potentialAction\":[{\"@type\":\"SearchAction\",\"target\":{\"@type\":\"EntryPoint\",\"urlTemplate\":\"https:\\\/\\\/stylisticcristal.pl\\\/sklep\\\/?s={search_term_string}\"},\"query-input\":{\"@type\":\"PropertyValueSpecification\",\"valueRequired\":true,\"valueName\":\"search_term_string\"}}],\"inLanguage\":\"pl-PL\"}]}<\/script>\n<!-- \/ Yoast SEO plugin. -->","yoast_head_json":{"title":"Kinkiet Interio IN\/20\/10\/2\/60\/R\/WL - Sklep Stylistic Cristal","robots":{"index":"index","follow":"follow","max-snippet":"max-snippet:-1","max-image-preview":"max-image-preview:large","max-video-preview":"max-video-preview:-1"},"canonical":"https:\/\/stylisticcristal.pl\/sklep\/produkty\/kinkiety\/kinkiet-interio-in-20-10-2-60-r-wl\/","og_locale":"pl_PL","og_type":"article","og_title":"Kinkiet Interio IN\/20\/10\/2\/60\/R\/WL - Sklep Stylistic Cristal","og_description":"Interio to kolekcja dedykowana mi\u0142o\u015bnikom nowoczesnych rozwi\u0105za\u0144 we wn\u0119trzach. Stanowi po\u0142\u0105czenie wsp\u00f3\u0142czesnego designu i ponadczasowego rzemios\u0142a. To stylowa elegancja szyta na miar\u0119 potrzeb tych najbardziej wymagaj\u0105cych mi\u0142o\u015bnik\u00f3w wn\u0119trz. Niniejszy zbi\u00f3r lamp to katalogowe propozycje, kt\u00f3re mog\u0105 zosta\u0107 dopasowane do danego typu pomieszczenia i indywidualnych preferencji ka\u017cdego klienta.","og_url":"https:\/\/stylisticcristal.pl\/sklep\/produkty\/kinkiety\/kinkiet-interio-in-20-10-2-60-r-wl\/","og_site_name":"Sklep Stylistic Cristal","article_modified_time":"2024-04-18T08:49:30+00:00","og_image":[{"width":1200,"height":1200,"url":"https:\/\/stylisticcristal.pl\/sklep\/wp-content\/uploads\/2024\/04\/37-interio-in-20-10-2-60r-wl-1.webp","type":"image\/webp"}],"twitter_card":"summary_large_image","twitter_misc":{"Szacowany czas czytania":"1 minuta"},"schema":{"@context":"https:\/\/schema.org","@graph":[{"@type":"WebPage","@id":"https:\/\/stylisticcristal.pl\/sklep\/produkty\/kinkiety\/kinkiet-interio-in-20-10-2-60-r-wl\/","url":"https:\/\/stylisticcristal.pl\/sklep\/produkty\/kinkiety\/kinkiet-interio-in-20-10-2-60-r-wl\/","name":"Kinkiet Interio IN\/20\/10\/2\/60\/R\/WL - Sklep Stylistic Cristal","isPartOf":{"@id":"https:\/\/stylisticcristal.pl\/sklep\/#website"},"primaryImageOfPage":{"@id":"https:\/\/stylisticcristal.pl\/sklep\/produkty\/kinkiety\/kinkiet-interio-in-20-10-2-60-r-wl\/#primaryimage"},"image":{"@id":"https:\/\/stylisticcristal.pl\/sklep\/produkty\/kinkiety\/kinkiet-interio-in-20-10-2-60-r-wl\/#primaryimage"},"thumbnailUrl":"https:\/\/stylisticcristal.pl\/sklep\/wp-content\/uploads\/2024\/04\/37-interio-in-20-10-2-60r-wl-1.webp","datePublished":"2024-04-18T08:46:38+00:00","dateModified":"2024-04-18T08:49:30+00:00","breadcrumb":{"@id":"https:\/\/stylisticcristal.pl\/sklep\/produkty\/kinkiety\/kinkiet-interio-in-20-10-2-60-r-wl\/#breadcrumb"},"inLanguage":"pl-PL","potentialAction":[{"@type":"ReadAction","target":["https:\/\/stylisticcristal.pl\/sklep\/produkty\/kinkiety\/kinkiet-interio-in-20-10-2-60-r-wl\/"]}]},{"@type":"ImageObject","inLanguage":"pl-PL","@id":"https:\/\/stylisticcristal.pl\/sklep\/produkty\/kinkiety\/kinkiet-interio-in-20-10-2-60-r-wl\/#primaryimage","url":"https:\/\/stylisticcristal.pl\/sklep\/wp-content\/uploads\/2024\/04\/37-interio-in-20-10-2-60r-wl-1.webp","contentUrl":"https:\/\/stylisticcristal.pl\/sklep\/wp-content\/uploads\/2024\/04\/37-interio-in-20-10-2-60r-wl-1.webp","width":1200,"height":1200,"caption":"Nowoczesny, kryszta\u0142owy \u017cyrandol z kolekcji Interio"},{"@type":"BreadcrumbList","@id":"https:\/\/stylisticcristal.pl\/sklep\/produkty\/kinkiety\/kinkiet-interio-in-20-10-2-60-r-wl\/#breadcrumb","itemListElement":[{"@type":"ListItem","position":1,"name":"Home","item":"https:\/\/stylisticcristal.pl\/sklep\/"},{"@type":"ListItem","position":2,"name":"Produkty","item":"https:\/\/stylisticcristal.pl\/sklep\/produkty\/"},{"@type":"ListItem","position":3,"name":"Kinkiet Interio IN\/20\/10\/2\/60\/R\/WL"}]},{"@type":"WebSite","@id":"https:\/\/stylisticcristal.pl\/sklep\/#website","url":"https:\/\/stylisticcristal.pl\/sklep\/","name":"Sklep Stylistic Cristal","description":"\u017cyrandole kryszta\u0142owe - sklep z luksusowym o\u015bwietleniem wn\u0119trz","potentialAction":[{"@type":"SearchAction","target":{"@type":"EntryPoint","urlTemplate":"https:\/\/stylisticcristal.pl\/sklep\/?s={search_term_string}"},"query-input":{"@type":"PropertyValueSpecification","valueRequired":true,"valueName":"search_term_string"}}],"inLanguage":"pl-PL"}]}},"_links":{"self":[{"href":"https:\/\/stylisticcristal.pl\/sklep\/wp-json\/wp\/v2\/product\/3330","targetHints":{"allow":["GET"]}}],"collection":[{"href":"https:\/\/stylisticcristal.pl\/sklep\/wp-json\/wp\/v2\/product"}],"about":[{"href":"https:\/\/stylisticcristal.pl\/sklep\/wp-json\/wp\/v2\/types\/product"}],"wp:featuredmedia":[{"embeddable":true,"href":"https:\/\/stylisticcristal.pl\/sklep\/wp-json\/wp\/v2\/media\/2372"}],"wp:attachment":[{"href":"https:\/\/stylisticcristal.pl\/sklep\/wp-json\/wp\/v2\/media?parent=3330"}],"wp:term":[{"taxonomy":"product_brand","embeddable":true,"href":"https:\/\/stylisticcristal.pl\/sklep\/wp-json\/wp\/v2\/product_brand?post=3330"},{"taxonomy":"product_cat","embeddable":true,"href":"https:\/\/stylisticcristal.pl\/sklep\/wp-json\/wp\/v2\/product_cat?post=3330"},{"taxonomy":"product_tag","embeddable":true,"href":"https:\/\/stylisticcristal.pl\/sklep\/wp-json\/wp\/v2\/product_tag?post=3330"}],"curies":[{"name":"wp","href":"https:\/\/api.w.org\/{rel}","templated":true}]}}