{"id":3242,"date":"2024-04-16T12:44:30","date_gmt":"2024-04-16T10:44:30","guid":{"rendered":"https:\/\/stylisticcristal.pl\/sklep\/?post_type=product&#038;p=3242"},"modified":"2024-04-16T12:46:18","modified_gmt":"2024-04-16T10:46:18","slug":"zyrandol-ro-70-60","status":"publish","type":"product","link":"https:\/\/stylisticcristal.pl\/sklep\/produkty\/zyrandole\/zyrandol-ro-70-60\/","title":{"rendered":"\u017byrandol RO\/70\/60"},"content":{"rendered":"<div class=\"w-full sm:w-3\/4 lg:w-2\/3 2xl:w-1\/2\">\n<div class=\"w-full sm:w-3\/4 lg:w-2\/3 2xl:w-1\/2\">\n<div class=\"w-full sm:w-3\/4 lg:w-2\/3 2xl:w-1\/2\">Kolekcja klasycznych \u017cyrandoli mosi\u0119\u017cnych to o\u015bwietlenie przeznaczone przede wszystkim wn\u0119trzom tradycyjnym oraz pa\u0142acowym. W tej kategorii znajduj\u0105 si\u0119 r\u00f3wnie\u017c propozycje niezwykle unikatowe i klimatyczne, stworzone na podstawie inspiracji stylem neogotyckim.<\/div>\n<\/div>\n<\/div>\n","protected":false},"excerpt":{"rendered":"<p>Kolekcja klasycznych \u017cyrandoli mosi\u0119\u017cnych to o\u015bwietlenie przeznaczone przede wszystkim wn\u0119trzom tradycyjnym oraz pa\u0142acowym. W tej kategorii znajduj\u0105 si\u0119 r\u00f3wnie\u017c propozycje niezwykle unikatowe i klimatyczne, stworzone na podstawie inspiracji stylem neogotyckim.<\/p>\n","protected":false},"featured_media":3093,"template":"","meta":[],"product_brand":[],"product_cat":[15],"product_tag":[248],"class_list":{"0":"post-3242","1":"product","2":"type-product","3":"status-publish","4":"has-post-thumbnail","6":"product_cat-zyrandole","7":"product_tag-kolekcja-klasyczna","8":"product_shipping_class-standardowa","10":"first","11":"instock","12":"taxable","13":"shipping-taxable","14":"purchasable","15":"product-type-variable"},"yoast_head":"<!-- This site is optimized with the Yoast SEO plugin v27.3 - https:\/\/yoast.com\/product\/yoast-seo-wordpress\/ -->\n<title>\u017byrandol RO\/70\/60 - Sklep Stylistic Cristal<\/title>\n<meta name=\"robots\" content=\"index, follow, max-snippet:-1, max-image-preview:large, max-video-preview:-1\" \/>\n<link rel=\"canonical\" href=\"https:\/\/stylisticcristal.pl\/sklep\/produkty\/zyrandole\/zyrandol-ro-70-60\/\" \/>\n<meta property=\"og:locale\" content=\"pl_PL\" \/>\n<meta property=\"og:type\" content=\"article\" \/>\n<meta property=\"og:title\" content=\"\u017byrandol RO\/70\/60 - Sklep Stylistic Cristal\" \/>\n<meta property=\"og:description\" content=\"Kolekcja klasycznych \u017cyrandoli mosi\u0119\u017cnych to o\u015bwietlenie przeznaczone przede wszystkim wn\u0119trzom tradycyjnym oraz pa\u0142acowym. W tej kategorii znajduj\u0105 si\u0119 r\u00f3wnie\u017c propozycje niezwykle unikatowe i klimatyczne, stworzone na podstawie inspiracji stylem neogotyckim.\" \/>\n<meta property=\"og:url\" content=\"https:\/\/stylisticcristal.pl\/sklep\/produkty\/zyrandole\/zyrandol-ro-70-60\/\" \/>\n<meta property=\"og:site_name\" content=\"Sklep Stylistic Cristal\" \/>\n<meta property=\"article:modified_time\" content=\"2024-04-16T10:46:18+00:00\" \/>\n<meta property=\"og:image\" content=\"https:\/\/stylisticcristal.pl\/sklep\/wp-content\/uploads\/2024\/04\/Robin-70-h-60-2-1200x1195-1.webp\" \/>\n\t<meta property=\"og:image:width\" content=\"500\" \/>\n\t<meta property=\"og:image:height\" content=\"500\" \/>\n\t<meta property=\"og:image:type\" content=\"image\/webp\" \/>\n<meta name=\"twitter:card\" content=\"summary_large_image\" \/>\n<meta name=\"twitter:label1\" content=\"Szacowany czas czytania\" \/>\n\t<meta name=\"twitter:data1\" content=\"1 minuta\" \/>\n<script type=\"application\/ld+json\" class=\"yoast-schema-graph\">{\"@context\":\"https:\\\/\\\/schema.org\",\"@graph\":[{\"@type\":\"WebPage\",\"@id\":\"https:\\\/\\\/stylisticcristal.pl\\\/sklep\\\/produkty\\\/zyrandole\\\/zyrandol-ro-70-60\\\/\",\"url\":\"https:\\\/\\\/stylisticcristal.pl\\\/sklep\\\/produkty\\\/zyrandole\\\/zyrandol-ro-70-60\\\/\",\"name\":\"\u017byrandol RO\\\/70\\\/60 - Sklep Stylistic Cristal\",\"isPartOf\":{\"@id\":\"https:\\\/\\\/stylisticcristal.pl\\\/sklep\\\/#website\"},\"primaryImageOfPage\":{\"@id\":\"https:\\\/\\\/stylisticcristal.pl\\\/sklep\\\/produkty\\\/zyrandole\\\/zyrandol-ro-70-60\\\/#primaryimage\"},\"image\":{\"@id\":\"https:\\\/\\\/stylisticcristal.pl\\\/sklep\\\/produkty\\\/zyrandole\\\/zyrandol-ro-70-60\\\/#primaryimage\"},\"thumbnailUrl\":\"https:\\\/\\\/stylisticcristal.pl\\\/sklep\\\/wp-content\\\/uploads\\\/2024\\\/04\\\/Robin-70-h-60-2-1200x1195-1.webp\",\"datePublished\":\"2024-04-16T10:44:30+00:00\",\"dateModified\":\"2024-04-16T10:46:18+00:00\",\"breadcrumb\":{\"@id\":\"https:\\\/\\\/stylisticcristal.pl\\\/sklep\\\/produkty\\\/zyrandole\\\/zyrandol-ro-70-60\\\/#breadcrumb\"},\"inLanguage\":\"pl-PL\",\"potentialAction\":[{\"@type\":\"ReadAction\",\"target\":[\"https:\\\/\\\/stylisticcristal.pl\\\/sklep\\\/produkty\\\/zyrandole\\\/zyrandol-ro-70-60\\\/\"]}]},{\"@type\":\"ImageObject\",\"inLanguage\":\"pl-PL\",\"@id\":\"https:\\\/\\\/stylisticcristal.pl\\\/sklep\\\/produkty\\\/zyrandole\\\/zyrandol-ro-70-60\\\/#primaryimage\",\"url\":\"https:\\\/\\\/stylisticcristal.pl\\\/sklep\\\/wp-content\\\/uploads\\\/2024\\\/04\\\/Robin-70-h-60-2-1200x1195-1.webp\",\"contentUrl\":\"https:\\\/\\\/stylisticcristal.pl\\\/sklep\\\/wp-content\\\/uploads\\\/2024\\\/04\\\/Robin-70-h-60-2-1200x1195-1.webp\",\"width\":500,\"height\":500,\"caption\":\"Kolekcja lamp klasycznych - \u017byrandol RO\\\/70\\\/60, Kryszta\u0142 austriacki, w\u0142oski\"},{\"@type\":\"BreadcrumbList\",\"@id\":\"https:\\\/\\\/stylisticcristal.pl\\\/sklep\\\/produkty\\\/zyrandole\\\/zyrandol-ro-70-60\\\/#breadcrumb\",\"itemListElement\":[{\"@type\":\"ListItem\",\"position\":1,\"name\":\"Home\",\"item\":\"https:\\\/\\\/stylisticcristal.pl\\\/sklep\\\/\"},{\"@type\":\"ListItem\",\"position\":2,\"name\":\"Produkty\",\"item\":\"https:\\\/\\\/stylisticcristal.pl\\\/sklep\\\/produkty\\\/\"},{\"@type\":\"ListItem\",\"position\":3,\"name\":\"\u017byrandol RO\\\/70\\\/60\"}]},{\"@type\":\"WebSite\",\"@id\":\"https:\\\/\\\/stylisticcristal.pl\\\/sklep\\\/#website\",\"url\":\"https:\\\/\\\/stylisticcristal.pl\\\/sklep\\\/\",\"name\":\"Sklep Stylistic Cristal\",\"description\":\"\u017cyrandole kryszta\u0142owe - sklep z luksusowym o\u015bwietleniem wn\u0119trz\",\"potentialAction\":[{\"@type\":\"SearchAction\",\"target\":{\"@type\":\"EntryPoint\",\"urlTemplate\":\"https:\\\/\\\/stylisticcristal.pl\\\/sklep\\\/?s={search_term_string}\"},\"query-input\":{\"@type\":\"PropertyValueSpecification\",\"valueRequired\":true,\"valueName\":\"search_term_string\"}}],\"inLanguage\":\"pl-PL\"}]}<\/script>\n<!-- \/ Yoast SEO plugin. -->","yoast_head_json":{"title":"\u017byrandol RO\/70\/60 - Sklep Stylistic Cristal","robots":{"index":"index","follow":"follow","max-snippet":"max-snippet:-1","max-image-preview":"max-image-preview:large","max-video-preview":"max-video-preview:-1"},"canonical":"https:\/\/stylisticcristal.pl\/sklep\/produkty\/zyrandole\/zyrandol-ro-70-60\/","og_locale":"pl_PL","og_type":"article","og_title":"\u017byrandol RO\/70\/60 - Sklep Stylistic Cristal","og_description":"Kolekcja klasycznych \u017cyrandoli mosi\u0119\u017cnych to o\u015bwietlenie przeznaczone przede wszystkim wn\u0119trzom tradycyjnym oraz pa\u0142acowym. W tej kategorii znajduj\u0105 si\u0119 r\u00f3wnie\u017c propozycje niezwykle unikatowe i klimatyczne, stworzone na podstawie inspiracji stylem neogotyckim.","og_url":"https:\/\/stylisticcristal.pl\/sklep\/produkty\/zyrandole\/zyrandol-ro-70-60\/","og_site_name":"Sklep Stylistic Cristal","article_modified_time":"2024-04-16T10:46:18+00:00","og_image":[{"width":500,"height":500,"url":"https:\/\/stylisticcristal.pl\/sklep\/wp-content\/uploads\/2024\/04\/Robin-70-h-60-2-1200x1195-1.webp","type":"image\/webp"}],"twitter_card":"summary_large_image","twitter_misc":{"Szacowany czas czytania":"1 minuta"},"schema":{"@context":"https:\/\/schema.org","@graph":[{"@type":"WebPage","@id":"https:\/\/stylisticcristal.pl\/sklep\/produkty\/zyrandole\/zyrandol-ro-70-60\/","url":"https:\/\/stylisticcristal.pl\/sklep\/produkty\/zyrandole\/zyrandol-ro-70-60\/","name":"\u017byrandol RO\/70\/60 - Sklep Stylistic Cristal","isPartOf":{"@id":"https:\/\/stylisticcristal.pl\/sklep\/#website"},"primaryImageOfPage":{"@id":"https:\/\/stylisticcristal.pl\/sklep\/produkty\/zyrandole\/zyrandol-ro-70-60\/#primaryimage"},"image":{"@id":"https:\/\/stylisticcristal.pl\/sklep\/produkty\/zyrandole\/zyrandol-ro-70-60\/#primaryimage"},"thumbnailUrl":"https:\/\/stylisticcristal.pl\/sklep\/wp-content\/uploads\/2024\/04\/Robin-70-h-60-2-1200x1195-1.webp","datePublished":"2024-04-16T10:44:30+00:00","dateModified":"2024-04-16T10:46:18+00:00","breadcrumb":{"@id":"https:\/\/stylisticcristal.pl\/sklep\/produkty\/zyrandole\/zyrandol-ro-70-60\/#breadcrumb"},"inLanguage":"pl-PL","potentialAction":[{"@type":"ReadAction","target":["https:\/\/stylisticcristal.pl\/sklep\/produkty\/zyrandole\/zyrandol-ro-70-60\/"]}]},{"@type":"ImageObject","inLanguage":"pl-PL","@id":"https:\/\/stylisticcristal.pl\/sklep\/produkty\/zyrandole\/zyrandol-ro-70-60\/#primaryimage","url":"https:\/\/stylisticcristal.pl\/sklep\/wp-content\/uploads\/2024\/04\/Robin-70-h-60-2-1200x1195-1.webp","contentUrl":"https:\/\/stylisticcristal.pl\/sklep\/wp-content\/uploads\/2024\/04\/Robin-70-h-60-2-1200x1195-1.webp","width":500,"height":500,"caption":"Kolekcja lamp klasycznych - \u017byrandol RO\/70\/60, Kryszta\u0142 austriacki, w\u0142oski"},{"@type":"BreadcrumbList","@id":"https:\/\/stylisticcristal.pl\/sklep\/produkty\/zyrandole\/zyrandol-ro-70-60\/#breadcrumb","itemListElement":[{"@type":"ListItem","position":1,"name":"Home","item":"https:\/\/stylisticcristal.pl\/sklep\/"},{"@type":"ListItem","position":2,"name":"Produkty","item":"https:\/\/stylisticcristal.pl\/sklep\/produkty\/"},{"@type":"ListItem","position":3,"name":"\u017byrandol RO\/70\/60"}]},{"@type":"WebSite","@id":"https:\/\/stylisticcristal.pl\/sklep\/#website","url":"https:\/\/stylisticcristal.pl\/sklep\/","name":"Sklep Stylistic Cristal","description":"\u017cyrandole kryszta\u0142owe - sklep z luksusowym o\u015bwietleniem wn\u0119trz","potentialAction":[{"@type":"SearchAction","target":{"@type":"EntryPoint","urlTemplate":"https:\/\/stylisticcristal.pl\/sklep\/?s={search_term_string}"},"query-input":{"@type":"PropertyValueSpecification","valueRequired":true,"valueName":"search_term_string"}}],"inLanguage":"pl-PL"}]}},"_links":{"self":[{"href":"https:\/\/stylisticcristal.pl\/sklep\/wp-json\/wp\/v2\/product\/3242","targetHints":{"allow":["GET"]}}],"collection":[{"href":"https:\/\/stylisticcristal.pl\/sklep\/wp-json\/wp\/v2\/product"}],"about":[{"href":"https:\/\/stylisticcristal.pl\/sklep\/wp-json\/wp\/v2\/types\/product"}],"wp:featuredmedia":[{"embeddable":true,"href":"https:\/\/stylisticcristal.pl\/sklep\/wp-json\/wp\/v2\/media\/3093"}],"wp:attachment":[{"href":"https:\/\/stylisticcristal.pl\/sklep\/wp-json\/wp\/v2\/media?parent=3242"}],"wp:term":[{"taxonomy":"product_brand","embeddable":true,"href":"https:\/\/stylisticcristal.pl\/sklep\/wp-json\/wp\/v2\/product_brand?post=3242"},{"taxonomy":"product_cat","embeddable":true,"href":"https:\/\/stylisticcristal.pl\/sklep\/wp-json\/wp\/v2\/product_cat?post=3242"},{"taxonomy":"product_tag","embeddable":true,"href":"https:\/\/stylisticcristal.pl\/sklep\/wp-json\/wp\/v2\/product_tag?post=3242"}],"curies":[{"name":"wp","href":"https:\/\/api.w.org\/{rel}","templated":true}]}}