{"id":2846,"date":"2024-04-15T13:28:17","date_gmt":"2024-04-15T11:28:17","guid":{"rendered":"https:\/\/stylisticcristal.pl\/sklep\/?post_type=product&#038;p=2846"},"modified":"2024-04-15T13:30:10","modified_gmt":"2024-04-15T11:30:10","slug":"zyrandol-paris-pa-80-120-d","status":"publish","type":"product","link":"https:\/\/stylisticcristal.pl\/sklep\/produkty\/zyrandole\/zyrandol-paris-pa-80-120-d\/","title":{"rendered":"\u017byrandol Paris PA\/80\/120\/D"},"content":{"rendered":"<div class=\"w-full sm:w-3\/4 lg:w-2\/3 2xl:w-1\/2\">\n<div class=\"w-full sm:w-3\/4 lg:w-2\/3 2xl:w-1\/2\">\n<div class=\"w-full sm:w-3\/4 lg:w-2\/3 2xl:w-1\/2\">Kolekcja Paris to ekskluzywne \u017cyrandole kryszta\u0142owe inspirowane pa\u0142acowym stylem \u015bredniowiecznej Francji \u2013 mimo \u017ce uj\u0119te w nowoczesnej klasycznej formie, wci\u0105\u017c pozostaj\u0105 ponadczasow\u0105 ikon\u0105. Wszystkie lampy (stoj\u0105ce, wisz\u0105ce, kinkiety) mo\u017cna dowolnie modyfikowa\u0107 zmieniaj\u0105c ich wysoko\u015b\u0107, \u015brednic\u0119 oraz dodatki, co sprawia, \u017ce nasze o\u015bwietlenie jest odpowiedzi\u0105 na potrzeby nawet tych najbardziej wymagaj\u0105cych wn\u0119trz.<\/div>\n<\/div>\n<\/div>\n","protected":false},"excerpt":{"rendered":"<p>Kolekcja Paris to ekskluzywne \u017cyrandole kryszta\u0142owe inspirowane pa\u0142acowym stylem \u015bredniowiecznej Francji \u2013 mimo \u017ce uj\u0119te w nowoczesnej klasycznej formie, wci\u0105\u017c pozostaj\u0105 ponadczasow\u0105 ikon\u0105. Wszystkie lampy (stoj\u0105ce, wisz\u0105ce, kinkiety) mo\u017cna dowolnie modyfikowa\u0107 zmieniaj\u0105c ich wysoko\u015b\u0107, \u015brednic\u0119 oraz dodatki, co sprawia, \u017ce nasze o\u015bwietlenie jest odpowiedzi\u0105 na potrzeby nawet tych najbardziej wymagaj\u0105cych wn\u0119trz.<\/p>\n","protected":false},"featured_media":2716,"template":"","meta":[],"product_brand":[],"product_cat":[15],"product_tag":[247],"class_list":{"0":"post-2846","1":"product","2":"type-product","3":"status-publish","4":"has-post-thumbnail","6":"product_cat-zyrandole","7":"product_tag-kolekcja-paris","8":"product_shipping_class-standardowa","10":"first","11":"instock","12":"taxable","13":"shipping-taxable","14":"purchasable","15":"product-type-variable"},"yoast_head":"<!-- This site is optimized with the Yoast SEO plugin v27.3 - https:\/\/yoast.com\/product\/yoast-seo-wordpress\/ -->\n<title>\u017byrandol Paris PA\/80\/120\/D - Sklep Stylistic Cristal<\/title>\n<meta name=\"robots\" content=\"index, follow, max-snippet:-1, max-image-preview:large, max-video-preview:-1\" \/>\n<link rel=\"canonical\" href=\"https:\/\/stylisticcristal.pl\/sklep\/produkty\/zyrandole\/zyrandol-paris-pa-80-120-d\/\" \/>\n<meta property=\"og:locale\" content=\"pl_PL\" \/>\n<meta property=\"og:type\" content=\"article\" \/>\n<meta property=\"og:title\" content=\"\u017byrandol Paris PA\/80\/120\/D - Sklep Stylistic Cristal\" \/>\n<meta property=\"og:description\" content=\"Kolekcja Paris to ekskluzywne \u017cyrandole kryszta\u0142owe inspirowane pa\u0142acowym stylem \u015bredniowiecznej Francji \u2013 mimo \u017ce uj\u0119te w nowoczesnej klasycznej formie, wci\u0105\u017c pozostaj\u0105 ponadczasow\u0105 ikon\u0105. Wszystkie lampy (stoj\u0105ce, wisz\u0105ce, kinkiety) mo\u017cna dowolnie modyfikowa\u0107 zmieniaj\u0105c ich wysoko\u015b\u0107, \u015brednic\u0119 oraz dodatki, co sprawia, \u017ce nasze o\u015bwietlenie jest odpowiedzi\u0105 na potrzeby nawet tych najbardziej wymagaj\u0105cych wn\u0119trz.\" \/>\n<meta property=\"og:url\" content=\"https:\/\/stylisticcristal.pl\/sklep\/produkty\/zyrandole\/zyrandol-paris-pa-80-120-d\/\" \/>\n<meta property=\"og:site_name\" content=\"Sklep Stylistic Cristal\" \/>\n<meta property=\"article:modified_time\" content=\"2024-04-15T11:30:10+00:00\" \/>\n<meta property=\"og:image\" content=\"https:\/\/stylisticcristal.pl\/sklep\/wp-content\/uploads\/2024\/04\/paris-double-80h-120-n-846x1200-1.webp\" \/>\n\t<meta property=\"og:image:width\" content=\"1200\" \/>\n\t<meta property=\"og:image:height\" content=\"1200\" \/>\n\t<meta property=\"og:image:type\" content=\"image\/webp\" \/>\n<meta name=\"twitter:card\" content=\"summary_large_image\" \/>\n<meta name=\"twitter:label1\" content=\"Szacowany czas czytania\" \/>\n\t<meta name=\"twitter:data1\" content=\"1 minuta\" \/>\n<script type=\"application\/ld+json\" class=\"yoast-schema-graph\">{\"@context\":\"https:\\\/\\\/schema.org\",\"@graph\":[{\"@type\":\"WebPage\",\"@id\":\"https:\\\/\\\/stylisticcristal.pl\\\/sklep\\\/produkty\\\/zyrandole\\\/zyrandol-paris-pa-80-120-d\\\/\",\"url\":\"https:\\\/\\\/stylisticcristal.pl\\\/sklep\\\/produkty\\\/zyrandole\\\/zyrandol-paris-pa-80-120-d\\\/\",\"name\":\"\u017byrandol Paris PA\\\/80\\\/120\\\/D - Sklep Stylistic Cristal\",\"isPartOf\":{\"@id\":\"https:\\\/\\\/stylisticcristal.pl\\\/sklep\\\/#website\"},\"primaryImageOfPage\":{\"@id\":\"https:\\\/\\\/stylisticcristal.pl\\\/sklep\\\/produkty\\\/zyrandole\\\/zyrandol-paris-pa-80-120-d\\\/#primaryimage\"},\"image\":{\"@id\":\"https:\\\/\\\/stylisticcristal.pl\\\/sklep\\\/produkty\\\/zyrandole\\\/zyrandol-paris-pa-80-120-d\\\/#primaryimage\"},\"thumbnailUrl\":\"https:\\\/\\\/stylisticcristal.pl\\\/sklep\\\/wp-content\\\/uploads\\\/2024\\\/04\\\/paris-double-80h-120-n-846x1200-1.webp\",\"datePublished\":\"2024-04-15T11:28:17+00:00\",\"dateModified\":\"2024-04-15T11:30:10+00:00\",\"breadcrumb\":{\"@id\":\"https:\\\/\\\/stylisticcristal.pl\\\/sklep\\\/produkty\\\/zyrandole\\\/zyrandol-paris-pa-80-120-d\\\/#breadcrumb\"},\"inLanguage\":\"pl-PL\",\"potentialAction\":[{\"@type\":\"ReadAction\",\"target\":[\"https:\\\/\\\/stylisticcristal.pl\\\/sklep\\\/produkty\\\/zyrandole\\\/zyrandol-paris-pa-80-120-d\\\/\"]}]},{\"@type\":\"ImageObject\",\"inLanguage\":\"pl-PL\",\"@id\":\"https:\\\/\\\/stylisticcristal.pl\\\/sklep\\\/produkty\\\/zyrandole\\\/zyrandol-paris-pa-80-120-d\\\/#primaryimage\",\"url\":\"https:\\\/\\\/stylisticcristal.pl\\\/sklep\\\/wp-content\\\/uploads\\\/2024\\\/04\\\/paris-double-80h-120-n-846x1200-1.webp\",\"contentUrl\":\"https:\\\/\\\/stylisticcristal.pl\\\/sklep\\\/wp-content\\\/uploads\\\/2024\\\/04\\\/paris-double-80h-120-n-846x1200-1.webp\",\"width\":1200,\"height\":1200,\"caption\":\"Ekskluzywna, pa\u0142acowa lampa z kolekcji Paris, kryszta\u0142owy \u017cyrandol 120 cm\"},{\"@type\":\"BreadcrumbList\",\"@id\":\"https:\\\/\\\/stylisticcristal.pl\\\/sklep\\\/produkty\\\/zyrandole\\\/zyrandol-paris-pa-80-120-d\\\/#breadcrumb\",\"itemListElement\":[{\"@type\":\"ListItem\",\"position\":1,\"name\":\"Home\",\"item\":\"https:\\\/\\\/stylisticcristal.pl\\\/sklep\\\/\"},{\"@type\":\"ListItem\",\"position\":2,\"name\":\"Produkty\",\"item\":\"https:\\\/\\\/stylisticcristal.pl\\\/sklep\\\/produkty\\\/\"},{\"@type\":\"ListItem\",\"position\":3,\"name\":\"\u017byrandol Paris PA\\\/80\\\/120\\\/D\"}]},{\"@type\":\"WebSite\",\"@id\":\"https:\\\/\\\/stylisticcristal.pl\\\/sklep\\\/#website\",\"url\":\"https:\\\/\\\/stylisticcristal.pl\\\/sklep\\\/\",\"name\":\"Sklep Stylistic Cristal\",\"description\":\"\u017cyrandole kryszta\u0142owe - sklep z luksusowym o\u015bwietleniem wn\u0119trz\",\"potentialAction\":[{\"@type\":\"SearchAction\",\"target\":{\"@type\":\"EntryPoint\",\"urlTemplate\":\"https:\\\/\\\/stylisticcristal.pl\\\/sklep\\\/?s={search_term_string}\"},\"query-input\":{\"@type\":\"PropertyValueSpecification\",\"valueRequired\":true,\"valueName\":\"search_term_string\"}}],\"inLanguage\":\"pl-PL\"}]}<\/script>\n<!-- \/ Yoast SEO plugin. -->","yoast_head_json":{"title":"\u017byrandol Paris PA\/80\/120\/D - Sklep Stylistic Cristal","robots":{"index":"index","follow":"follow","max-snippet":"max-snippet:-1","max-image-preview":"max-image-preview:large","max-video-preview":"max-video-preview:-1"},"canonical":"https:\/\/stylisticcristal.pl\/sklep\/produkty\/zyrandole\/zyrandol-paris-pa-80-120-d\/","og_locale":"pl_PL","og_type":"article","og_title":"\u017byrandol Paris PA\/80\/120\/D - Sklep Stylistic Cristal","og_description":"Kolekcja Paris to ekskluzywne \u017cyrandole kryszta\u0142owe inspirowane pa\u0142acowym stylem \u015bredniowiecznej Francji \u2013 mimo \u017ce uj\u0119te w nowoczesnej klasycznej formie, wci\u0105\u017c pozostaj\u0105 ponadczasow\u0105 ikon\u0105. Wszystkie lampy (stoj\u0105ce, wisz\u0105ce, kinkiety) mo\u017cna dowolnie modyfikowa\u0107 zmieniaj\u0105c ich wysoko\u015b\u0107, \u015brednic\u0119 oraz dodatki, co sprawia, \u017ce nasze o\u015bwietlenie jest odpowiedzi\u0105 na potrzeby nawet tych najbardziej wymagaj\u0105cych wn\u0119trz.","og_url":"https:\/\/stylisticcristal.pl\/sklep\/produkty\/zyrandole\/zyrandol-paris-pa-80-120-d\/","og_site_name":"Sklep Stylistic Cristal","article_modified_time":"2024-04-15T11:30:10+00:00","og_image":[{"width":1200,"height":1200,"url":"https:\/\/stylisticcristal.pl\/sklep\/wp-content\/uploads\/2024\/04\/paris-double-80h-120-n-846x1200-1.webp","type":"image\/webp"}],"twitter_card":"summary_large_image","twitter_misc":{"Szacowany czas czytania":"1 minuta"},"schema":{"@context":"https:\/\/schema.org","@graph":[{"@type":"WebPage","@id":"https:\/\/stylisticcristal.pl\/sklep\/produkty\/zyrandole\/zyrandol-paris-pa-80-120-d\/","url":"https:\/\/stylisticcristal.pl\/sklep\/produkty\/zyrandole\/zyrandol-paris-pa-80-120-d\/","name":"\u017byrandol Paris PA\/80\/120\/D - Sklep Stylistic Cristal","isPartOf":{"@id":"https:\/\/stylisticcristal.pl\/sklep\/#website"},"primaryImageOfPage":{"@id":"https:\/\/stylisticcristal.pl\/sklep\/produkty\/zyrandole\/zyrandol-paris-pa-80-120-d\/#primaryimage"},"image":{"@id":"https:\/\/stylisticcristal.pl\/sklep\/produkty\/zyrandole\/zyrandol-paris-pa-80-120-d\/#primaryimage"},"thumbnailUrl":"https:\/\/stylisticcristal.pl\/sklep\/wp-content\/uploads\/2024\/04\/paris-double-80h-120-n-846x1200-1.webp","datePublished":"2024-04-15T11:28:17+00:00","dateModified":"2024-04-15T11:30:10+00:00","breadcrumb":{"@id":"https:\/\/stylisticcristal.pl\/sklep\/produkty\/zyrandole\/zyrandol-paris-pa-80-120-d\/#breadcrumb"},"inLanguage":"pl-PL","potentialAction":[{"@type":"ReadAction","target":["https:\/\/stylisticcristal.pl\/sklep\/produkty\/zyrandole\/zyrandol-paris-pa-80-120-d\/"]}]},{"@type":"ImageObject","inLanguage":"pl-PL","@id":"https:\/\/stylisticcristal.pl\/sklep\/produkty\/zyrandole\/zyrandol-paris-pa-80-120-d\/#primaryimage","url":"https:\/\/stylisticcristal.pl\/sklep\/wp-content\/uploads\/2024\/04\/paris-double-80h-120-n-846x1200-1.webp","contentUrl":"https:\/\/stylisticcristal.pl\/sklep\/wp-content\/uploads\/2024\/04\/paris-double-80h-120-n-846x1200-1.webp","width":1200,"height":1200,"caption":"Ekskluzywna, pa\u0142acowa lampa z kolekcji Paris, kryszta\u0142owy \u017cyrandol 120 cm"},{"@type":"BreadcrumbList","@id":"https:\/\/stylisticcristal.pl\/sklep\/produkty\/zyrandole\/zyrandol-paris-pa-80-120-d\/#breadcrumb","itemListElement":[{"@type":"ListItem","position":1,"name":"Home","item":"https:\/\/stylisticcristal.pl\/sklep\/"},{"@type":"ListItem","position":2,"name":"Produkty","item":"https:\/\/stylisticcristal.pl\/sklep\/produkty\/"},{"@type":"ListItem","position":3,"name":"\u017byrandol Paris PA\/80\/120\/D"}]},{"@type":"WebSite","@id":"https:\/\/stylisticcristal.pl\/sklep\/#website","url":"https:\/\/stylisticcristal.pl\/sklep\/","name":"Sklep Stylistic Cristal","description":"\u017cyrandole kryszta\u0142owe - sklep z luksusowym o\u015bwietleniem wn\u0119trz","potentialAction":[{"@type":"SearchAction","target":{"@type":"EntryPoint","urlTemplate":"https:\/\/stylisticcristal.pl\/sklep\/?s={search_term_string}"},"query-input":{"@type":"PropertyValueSpecification","valueRequired":true,"valueName":"search_term_string"}}],"inLanguage":"pl-PL"}]}},"_links":{"self":[{"href":"https:\/\/stylisticcristal.pl\/sklep\/wp-json\/wp\/v2\/product\/2846","targetHints":{"allow":["GET"]}}],"collection":[{"href":"https:\/\/stylisticcristal.pl\/sklep\/wp-json\/wp\/v2\/product"}],"about":[{"href":"https:\/\/stylisticcristal.pl\/sklep\/wp-json\/wp\/v2\/types\/product"}],"wp:featuredmedia":[{"embeddable":true,"href":"https:\/\/stylisticcristal.pl\/sklep\/wp-json\/wp\/v2\/media\/2716"}],"wp:attachment":[{"href":"https:\/\/stylisticcristal.pl\/sklep\/wp-json\/wp\/v2\/media?parent=2846"}],"wp:term":[{"taxonomy":"product_brand","embeddable":true,"href":"https:\/\/stylisticcristal.pl\/sklep\/wp-json\/wp\/v2\/product_brand?post=2846"},{"taxonomy":"product_cat","embeddable":true,"href":"https:\/\/stylisticcristal.pl\/sklep\/wp-json\/wp\/v2\/product_cat?post=2846"},{"taxonomy":"product_tag","embeddable":true,"href":"https:\/\/stylisticcristal.pl\/sklep\/wp-json\/wp\/v2\/product_tag?post=2846"}],"curies":[{"name":"wp","href":"https:\/\/api.w.org\/{rel}","templated":true}]}}