{"id":2314,"date":"2024-04-12T11:05:24","date_gmt":"2024-04-12T09:05:24","guid":{"rendered":"https:\/\/stylisticcristal.pl\/sklep\/?post_type=product&#038;p=2314"},"modified":"2024-04-12T11:05:24","modified_gmt":"2024-04-12T09:05:24","slug":"kinkiet-galant-ga-120-12-2-15-ks-wl","status":"publish","type":"product","link":"https:\/\/stylisticcristal.pl\/sklep\/produkty\/kinkiety\/kinkiet-galant-ga-120-12-2-15-ks-wl\/","title":{"rendered":"Kinkiet Galant GA\/120\/12\/2\/15\/KS\/WL"},"content":{"rendered":"<div class=\"w-full sm:w-3\/4 lg:w-2\/3 2xl:w-1\/2\">\n<p>Galant to kolekcja nowoczesnych lamp kryszta\u0142owych, dedykowana przede wszystkim nowoczesnym aran\u017cacjom we wn\u0119trzach. Doskonale sprawdzi si\u0119 r\u00f3wnie\u017c w przestrzeniach urz\u0105dzonych w stylu glamour czy klasycznej elegancji. Dost\u0119pne s\u0105 r\u00f3\u017cne kszta\u0142ty: geometryczne kwadratowe, okr\u0105g\u0142e oraz mniej standardowe \u2013 \u0142\u00f3dki, a tak\u017ce wiele rodzaj\u00f3w lamp, np. wisz\u0105ce, plafony, gabinet\u00f3wki oraz kinkiety.<\/p>\n<\/div>\n","protected":false},"excerpt":{"rendered":"<p>Galant to kolekcja nowoczesnych lamp kryszta\u0142owych, dedykowana przede wszystkim nowoczesnym aran\u017cacjom we wn\u0119trzach. Doskonale sprawdzi si\u0119 r\u00f3wnie\u017c w przestrzeniach urz\u0105dzonych w stylu glamour czy klasycznej elegancji. Dost\u0119pne s\u0105 r\u00f3\u017cne kszta\u0142ty: geometryczne kwadratowe, okr\u0105g\u0142e oraz mniej standardowe \u2013 \u0142\u00f3dki, a tak\u017ce wiele rodzaj\u00f3w lamp, np. wisz\u0105ce, plafony, gabinet\u00f3wki oraz kinkiety.<\/p>\n","protected":false},"featured_media":2243,"template":"","meta":[],"product_brand":[],"product_cat":[160],"product_tag":[245],"class_list":{"0":"post-2314","1":"product","2":"type-product","3":"status-publish","4":"has-post-thumbnail","6":"product_cat-kinkiety","7":"product_tag-kolekcja-galant","8":"product_shipping_class-standardowa","10":"first","11":"instock","12":"taxable","13":"shipping-taxable","14":"purchasable","15":"product-type-variable"},"yoast_head":"<!-- This site is optimized with the Yoast SEO plugin v27.3 - https:\/\/yoast.com\/product\/yoast-seo-wordpress\/ -->\n<title>Kinkiet Galant GA\/120\/12\/2\/15\/KS\/WL - Sklep Stylistic Cristal<\/title>\n<meta name=\"robots\" content=\"index, follow, max-snippet:-1, max-image-preview:large, max-video-preview:-1\" \/>\n<link rel=\"canonical\" href=\"https:\/\/stylisticcristal.pl\/sklep\/produkty\/kinkiety\/kinkiet-galant-ga-120-12-2-15-ks-wl\/\" \/>\n<meta property=\"og:locale\" content=\"pl_PL\" \/>\n<meta property=\"og:type\" content=\"article\" \/>\n<meta property=\"og:title\" content=\"Kinkiet Galant GA\/120\/12\/2\/15\/KS\/WL - Sklep Stylistic Cristal\" \/>\n<meta property=\"og:description\" content=\"Galant to kolekcja nowoczesnych lamp kryszta\u0142owych, dedykowana przede wszystkim nowoczesnym aran\u017cacjom we wn\u0119trzach. Doskonale sprawdzi si\u0119 r\u00f3wnie\u017c w przestrzeniach urz\u0105dzonych w stylu glamour czy klasycznej elegancji. Dost\u0119pne s\u0105 r\u00f3\u017cne kszta\u0142ty: geometryczne kwadratowe, okr\u0105g\u0142e oraz mniej standardowe \u2013 \u0142\u00f3dki, a tak\u017ce wiele rodzaj\u00f3w lamp, np. wisz\u0105ce, plafony, gabinet\u00f3wki oraz kinkiety.\" \/>\n<meta property=\"og:url\" content=\"https:\/\/stylisticcristal.pl\/sklep\/produkty\/kinkiety\/kinkiet-galant-ga-120-12-2-15-ks-wl\/\" \/>\n<meta property=\"og:site_name\" content=\"Sklep Stylistic Cristal\" \/>\n<meta property=\"og:image\" content=\"https:\/\/stylisticcristal.pl\/sklep\/wp-content\/uploads\/2024\/04\/Kinkiet-Galant-120x12-h-15-kwadraty-i-sztabki-chrom-2-1200x153-1.webp\" \/>\n\t<meta property=\"og:image:width\" content=\"600\" \/>\n\t<meta property=\"og:image:height\" content=\"600\" \/>\n\t<meta property=\"og:image:type\" content=\"image\/webp\" \/>\n<meta name=\"twitter:card\" content=\"summary_large_image\" \/>\n<meta name=\"twitter:label1\" content=\"Szacowany czas czytania\" \/>\n\t<meta name=\"twitter:data1\" content=\"1 minuta\" \/>\n<script type=\"application\/ld+json\" class=\"yoast-schema-graph\">{\"@context\":\"https:\\\/\\\/schema.org\",\"@graph\":[{\"@type\":\"WebPage\",\"@id\":\"https:\\\/\\\/stylisticcristal.pl\\\/sklep\\\/produkty\\\/kinkiety\\\/kinkiet-galant-ga-120-12-2-15-ks-wl\\\/\",\"url\":\"https:\\\/\\\/stylisticcristal.pl\\\/sklep\\\/produkty\\\/kinkiety\\\/kinkiet-galant-ga-120-12-2-15-ks-wl\\\/\",\"name\":\"Kinkiet Galant GA\\\/120\\\/12\\\/2\\\/15\\\/KS\\\/WL - Sklep Stylistic Cristal\",\"isPartOf\":{\"@id\":\"https:\\\/\\\/stylisticcristal.pl\\\/sklep\\\/#website\"},\"primaryImageOfPage\":{\"@id\":\"https:\\\/\\\/stylisticcristal.pl\\\/sklep\\\/produkty\\\/kinkiety\\\/kinkiet-galant-ga-120-12-2-15-ks-wl\\\/#primaryimage\"},\"image\":{\"@id\":\"https:\\\/\\\/stylisticcristal.pl\\\/sklep\\\/produkty\\\/kinkiety\\\/kinkiet-galant-ga-120-12-2-15-ks-wl\\\/#primaryimage\"},\"thumbnailUrl\":\"https:\\\/\\\/stylisticcristal.pl\\\/sklep\\\/wp-content\\\/uploads\\\/2024\\\/04\\\/Kinkiet-Galant-120x12-h-15-kwadraty-i-sztabki-chrom-2-1200x153-1.webp\",\"datePublished\":\"2024-04-12T09:05:24+00:00\",\"breadcrumb\":{\"@id\":\"https:\\\/\\\/stylisticcristal.pl\\\/sklep\\\/produkty\\\/kinkiety\\\/kinkiet-galant-ga-120-12-2-15-ks-wl\\\/#breadcrumb\"},\"inLanguage\":\"pl-PL\",\"potentialAction\":[{\"@type\":\"ReadAction\",\"target\":[\"https:\\\/\\\/stylisticcristal.pl\\\/sklep\\\/produkty\\\/kinkiety\\\/kinkiet-galant-ga-120-12-2-15-ks-wl\\\/\"]}]},{\"@type\":\"ImageObject\",\"inLanguage\":\"pl-PL\",\"@id\":\"https:\\\/\\\/stylisticcristal.pl\\\/sklep\\\/produkty\\\/kinkiety\\\/kinkiet-galant-ga-120-12-2-15-ks-wl\\\/#primaryimage\",\"url\":\"https:\\\/\\\/stylisticcristal.pl\\\/sklep\\\/wp-content\\\/uploads\\\/2024\\\/04\\\/Kinkiet-Galant-120x12-h-15-kwadraty-i-sztabki-chrom-2-1200x153-1.webp\",\"contentUrl\":\"https:\\\/\\\/stylisticcristal.pl\\\/sklep\\\/wp-content\\\/uploads\\\/2024\\\/04\\\/Kinkiet-Galant-120x12-h-15-kwadraty-i-sztabki-chrom-2-1200x153-1.webp\",\"width\":600,\"height\":600,\"caption\":\"Nowoczesny, kryszta\u0142owy kinkiet z kolekcji Galant\"},{\"@type\":\"BreadcrumbList\",\"@id\":\"https:\\\/\\\/stylisticcristal.pl\\\/sklep\\\/produkty\\\/kinkiety\\\/kinkiet-galant-ga-120-12-2-15-ks-wl\\\/#breadcrumb\",\"itemListElement\":[{\"@type\":\"ListItem\",\"position\":1,\"name\":\"Home\",\"item\":\"https:\\\/\\\/stylisticcristal.pl\\\/sklep\\\/\"},{\"@type\":\"ListItem\",\"position\":2,\"name\":\"Produkty\",\"item\":\"https:\\\/\\\/stylisticcristal.pl\\\/sklep\\\/produkty\\\/\"},{\"@type\":\"ListItem\",\"position\":3,\"name\":\"Kinkiet Galant GA\\\/120\\\/12\\\/2\\\/15\\\/KS\\\/WL\"}]},{\"@type\":\"WebSite\",\"@id\":\"https:\\\/\\\/stylisticcristal.pl\\\/sklep\\\/#website\",\"url\":\"https:\\\/\\\/stylisticcristal.pl\\\/sklep\\\/\",\"name\":\"Sklep Stylistic Cristal\",\"description\":\"\u017cyrandole kryszta\u0142owe - sklep z luksusowym o\u015bwietleniem wn\u0119trz\",\"potentialAction\":[{\"@type\":\"SearchAction\",\"target\":{\"@type\":\"EntryPoint\",\"urlTemplate\":\"https:\\\/\\\/stylisticcristal.pl\\\/sklep\\\/?s={search_term_string}\"},\"query-input\":{\"@type\":\"PropertyValueSpecification\",\"valueRequired\":true,\"valueName\":\"search_term_string\"}}],\"inLanguage\":\"pl-PL\"}]}<\/script>\n<!-- \/ Yoast SEO plugin. -->","yoast_head_json":{"title":"Kinkiet Galant GA\/120\/12\/2\/15\/KS\/WL - Sklep Stylistic Cristal","robots":{"index":"index","follow":"follow","max-snippet":"max-snippet:-1","max-image-preview":"max-image-preview:large","max-video-preview":"max-video-preview:-1"},"canonical":"https:\/\/stylisticcristal.pl\/sklep\/produkty\/kinkiety\/kinkiet-galant-ga-120-12-2-15-ks-wl\/","og_locale":"pl_PL","og_type":"article","og_title":"Kinkiet Galant GA\/120\/12\/2\/15\/KS\/WL - Sklep Stylistic Cristal","og_description":"Galant to kolekcja nowoczesnych lamp kryszta\u0142owych, dedykowana przede wszystkim nowoczesnym aran\u017cacjom we wn\u0119trzach. Doskonale sprawdzi si\u0119 r\u00f3wnie\u017c w przestrzeniach urz\u0105dzonych w stylu glamour czy klasycznej elegancji. Dost\u0119pne s\u0105 r\u00f3\u017cne kszta\u0142ty: geometryczne kwadratowe, okr\u0105g\u0142e oraz mniej standardowe \u2013 \u0142\u00f3dki, a tak\u017ce wiele rodzaj\u00f3w lamp, np. wisz\u0105ce, plafony, gabinet\u00f3wki oraz kinkiety.","og_url":"https:\/\/stylisticcristal.pl\/sklep\/produkty\/kinkiety\/kinkiet-galant-ga-120-12-2-15-ks-wl\/","og_site_name":"Sklep Stylistic Cristal","og_image":[{"width":600,"height":600,"url":"https:\/\/stylisticcristal.pl\/sklep\/wp-content\/uploads\/2024\/04\/Kinkiet-Galant-120x12-h-15-kwadraty-i-sztabki-chrom-2-1200x153-1.webp","type":"image\/webp"}],"twitter_card":"summary_large_image","twitter_misc":{"Szacowany czas czytania":"1 minuta"},"schema":{"@context":"https:\/\/schema.org","@graph":[{"@type":"WebPage","@id":"https:\/\/stylisticcristal.pl\/sklep\/produkty\/kinkiety\/kinkiet-galant-ga-120-12-2-15-ks-wl\/","url":"https:\/\/stylisticcristal.pl\/sklep\/produkty\/kinkiety\/kinkiet-galant-ga-120-12-2-15-ks-wl\/","name":"Kinkiet Galant GA\/120\/12\/2\/15\/KS\/WL - Sklep Stylistic Cristal","isPartOf":{"@id":"https:\/\/stylisticcristal.pl\/sklep\/#website"},"primaryImageOfPage":{"@id":"https:\/\/stylisticcristal.pl\/sklep\/produkty\/kinkiety\/kinkiet-galant-ga-120-12-2-15-ks-wl\/#primaryimage"},"image":{"@id":"https:\/\/stylisticcristal.pl\/sklep\/produkty\/kinkiety\/kinkiet-galant-ga-120-12-2-15-ks-wl\/#primaryimage"},"thumbnailUrl":"https:\/\/stylisticcristal.pl\/sklep\/wp-content\/uploads\/2024\/04\/Kinkiet-Galant-120x12-h-15-kwadraty-i-sztabki-chrom-2-1200x153-1.webp","datePublished":"2024-04-12T09:05:24+00:00","breadcrumb":{"@id":"https:\/\/stylisticcristal.pl\/sklep\/produkty\/kinkiety\/kinkiet-galant-ga-120-12-2-15-ks-wl\/#breadcrumb"},"inLanguage":"pl-PL","potentialAction":[{"@type":"ReadAction","target":["https:\/\/stylisticcristal.pl\/sklep\/produkty\/kinkiety\/kinkiet-galant-ga-120-12-2-15-ks-wl\/"]}]},{"@type":"ImageObject","inLanguage":"pl-PL","@id":"https:\/\/stylisticcristal.pl\/sklep\/produkty\/kinkiety\/kinkiet-galant-ga-120-12-2-15-ks-wl\/#primaryimage","url":"https:\/\/stylisticcristal.pl\/sklep\/wp-content\/uploads\/2024\/04\/Kinkiet-Galant-120x12-h-15-kwadraty-i-sztabki-chrom-2-1200x153-1.webp","contentUrl":"https:\/\/stylisticcristal.pl\/sklep\/wp-content\/uploads\/2024\/04\/Kinkiet-Galant-120x12-h-15-kwadraty-i-sztabki-chrom-2-1200x153-1.webp","width":600,"height":600,"caption":"Nowoczesny, kryszta\u0142owy kinkiet z kolekcji Galant"},{"@type":"BreadcrumbList","@id":"https:\/\/stylisticcristal.pl\/sklep\/produkty\/kinkiety\/kinkiet-galant-ga-120-12-2-15-ks-wl\/#breadcrumb","itemListElement":[{"@type":"ListItem","position":1,"name":"Home","item":"https:\/\/stylisticcristal.pl\/sklep\/"},{"@type":"ListItem","position":2,"name":"Produkty","item":"https:\/\/stylisticcristal.pl\/sklep\/produkty\/"},{"@type":"ListItem","position":3,"name":"Kinkiet Galant GA\/120\/12\/2\/15\/KS\/WL"}]},{"@type":"WebSite","@id":"https:\/\/stylisticcristal.pl\/sklep\/#website","url":"https:\/\/stylisticcristal.pl\/sklep\/","name":"Sklep Stylistic Cristal","description":"\u017cyrandole kryszta\u0142owe - sklep z luksusowym o\u015bwietleniem wn\u0119trz","potentialAction":[{"@type":"SearchAction","target":{"@type":"EntryPoint","urlTemplate":"https:\/\/stylisticcristal.pl\/sklep\/?s={search_term_string}"},"query-input":{"@type":"PropertyValueSpecification","valueRequired":true,"valueName":"search_term_string"}}],"inLanguage":"pl-PL"}]}},"_links":{"self":[{"href":"https:\/\/stylisticcristal.pl\/sklep\/wp-json\/wp\/v2\/product\/2314","targetHints":{"allow":["GET"]}}],"collection":[{"href":"https:\/\/stylisticcristal.pl\/sklep\/wp-json\/wp\/v2\/product"}],"about":[{"href":"https:\/\/stylisticcristal.pl\/sklep\/wp-json\/wp\/v2\/types\/product"}],"wp:featuredmedia":[{"embeddable":true,"href":"https:\/\/stylisticcristal.pl\/sklep\/wp-json\/wp\/v2\/media\/2243"}],"wp:attachment":[{"href":"https:\/\/stylisticcristal.pl\/sklep\/wp-json\/wp\/v2\/media?parent=2314"}],"wp:term":[{"taxonomy":"product_brand","embeddable":true,"href":"https:\/\/stylisticcristal.pl\/sklep\/wp-json\/wp\/v2\/product_brand?post=2314"},{"taxonomy":"product_cat","embeddable":true,"href":"https:\/\/stylisticcristal.pl\/sklep\/wp-json\/wp\/v2\/product_cat?post=2314"},{"taxonomy":"product_tag","embeddable":true,"href":"https:\/\/stylisticcristal.pl\/sklep\/wp-json\/wp\/v2\/product_tag?post=2314"}],"curies":[{"name":"wp","href":"https:\/\/api.w.org\/{rel}","templated":true}]}}