{"id":2142,"date":"2024-04-10T13:15:57","date_gmt":"2024-04-10T11:15:57","guid":{"rendered":"https:\/\/stylisticcristal.pl\/sklep\/?post_type=product&#038;p=2142"},"modified":"2024-04-10T13:18:20","modified_gmt":"2024-04-10T11:18:20","slug":"kinkiet-maria-teresa-mt-1-wl","status":"publish","type":"product","link":"https:\/\/stylisticcristal.pl\/sklep\/produkty\/kinkiety\/kinkiet-maria-teresa-mt-1-wl\/","title":{"rendered":"Kinkiet Maria Teresa MT\/1\/WL"},"content":{"rendered":"<p>Lampa na\u015bcienna z kolekcji Maria Teresa z jednym punktem \u015bwietlnym stanowi doskona\u0142e uzupe\u0142nienie okaza\u0142ych aran\u017cacji o\u015bwietleniowych lub te\u017c do\u015bwietlenie mniejszych pomieszcze\u0144. W\u0142a\u015bciciele wn\u0119trz, kt\u00f3re nie wymagaj\u0105 tylu punkt\u00f3w \u015bwietlnych mog\u0105 cieszy\u0107 si\u0119 urokiem klasycznego, tradycyjnego o\u015bwietlenia. Maria Teresa to ikona w \u015bwiecie kryszta\u0142owego o\u015bwietlenia. Przepi\u0119knie wpasowuje si\u0119 w tradycyjne aran\u017cacje wn\u0119trz, ale mo\u017ce stanowi\u0107 r\u00f3wnie\u017c intryguj\u0105ce prze\u0142amanie nowoczesnych pomieszcze\u0144.<\/p>\n","protected":false},"excerpt":{"rendered":"<div class=\"woocommerce-product-details__short-description\">\n<p>Bardzo elegancki, klasyczny kinkiet z kolekcji Maria Teresa z jednym punktem \u015bwietlnym.<\/p>\n<\/div>\n","protected":false},"featured_media":2153,"template":"","meta":[],"product_brand":[],"product_cat":[160],"product_tag":[246],"class_list":{"0":"post-2142","1":"product","2":"type-product","3":"status-publish","4":"has-post-thumbnail","6":"product_cat-kinkiety","7":"product_tag-kolekcja-maria-teresa","9":"first","10":"instock","11":"taxable","12":"shipping-taxable","13":"purchasable","14":"product-type-variable"},"yoast_head":"<!-- This site is optimized with the Yoast SEO plugin v27.3 - https:\/\/yoast.com\/product\/yoast-seo-wordpress\/ -->\n<title>Kinkiet Maria Teresa MT\/1\/WL - Sklep Stylistic Cristal<\/title>\n<meta name=\"robots\" content=\"index, follow, max-snippet:-1, max-image-preview:large, max-video-preview:-1\" \/>\n<link rel=\"canonical\" href=\"https:\/\/stylisticcristal.pl\/sklep\/produkty\/kinkiety\/kinkiet-maria-teresa-mt-1-wl\/\" \/>\n<meta property=\"og:locale\" content=\"pl_PL\" \/>\n<meta property=\"og:type\" content=\"article\" \/>\n<meta property=\"og:title\" content=\"Kinkiet Maria Teresa MT\/1\/WL - Sklep Stylistic Cristal\" \/>\n<meta property=\"og:description\" content=\"Bardzo elegancki, klasyczny kinkiet z kolekcji Maria Teresa z jednym punktem \u015bwietlnym.\" \/>\n<meta property=\"og:url\" content=\"https:\/\/stylisticcristal.pl\/sklep\/produkty\/kinkiety\/kinkiet-maria-teresa-mt-1-wl\/\" \/>\n<meta property=\"og:site_name\" content=\"Sklep Stylistic Cristal\" \/>\n<meta property=\"article:modified_time\" content=\"2024-04-10T11:18:20+00:00\" \/>\n<meta property=\"og:image\" content=\"https:\/\/stylisticcristal.pl\/sklep\/wp-content\/uploads\/2024\/04\/MT1-WL-631x1200-1.webp\" \/>\n\t<meta property=\"og:image:width\" content=\"1200\" \/>\n\t<meta property=\"og:image:height\" content=\"1200\" \/>\n\t<meta property=\"og:image:type\" content=\"image\/webp\" \/>\n<meta name=\"twitter:card\" content=\"summary_large_image\" \/>\n<meta name=\"twitter:label1\" content=\"Szacowany czas czytania\" \/>\n\t<meta name=\"twitter:data1\" content=\"1 minuta\" \/>\n<script type=\"application\/ld+json\" class=\"yoast-schema-graph\">{\"@context\":\"https:\\\/\\\/schema.org\",\"@graph\":[{\"@type\":\"WebPage\",\"@id\":\"https:\\\/\\\/stylisticcristal.pl\\\/sklep\\\/produkty\\\/kinkiety\\\/kinkiet-maria-teresa-mt-1-wl\\\/\",\"url\":\"https:\\\/\\\/stylisticcristal.pl\\\/sklep\\\/produkty\\\/kinkiety\\\/kinkiet-maria-teresa-mt-1-wl\\\/\",\"name\":\"Kinkiet Maria Teresa MT\\\/1\\\/WL - Sklep Stylistic Cristal\",\"isPartOf\":{\"@id\":\"https:\\\/\\\/stylisticcristal.pl\\\/sklep\\\/#website\"},\"primaryImageOfPage\":{\"@id\":\"https:\\\/\\\/stylisticcristal.pl\\\/sklep\\\/produkty\\\/kinkiety\\\/kinkiet-maria-teresa-mt-1-wl\\\/#primaryimage\"},\"image\":{\"@id\":\"https:\\\/\\\/stylisticcristal.pl\\\/sklep\\\/produkty\\\/kinkiety\\\/kinkiet-maria-teresa-mt-1-wl\\\/#primaryimage\"},\"thumbnailUrl\":\"https:\\\/\\\/stylisticcristal.pl\\\/sklep\\\/wp-content\\\/uploads\\\/2024\\\/04\\\/MT1-WL-631x1200-1.webp\",\"datePublished\":\"2024-04-10T11:15:57+00:00\",\"dateModified\":\"2024-04-10T11:18:20+00:00\",\"breadcrumb\":{\"@id\":\"https:\\\/\\\/stylisticcristal.pl\\\/sklep\\\/produkty\\\/kinkiety\\\/kinkiet-maria-teresa-mt-1-wl\\\/#breadcrumb\"},\"inLanguage\":\"pl-PL\",\"potentialAction\":[{\"@type\":\"ReadAction\",\"target\":[\"https:\\\/\\\/stylisticcristal.pl\\\/sklep\\\/produkty\\\/kinkiety\\\/kinkiet-maria-teresa-mt-1-wl\\\/\"]}]},{\"@type\":\"ImageObject\",\"inLanguage\":\"pl-PL\",\"@id\":\"https:\\\/\\\/stylisticcristal.pl\\\/sklep\\\/produkty\\\/kinkiety\\\/kinkiet-maria-teresa-mt-1-wl\\\/#primaryimage\",\"url\":\"https:\\\/\\\/stylisticcristal.pl\\\/sklep\\\/wp-content\\\/uploads\\\/2024\\\/04\\\/MT1-WL-631x1200-1.webp\",\"contentUrl\":\"https:\\\/\\\/stylisticcristal.pl\\\/sklep\\\/wp-content\\\/uploads\\\/2024\\\/04\\\/MT1-WL-631x1200-1.webp\",\"width\":1200,\"height\":1200,\"caption\":\"Klasyczna lampa kryszta\u0142owa z kolekcji Maria Teresa, kinkiet kryszta\u0142owy\"},{\"@type\":\"BreadcrumbList\",\"@id\":\"https:\\\/\\\/stylisticcristal.pl\\\/sklep\\\/produkty\\\/kinkiety\\\/kinkiet-maria-teresa-mt-1-wl\\\/#breadcrumb\",\"itemListElement\":[{\"@type\":\"ListItem\",\"position\":1,\"name\":\"Home\",\"item\":\"https:\\\/\\\/stylisticcristal.pl\\\/sklep\\\/\"},{\"@type\":\"ListItem\",\"position\":2,\"name\":\"Produkty\",\"item\":\"https:\\\/\\\/stylisticcristal.pl\\\/sklep\\\/produkty\\\/\"},{\"@type\":\"ListItem\",\"position\":3,\"name\":\"Kinkiet Maria Teresa MT\\\/1\\\/WL\"}]},{\"@type\":\"WebSite\",\"@id\":\"https:\\\/\\\/stylisticcristal.pl\\\/sklep\\\/#website\",\"url\":\"https:\\\/\\\/stylisticcristal.pl\\\/sklep\\\/\",\"name\":\"Sklep Stylistic Cristal\",\"description\":\"\u017cyrandole kryszta\u0142owe - sklep z luksusowym o\u015bwietleniem wn\u0119trz\",\"potentialAction\":[{\"@type\":\"SearchAction\",\"target\":{\"@type\":\"EntryPoint\",\"urlTemplate\":\"https:\\\/\\\/stylisticcristal.pl\\\/sklep\\\/?s={search_term_string}\"},\"query-input\":{\"@type\":\"PropertyValueSpecification\",\"valueRequired\":true,\"valueName\":\"search_term_string\"}}],\"inLanguage\":\"pl-PL\"}]}<\/script>\n<!-- \/ Yoast SEO plugin. -->","yoast_head_json":{"title":"Kinkiet Maria Teresa MT\/1\/WL - Sklep Stylistic Cristal","robots":{"index":"index","follow":"follow","max-snippet":"max-snippet:-1","max-image-preview":"max-image-preview:large","max-video-preview":"max-video-preview:-1"},"canonical":"https:\/\/stylisticcristal.pl\/sklep\/produkty\/kinkiety\/kinkiet-maria-teresa-mt-1-wl\/","og_locale":"pl_PL","og_type":"article","og_title":"Kinkiet Maria Teresa MT\/1\/WL - Sklep Stylistic Cristal","og_description":"Bardzo elegancki, klasyczny kinkiet z kolekcji Maria Teresa z jednym punktem \u015bwietlnym.","og_url":"https:\/\/stylisticcristal.pl\/sklep\/produkty\/kinkiety\/kinkiet-maria-teresa-mt-1-wl\/","og_site_name":"Sklep Stylistic Cristal","article_modified_time":"2024-04-10T11:18:20+00:00","og_image":[{"width":1200,"height":1200,"url":"https:\/\/stylisticcristal.pl\/sklep\/wp-content\/uploads\/2024\/04\/MT1-WL-631x1200-1.webp","type":"image\/webp"}],"twitter_card":"summary_large_image","twitter_misc":{"Szacowany czas czytania":"1 minuta"},"schema":{"@context":"https:\/\/schema.org","@graph":[{"@type":"WebPage","@id":"https:\/\/stylisticcristal.pl\/sklep\/produkty\/kinkiety\/kinkiet-maria-teresa-mt-1-wl\/","url":"https:\/\/stylisticcristal.pl\/sklep\/produkty\/kinkiety\/kinkiet-maria-teresa-mt-1-wl\/","name":"Kinkiet Maria Teresa MT\/1\/WL - Sklep Stylistic Cristal","isPartOf":{"@id":"https:\/\/stylisticcristal.pl\/sklep\/#website"},"primaryImageOfPage":{"@id":"https:\/\/stylisticcristal.pl\/sklep\/produkty\/kinkiety\/kinkiet-maria-teresa-mt-1-wl\/#primaryimage"},"image":{"@id":"https:\/\/stylisticcristal.pl\/sklep\/produkty\/kinkiety\/kinkiet-maria-teresa-mt-1-wl\/#primaryimage"},"thumbnailUrl":"https:\/\/stylisticcristal.pl\/sklep\/wp-content\/uploads\/2024\/04\/MT1-WL-631x1200-1.webp","datePublished":"2024-04-10T11:15:57+00:00","dateModified":"2024-04-10T11:18:20+00:00","breadcrumb":{"@id":"https:\/\/stylisticcristal.pl\/sklep\/produkty\/kinkiety\/kinkiet-maria-teresa-mt-1-wl\/#breadcrumb"},"inLanguage":"pl-PL","potentialAction":[{"@type":"ReadAction","target":["https:\/\/stylisticcristal.pl\/sklep\/produkty\/kinkiety\/kinkiet-maria-teresa-mt-1-wl\/"]}]},{"@type":"ImageObject","inLanguage":"pl-PL","@id":"https:\/\/stylisticcristal.pl\/sklep\/produkty\/kinkiety\/kinkiet-maria-teresa-mt-1-wl\/#primaryimage","url":"https:\/\/stylisticcristal.pl\/sklep\/wp-content\/uploads\/2024\/04\/MT1-WL-631x1200-1.webp","contentUrl":"https:\/\/stylisticcristal.pl\/sklep\/wp-content\/uploads\/2024\/04\/MT1-WL-631x1200-1.webp","width":1200,"height":1200,"caption":"Klasyczna lampa kryszta\u0142owa z kolekcji Maria Teresa, kinkiet kryszta\u0142owy"},{"@type":"BreadcrumbList","@id":"https:\/\/stylisticcristal.pl\/sklep\/produkty\/kinkiety\/kinkiet-maria-teresa-mt-1-wl\/#breadcrumb","itemListElement":[{"@type":"ListItem","position":1,"name":"Home","item":"https:\/\/stylisticcristal.pl\/sklep\/"},{"@type":"ListItem","position":2,"name":"Produkty","item":"https:\/\/stylisticcristal.pl\/sklep\/produkty\/"},{"@type":"ListItem","position":3,"name":"Kinkiet Maria Teresa MT\/1\/WL"}]},{"@type":"WebSite","@id":"https:\/\/stylisticcristal.pl\/sklep\/#website","url":"https:\/\/stylisticcristal.pl\/sklep\/","name":"Sklep Stylistic Cristal","description":"\u017cyrandole kryszta\u0142owe - sklep z luksusowym o\u015bwietleniem wn\u0119trz","potentialAction":[{"@type":"SearchAction","target":{"@type":"EntryPoint","urlTemplate":"https:\/\/stylisticcristal.pl\/sklep\/?s={search_term_string}"},"query-input":{"@type":"PropertyValueSpecification","valueRequired":true,"valueName":"search_term_string"}}],"inLanguage":"pl-PL"}]}},"_links":{"self":[{"href":"https:\/\/stylisticcristal.pl\/sklep\/wp-json\/wp\/v2\/product\/2142","targetHints":{"allow":["GET"]}}],"collection":[{"href":"https:\/\/stylisticcristal.pl\/sklep\/wp-json\/wp\/v2\/product"}],"about":[{"href":"https:\/\/stylisticcristal.pl\/sklep\/wp-json\/wp\/v2\/types\/product"}],"wp:featuredmedia":[{"embeddable":true,"href":"https:\/\/stylisticcristal.pl\/sklep\/wp-json\/wp\/v2\/media\/2153"}],"wp:attachment":[{"href":"https:\/\/stylisticcristal.pl\/sklep\/wp-json\/wp\/v2\/media?parent=2142"}],"wp:term":[{"taxonomy":"product_brand","embeddable":true,"href":"https:\/\/stylisticcristal.pl\/sklep\/wp-json\/wp\/v2\/product_brand?post=2142"},{"taxonomy":"product_cat","embeddable":true,"href":"https:\/\/stylisticcristal.pl\/sklep\/wp-json\/wp\/v2\/product_cat?post=2142"},{"taxonomy":"product_tag","embeddable":true,"href":"https:\/\/stylisticcristal.pl\/sklep\/wp-json\/wp\/v2\/product_tag?post=2142"}],"curies":[{"name":"wp","href":"https:\/\/api.w.org\/{rel}","templated":true}]}}