{"id":1566,"date":"2024-04-05T13:29:50","date_gmt":"2024-04-05T11:29:50","guid":{"rendered":"https:\/\/stylisticcristal.pl\/sklep\/?post_type=product&#038;p=1566"},"modified":"2024-04-05T13:33:15","modified_gmt":"2024-04-05T11:33:15","slug":"zyrandol-spirala-sp-70-180-88221","status":"publish","type":"product","link":"https:\/\/stylisticcristal.pl\/sklep\/produkty\/zyrandole\/zyrandol-spirala-sp-70-180-88221\/","title":{"rendered":"\u017byrandol Spirala SP\/70\/180\/88221"},"content":{"rendered":"<p>Kolekcja lamp spiralnych powsta\u0142a z my\u015bl\u0105 o wysokich pomieszczeniach, klatkach schodowych i antresolach. D\u0142ugie \u017cyrandole na klatk\u0119 schodow\u0105 przepi\u0119knie ozdabiaj\u0105 dost\u0119pn\u0105 przestrze\u0144, stanowi\u0105c prawdziw\u0105 bi\u017cuteri\u0119 wn\u0119trza. Jako \u017ce ka\u017cde pomieszczenie jest inne i r\u00f3\u017cne s\u0105 tak\u017ce preferencje ka\u017cdego mi\u0142o\u015bnika stylowych wn\u0119trz, katalogowe lampy dost\u0119pne s\u0105 w wielu rozmiarach i kszta\u0142tach.<\/p>\n","protected":false},"excerpt":{"rendered":"<div class=\"flex-1 overflow-hidden\">\n<div class=\"react-scroll-to-bottom--css-xlbay-79elbk h-full\">\n<div class=\"react-scroll-to-bottom--css-xlbay-1n7m0yu\">\n<div class=\"flex flex-col text-sm pb-9\">\n<div class=\"w-full text-token-text-primary\" data-testid=\"conversation-turn-5\">\n<div class=\"px-4 py-2 justify-center text-base md:gap-6 m-auto\">\n<div class=\"flex flex-1 text-base mx-auto gap-3 md:px-5 lg:px-1 xl:px-5 md:max-w-3xl lg:max-w-[40rem] xl:max-w-[48rem] group final-completion\">\n<div class=\"relative flex w-full flex-col agent-turn\">\n<div class=\"flex-col gap-1 md:gap-3\">\n<div class=\"flex flex-grow flex-col max-w-full\">\n<div class=\"min-h-[20px] text-message flex flex-col items-start gap-3 whitespace-pre-wrap break-words [.text-message+&amp;]:mt-5 overflow-x-auto\" data-message-author-role=\"assistant\" data-message-id=\"b2927f8d-ed75-4db5-a85d-7f1d255ac66d\">\n<div class=\"markdown prose w-full break-words dark:prose-invert light\">\n<p>Kolekcja lamp spiralnych powsta\u0142a z my\u015bl\u0105 o wysokich pomieszczeniach, klatkach schodowych i antresolach. D\u0142ugie \u017cyrandole na klatk\u0119 schodow\u0105 przepi\u0119knie ozdabiaj\u0105 dost\u0119pn\u0105 przestrze\u0144, stanowi\u0105c prawdziw\u0105 bi\u017cuteri\u0119 wn\u0119trza. Jako \u017ce ka\u017cde pomieszczenie jest inne i r\u00f3\u017cne s\u0105 tak\u017ce preferencje ka\u017cdego mi\u0142o\u015bnika stylowych wn\u0119trz, katalogowe lampy dost\u0119pne s\u0105 w wielu rozmiarach i kszta\u0142tach.<\/p>\n<\/div>\n<\/div>\n<\/div>\n<\/div>\n<\/div>\n<\/div>\n<\/div>\n<\/div>\n<\/div>\n<\/div>\n<\/div>\n<\/div>\n","protected":false},"featured_media":1579,"template":"","meta":[],"product_brand":[],"product_cat":[63,15],"product_tag":[244],"class_list":{"0":"post-1566","1":"product","2":"type-product","3":"status-publish","4":"has-post-thumbnail","6":"product_cat-lampy-wiszace","7":"product_cat-zyrandole","8":"product_tag-kolekcja-spiralna","9":"product_shipping_class-standardowa","11":"first","12":"instock","13":"taxable","14":"shipping-taxable","15":"purchasable","16":"product-type-variable"},"yoast_head":"<!-- This site is optimized with the Yoast SEO plugin v27.3 - https:\/\/yoast.com\/product\/yoast-seo-wordpress\/ -->\n<title>\u017byrandol Spirala SP\/70\/180\/88221 - Sklep Stylistic Cristal<\/title>\n<meta name=\"robots\" content=\"index, follow, max-snippet:-1, max-image-preview:large, max-video-preview:-1\" \/>\n<link rel=\"canonical\" href=\"https:\/\/stylisticcristal.pl\/sklep\/produkty\/zyrandole\/zyrandol-spirala-sp-70-180-88221\/\" \/>\n<meta property=\"og:locale\" content=\"pl_PL\" \/>\n<meta property=\"og:type\" content=\"article\" \/>\n<meta property=\"og:title\" content=\"\u017byrandol Spirala SP\/70\/180\/88221 - Sklep Stylistic Cristal\" \/>\n<meta property=\"og:description\" content=\"Kolekcja lamp spiralnych powsta\u0142a z my\u015bl\u0105 o wysokich pomieszczeniach, klatkach schodowych i antresolach. D\u0142ugie \u017cyrandole na klatk\u0119 schodow\u0105 przepi\u0119knie ozdabiaj\u0105 dost\u0119pn\u0105 przestrze\u0144, stanowi\u0105c prawdziw\u0105 bi\u017cuteri\u0119 wn\u0119trza. Jako \u017ce ka\u017cde pomieszczenie jest inne i r\u00f3\u017cne s\u0105 tak\u017ce preferencje ka\u017cdego mi\u0142o\u015bnika stylowych wn\u0119trz, katalogowe lampy dost\u0119pne s\u0105 w wielu rozmiarach i kszta\u0142tach.\" \/>\n<meta property=\"og:url\" content=\"https:\/\/stylisticcristal.pl\/sklep\/produkty\/zyrandole\/zyrandol-spirala-sp-70-180-88221\/\" \/>\n<meta property=\"og:site_name\" content=\"Sklep Stylistic Cristal\" \/>\n<meta property=\"article:modified_time\" content=\"2024-04-05T11:33:15+00:00\" \/>\n<meta property=\"og:image\" content=\"https:\/\/stylisticcristal.pl\/sklep\/wp-content\/uploads\/2024\/04\/Spirala-kwadratysztabki-70-h180-456x1200-1.webp\" \/>\n\t<meta property=\"og:image:width\" content=\"1200\" \/>\n\t<meta property=\"og:image:height\" content=\"1200\" \/>\n\t<meta property=\"og:image:type\" content=\"image\/webp\" \/>\n<meta name=\"twitter:card\" content=\"summary_large_image\" \/>\n<meta name=\"twitter:label1\" content=\"Szacowany czas czytania\" \/>\n\t<meta name=\"twitter:data1\" content=\"1 minuta\" \/>\n<script type=\"application\/ld+json\" class=\"yoast-schema-graph\">{\"@context\":\"https:\\\/\\\/schema.org\",\"@graph\":[{\"@type\":\"WebPage\",\"@id\":\"https:\\\/\\\/stylisticcristal.pl\\\/sklep\\\/produkty\\\/zyrandole\\\/zyrandol-spirala-sp-70-180-88221\\\/\",\"url\":\"https:\\\/\\\/stylisticcristal.pl\\\/sklep\\\/produkty\\\/zyrandole\\\/zyrandol-spirala-sp-70-180-88221\\\/\",\"name\":\"\u017byrandol Spirala SP\\\/70\\\/180\\\/88221 - Sklep Stylistic Cristal\",\"isPartOf\":{\"@id\":\"https:\\\/\\\/stylisticcristal.pl\\\/sklep\\\/#website\"},\"primaryImageOfPage\":{\"@id\":\"https:\\\/\\\/stylisticcristal.pl\\\/sklep\\\/produkty\\\/zyrandole\\\/zyrandol-spirala-sp-70-180-88221\\\/#primaryimage\"},\"image\":{\"@id\":\"https:\\\/\\\/stylisticcristal.pl\\\/sklep\\\/produkty\\\/zyrandole\\\/zyrandol-spirala-sp-70-180-88221\\\/#primaryimage\"},\"thumbnailUrl\":\"https:\\\/\\\/stylisticcristal.pl\\\/sklep\\\/wp-content\\\/uploads\\\/2024\\\/04\\\/Spirala-kwadratysztabki-70-h180-456x1200-1.webp\",\"datePublished\":\"2024-04-05T11:29:50+00:00\",\"dateModified\":\"2024-04-05T11:33:15+00:00\",\"breadcrumb\":{\"@id\":\"https:\\\/\\\/stylisticcristal.pl\\\/sklep\\\/produkty\\\/zyrandole\\\/zyrandol-spirala-sp-70-180-88221\\\/#breadcrumb\"},\"inLanguage\":\"pl-PL\",\"potentialAction\":[{\"@type\":\"ReadAction\",\"target\":[\"https:\\\/\\\/stylisticcristal.pl\\\/sklep\\\/produkty\\\/zyrandole\\\/zyrandol-spirala-sp-70-180-88221\\\/\"]}]},{\"@type\":\"ImageObject\",\"inLanguage\":\"pl-PL\",\"@id\":\"https:\\\/\\\/stylisticcristal.pl\\\/sklep\\\/produkty\\\/zyrandole\\\/zyrandol-spirala-sp-70-180-88221\\\/#primaryimage\",\"url\":\"https:\\\/\\\/stylisticcristal.pl\\\/sklep\\\/wp-content\\\/uploads\\\/2024\\\/04\\\/Spirala-kwadratysztabki-70-h180-456x1200-1.webp\",\"contentUrl\":\"https:\\\/\\\/stylisticcristal.pl\\\/sklep\\\/wp-content\\\/uploads\\\/2024\\\/04\\\/Spirala-kwadratysztabki-70-h180-456x1200-1.webp\",\"width\":1200,\"height\":1200,\"caption\":\"Lampa z kolekcji Spirala, spiralny kryszta\u0142owy \u017cyrandol 180cm\"},{\"@type\":\"BreadcrumbList\",\"@id\":\"https:\\\/\\\/stylisticcristal.pl\\\/sklep\\\/produkty\\\/zyrandole\\\/zyrandol-spirala-sp-70-180-88221\\\/#breadcrumb\",\"itemListElement\":[{\"@type\":\"ListItem\",\"position\":1,\"name\":\"Home\",\"item\":\"https:\\\/\\\/stylisticcristal.pl\\\/sklep\\\/\"},{\"@type\":\"ListItem\",\"position\":2,\"name\":\"Produkty\",\"item\":\"https:\\\/\\\/stylisticcristal.pl\\\/sklep\\\/produkty\\\/\"},{\"@type\":\"ListItem\",\"position\":3,\"name\":\"\u017byrandol Spirala SP\\\/70\\\/180\\\/88221\"}]},{\"@type\":\"WebSite\",\"@id\":\"https:\\\/\\\/stylisticcristal.pl\\\/sklep\\\/#website\",\"url\":\"https:\\\/\\\/stylisticcristal.pl\\\/sklep\\\/\",\"name\":\"Sklep Stylistic Cristal\",\"description\":\"\u017cyrandole kryszta\u0142owe - sklep z luksusowym o\u015bwietleniem wn\u0119trz\",\"potentialAction\":[{\"@type\":\"SearchAction\",\"target\":{\"@type\":\"EntryPoint\",\"urlTemplate\":\"https:\\\/\\\/stylisticcristal.pl\\\/sklep\\\/?s={search_term_string}\"},\"query-input\":{\"@type\":\"PropertyValueSpecification\",\"valueRequired\":true,\"valueName\":\"search_term_string\"}}],\"inLanguage\":\"pl-PL\"}]}<\/script>\n<!-- \/ Yoast SEO plugin. -->","yoast_head_json":{"title":"\u017byrandol Spirala SP\/70\/180\/88221 - Sklep Stylistic Cristal","robots":{"index":"index","follow":"follow","max-snippet":"max-snippet:-1","max-image-preview":"max-image-preview:large","max-video-preview":"max-video-preview:-1"},"canonical":"https:\/\/stylisticcristal.pl\/sklep\/produkty\/zyrandole\/zyrandol-spirala-sp-70-180-88221\/","og_locale":"pl_PL","og_type":"article","og_title":"\u017byrandol Spirala SP\/70\/180\/88221 - Sklep Stylistic Cristal","og_description":"Kolekcja lamp spiralnych powsta\u0142a z my\u015bl\u0105 o wysokich pomieszczeniach, klatkach schodowych i antresolach. D\u0142ugie \u017cyrandole na klatk\u0119 schodow\u0105 przepi\u0119knie ozdabiaj\u0105 dost\u0119pn\u0105 przestrze\u0144, stanowi\u0105c prawdziw\u0105 bi\u017cuteri\u0119 wn\u0119trza. Jako \u017ce ka\u017cde pomieszczenie jest inne i r\u00f3\u017cne s\u0105 tak\u017ce preferencje ka\u017cdego mi\u0142o\u015bnika stylowych wn\u0119trz, katalogowe lampy dost\u0119pne s\u0105 w wielu rozmiarach i kszta\u0142tach.","og_url":"https:\/\/stylisticcristal.pl\/sklep\/produkty\/zyrandole\/zyrandol-spirala-sp-70-180-88221\/","og_site_name":"Sklep Stylistic Cristal","article_modified_time":"2024-04-05T11:33:15+00:00","og_image":[{"width":1200,"height":1200,"url":"https:\/\/stylisticcristal.pl\/sklep\/wp-content\/uploads\/2024\/04\/Spirala-kwadratysztabki-70-h180-456x1200-1.webp","type":"image\/webp"}],"twitter_card":"summary_large_image","twitter_misc":{"Szacowany czas czytania":"1 minuta"},"schema":{"@context":"https:\/\/schema.org","@graph":[{"@type":"WebPage","@id":"https:\/\/stylisticcristal.pl\/sklep\/produkty\/zyrandole\/zyrandol-spirala-sp-70-180-88221\/","url":"https:\/\/stylisticcristal.pl\/sklep\/produkty\/zyrandole\/zyrandol-spirala-sp-70-180-88221\/","name":"\u017byrandol Spirala SP\/70\/180\/88221 - Sklep Stylistic Cristal","isPartOf":{"@id":"https:\/\/stylisticcristal.pl\/sklep\/#website"},"primaryImageOfPage":{"@id":"https:\/\/stylisticcristal.pl\/sklep\/produkty\/zyrandole\/zyrandol-spirala-sp-70-180-88221\/#primaryimage"},"image":{"@id":"https:\/\/stylisticcristal.pl\/sklep\/produkty\/zyrandole\/zyrandol-spirala-sp-70-180-88221\/#primaryimage"},"thumbnailUrl":"https:\/\/stylisticcristal.pl\/sklep\/wp-content\/uploads\/2024\/04\/Spirala-kwadratysztabki-70-h180-456x1200-1.webp","datePublished":"2024-04-05T11:29:50+00:00","dateModified":"2024-04-05T11:33:15+00:00","breadcrumb":{"@id":"https:\/\/stylisticcristal.pl\/sklep\/produkty\/zyrandole\/zyrandol-spirala-sp-70-180-88221\/#breadcrumb"},"inLanguage":"pl-PL","potentialAction":[{"@type":"ReadAction","target":["https:\/\/stylisticcristal.pl\/sklep\/produkty\/zyrandole\/zyrandol-spirala-sp-70-180-88221\/"]}]},{"@type":"ImageObject","inLanguage":"pl-PL","@id":"https:\/\/stylisticcristal.pl\/sklep\/produkty\/zyrandole\/zyrandol-spirala-sp-70-180-88221\/#primaryimage","url":"https:\/\/stylisticcristal.pl\/sklep\/wp-content\/uploads\/2024\/04\/Spirala-kwadratysztabki-70-h180-456x1200-1.webp","contentUrl":"https:\/\/stylisticcristal.pl\/sklep\/wp-content\/uploads\/2024\/04\/Spirala-kwadratysztabki-70-h180-456x1200-1.webp","width":1200,"height":1200,"caption":"Lampa z kolekcji Spirala, spiralny kryszta\u0142owy \u017cyrandol 180cm"},{"@type":"BreadcrumbList","@id":"https:\/\/stylisticcristal.pl\/sklep\/produkty\/zyrandole\/zyrandol-spirala-sp-70-180-88221\/#breadcrumb","itemListElement":[{"@type":"ListItem","position":1,"name":"Home","item":"https:\/\/stylisticcristal.pl\/sklep\/"},{"@type":"ListItem","position":2,"name":"Produkty","item":"https:\/\/stylisticcristal.pl\/sklep\/produkty\/"},{"@type":"ListItem","position":3,"name":"\u017byrandol Spirala SP\/70\/180\/88221"}]},{"@type":"WebSite","@id":"https:\/\/stylisticcristal.pl\/sklep\/#website","url":"https:\/\/stylisticcristal.pl\/sklep\/","name":"Sklep Stylistic Cristal","description":"\u017cyrandole kryszta\u0142owe - sklep z luksusowym o\u015bwietleniem wn\u0119trz","potentialAction":[{"@type":"SearchAction","target":{"@type":"EntryPoint","urlTemplate":"https:\/\/stylisticcristal.pl\/sklep\/?s={search_term_string}"},"query-input":{"@type":"PropertyValueSpecification","valueRequired":true,"valueName":"search_term_string"}}],"inLanguage":"pl-PL"}]}},"_links":{"self":[{"href":"https:\/\/stylisticcristal.pl\/sklep\/wp-json\/wp\/v2\/product\/1566","targetHints":{"allow":["GET"]}}],"collection":[{"href":"https:\/\/stylisticcristal.pl\/sklep\/wp-json\/wp\/v2\/product"}],"about":[{"href":"https:\/\/stylisticcristal.pl\/sklep\/wp-json\/wp\/v2\/types\/product"}],"wp:featuredmedia":[{"embeddable":true,"href":"https:\/\/stylisticcristal.pl\/sklep\/wp-json\/wp\/v2\/media\/1579"}],"wp:attachment":[{"href":"https:\/\/stylisticcristal.pl\/sklep\/wp-json\/wp\/v2\/media?parent=1566"}],"wp:term":[{"taxonomy":"product_brand","embeddable":true,"href":"https:\/\/stylisticcristal.pl\/sklep\/wp-json\/wp\/v2\/product_brand?post=1566"},{"taxonomy":"product_cat","embeddable":true,"href":"https:\/\/stylisticcristal.pl\/sklep\/wp-json\/wp\/v2\/product_cat?post=1566"},{"taxonomy":"product_tag","embeddable":true,"href":"https:\/\/stylisticcristal.pl\/sklep\/wp-json\/wp\/v2\/product_tag?post=1566"}],"curies":[{"name":"wp","href":"https:\/\/api.w.org\/{rel}","templated":true}]}}