{"id":1435,"date":"2023-11-03T13:42:39","date_gmt":"2023-11-03T12:42:39","guid":{"rendered":"https:\/\/stylisticcristal.pl\/sklep\/?post_type=product&#038;p=1435"},"modified":"2024-04-10T12:05:20","modified_gmt":"2024-04-10T10:05:20","slug":"zyrandol-maria-teresa-mt-6","status":"publish","type":"product","link":"https:\/\/stylisticcristal.pl\/sklep\/produkty\/zyrandole\/zyrandol-maria-teresa-mt-6\/","title":{"rendered":"\u017byrandol Maria Teresa MT\/6"},"content":{"rendered":"<p>Je\u017celi nie dysponujesz du\u017cym metra\u017cem, lecz wci\u0105\u017c we w\u0142asnym wn\u0119trzu chcesz si\u0119 czu\u0107 jak w pa\u0142acu lub na wej\u015bciu do lobby 5-gwiazdkowego hotelu, \u017cyrandol kryszta\u0142owy Maria Teresa z 6 punktami \u015bwietlnymi jest dok\u0142adnie tym, czego szukasz. Mniejsza \u015brednica sprawia, \u017ce klasyczna lampa wisz\u0105ca doskonale odnajdzie si\u0119 w mniejszych pomieszczeniach. Z powodzeniem mo\u017ce by\u0107 r\u00f3wnie\u017c wykorzystana w roli uzupe\u0142niaj\u0105cego o\u015bwietlenia dost\u0119pnej przestrzeni. Stylowa, gustowna i bardzo elegancka \u2013 sprawi, \u017ce b\u0119dziesz m\u00f3g\u0142 cieszy\u0107 si\u0119 jej widokiem przez d\u0142ugie lata.<\/p>\n","protected":false},"excerpt":{"rendered":"<p>Eleganckie o\u015bwietlenie z kolekcji Maria Teresa. Kryszta\u0142owy \u017cyrandol posiada 60 cm \u015brednic\u0119, co sprawia, \u017ce z powodzeniem mo\u017ce by\u0107 wykorzystywany zar\u00f3wno na wi\u0119kszych, jak i tych niewielkich przestrzeniach.<\/p>\n","protected":false},"featured_media":1988,"template":"","meta":[],"product_brand":[],"product_cat":[15],"product_tag":[246],"class_list":{"0":"post-1435","1":"product","2":"type-product","3":"status-publish","4":"has-post-thumbnail","6":"product_cat-zyrandole","7":"product_tag-kolekcja-maria-teresa","8":"product_shipping_class-standardowa","10":"first","11":"instock","12":"taxable","13":"shipping-taxable","14":"purchasable","15":"product-type-variable"},"yoast_head":"<!-- This site is optimized with the Yoast SEO plugin v27.5 - https:\/\/yoast.com\/product\/yoast-seo-wordpress\/ -->\n<title>\u017byrandol Maria Teresa MT\/6 - Sklep Stylistic Cristal<\/title>\n<meta name=\"description\" content=\"Lampa kryszta\u0142owa Maria Teresa w kolorze z\u0142oty mat jest rekomendowan\u0105 pozycj\u0105 do wn\u0119trz gdzie chcemy z\u0142oty akcent ale chcemy unikn\u0105\u0107 po\u0142ysku.\" \/>\n<meta name=\"robots\" content=\"index, follow, max-snippet:-1, max-image-preview:large, max-video-preview:-1\" \/>\n<link rel=\"canonical\" href=\"https:\/\/stylisticcristal.pl\/sklep\/produkty\/zyrandole\/zyrandol-maria-teresa-mt-6\/\" \/>\n<meta property=\"og:locale\" content=\"pl_PL\" \/>\n<meta property=\"og:type\" content=\"article\" \/>\n<meta property=\"og:title\" content=\"\u017byrandol Maria Teresa MT\/6 - Sklep Stylistic Cristal\" \/>\n<meta property=\"og:description\" content=\"Lampa kryszta\u0142owa Maria Teresa w kolorze z\u0142oty mat jest rekomendowan\u0105 pozycj\u0105 do wn\u0119trz gdzie chcemy z\u0142oty akcent ale chcemy unikn\u0105\u0107 po\u0142ysku.\" \/>\n<meta property=\"og:url\" content=\"https:\/\/stylisticcristal.pl\/sklep\/produkty\/zyrandole\/zyrandol-maria-teresa-mt-6\/\" \/>\n<meta property=\"og:site_name\" content=\"Sklep Stylistic Cristal\" \/>\n<meta property=\"article:modified_time\" content=\"2024-04-10T10:05:20+00:00\" \/>\n<meta property=\"og:image\" content=\"https:\/\/stylisticcristal.pl\/sklep\/wp-content\/uploads\/2023\/11\/MT6-mosiadz-polysk-933x1200-1.webp\" \/>\n\t<meta property=\"og:image:width\" content=\"1200\" \/>\n\t<meta property=\"og:image:height\" content=\"1200\" \/>\n\t<meta property=\"og:image:type\" content=\"image\/webp\" \/>\n<meta name=\"twitter:card\" content=\"summary_large_image\" \/>\n<meta name=\"twitter:label1\" content=\"Szacowany czas czytania\" \/>\n\t<meta name=\"twitter:data1\" content=\"1 minuta\" \/>\n<script type=\"application\/ld+json\" class=\"yoast-schema-graph\">{\"@context\":\"https:\\\/\\\/schema.org\",\"@graph\":[{\"@type\":\"WebPage\",\"@id\":\"https:\\\/\\\/stylisticcristal.pl\\\/sklep\\\/produkty\\\/zyrandole\\\/zyrandol-maria-teresa-mt-6\\\/\",\"url\":\"https:\\\/\\\/stylisticcristal.pl\\\/sklep\\\/produkty\\\/zyrandole\\\/zyrandol-maria-teresa-mt-6\\\/\",\"name\":\"\u017byrandol Maria Teresa MT\\\/6 - Sklep Stylistic Cristal\",\"isPartOf\":{\"@id\":\"https:\\\/\\\/stylisticcristal.pl\\\/sklep\\\/#website\"},\"primaryImageOfPage\":{\"@id\":\"https:\\\/\\\/stylisticcristal.pl\\\/sklep\\\/produkty\\\/zyrandole\\\/zyrandol-maria-teresa-mt-6\\\/#primaryimage\"},\"image\":{\"@id\":\"https:\\\/\\\/stylisticcristal.pl\\\/sklep\\\/produkty\\\/zyrandole\\\/zyrandol-maria-teresa-mt-6\\\/#primaryimage\"},\"thumbnailUrl\":\"https:\\\/\\\/stylisticcristal.pl\\\/sklep\\\/wp-content\\\/uploads\\\/2023\\\/11\\\/MT6-mosiadz-polysk-933x1200-1.webp\",\"datePublished\":\"2023-11-03T12:42:39+00:00\",\"dateModified\":\"2024-04-10T10:05:20+00:00\",\"description\":\"Lampa kryszta\u0142owa Maria Teresa w kolorze z\u0142oty mat jest rekomendowan\u0105 pozycj\u0105 do wn\u0119trz gdzie chcemy z\u0142oty akcent ale chcemy unikn\u0105\u0107 po\u0142ysku.\",\"breadcrumb\":{\"@id\":\"https:\\\/\\\/stylisticcristal.pl\\\/sklep\\\/produkty\\\/zyrandole\\\/zyrandol-maria-teresa-mt-6\\\/#breadcrumb\"},\"inLanguage\":\"pl-PL\",\"potentialAction\":[{\"@type\":\"ReadAction\",\"target\":[\"https:\\\/\\\/stylisticcristal.pl\\\/sklep\\\/produkty\\\/zyrandole\\\/zyrandol-maria-teresa-mt-6\\\/\"]}]},{\"@type\":\"ImageObject\",\"inLanguage\":\"pl-PL\",\"@id\":\"https:\\\/\\\/stylisticcristal.pl\\\/sklep\\\/produkty\\\/zyrandole\\\/zyrandol-maria-teresa-mt-6\\\/#primaryimage\",\"url\":\"https:\\\/\\\/stylisticcristal.pl\\\/sklep\\\/wp-content\\\/uploads\\\/2023\\\/11\\\/MT6-mosiadz-polysk-933x1200-1.webp\",\"contentUrl\":\"https:\\\/\\\/stylisticcristal.pl\\\/sklep\\\/wp-content\\\/uploads\\\/2023\\\/11\\\/MT6-mosiadz-polysk-933x1200-1.webp\",\"width\":1200,\"height\":1200,\"caption\":\"Klasyczna lampa kryszta\u0142owa z kolekcji Maria Teresa, \u017cyrandol kryszta\u0142owy\"},{\"@type\":\"BreadcrumbList\",\"@id\":\"https:\\\/\\\/stylisticcristal.pl\\\/sklep\\\/produkty\\\/zyrandole\\\/zyrandol-maria-teresa-mt-6\\\/#breadcrumb\",\"itemListElement\":[{\"@type\":\"ListItem\",\"position\":1,\"name\":\"Home\",\"item\":\"https:\\\/\\\/stylisticcristal.pl\\\/sklep\\\/\"},{\"@type\":\"ListItem\",\"position\":2,\"name\":\"Produkty\",\"item\":\"https:\\\/\\\/stylisticcristal.pl\\\/sklep\\\/produkty\\\/\"},{\"@type\":\"ListItem\",\"position\":3,\"name\":\"\u017byrandol Maria Teresa MT\\\/6\"}]},{\"@type\":\"WebSite\",\"@id\":\"https:\\\/\\\/stylisticcristal.pl\\\/sklep\\\/#website\",\"url\":\"https:\\\/\\\/stylisticcristal.pl\\\/sklep\\\/\",\"name\":\"Sklep Stylistic Cristal\",\"description\":\"\u017cyrandole kryszta\u0142owe - sklep z luksusowym o\u015bwietleniem wn\u0119trz\",\"potentialAction\":[{\"@type\":\"SearchAction\",\"target\":{\"@type\":\"EntryPoint\",\"urlTemplate\":\"https:\\\/\\\/stylisticcristal.pl\\\/sklep\\\/?s={search_term_string}\"},\"query-input\":{\"@type\":\"PropertyValueSpecification\",\"valueRequired\":true,\"valueName\":\"search_term_string\"}}],\"inLanguage\":\"pl-PL\"}]}<\/script>\n<!-- \/ Yoast SEO plugin. -->","yoast_head_json":{"title":"\u017byrandol Maria Teresa MT\/6 - Sklep Stylistic Cristal","description":"Lampa kryszta\u0142owa Maria Teresa w kolorze z\u0142oty mat jest rekomendowan\u0105 pozycj\u0105 do wn\u0119trz gdzie chcemy z\u0142oty akcent ale chcemy unikn\u0105\u0107 po\u0142ysku.","robots":{"index":"index","follow":"follow","max-snippet":"max-snippet:-1","max-image-preview":"max-image-preview:large","max-video-preview":"max-video-preview:-1"},"canonical":"https:\/\/stylisticcristal.pl\/sklep\/produkty\/zyrandole\/zyrandol-maria-teresa-mt-6\/","og_locale":"pl_PL","og_type":"article","og_title":"\u017byrandol Maria Teresa MT\/6 - Sklep Stylistic Cristal","og_description":"Lampa kryszta\u0142owa Maria Teresa w kolorze z\u0142oty mat jest rekomendowan\u0105 pozycj\u0105 do wn\u0119trz gdzie chcemy z\u0142oty akcent ale chcemy unikn\u0105\u0107 po\u0142ysku.","og_url":"https:\/\/stylisticcristal.pl\/sklep\/produkty\/zyrandole\/zyrandol-maria-teresa-mt-6\/","og_site_name":"Sklep Stylistic Cristal","article_modified_time":"2024-04-10T10:05:20+00:00","og_image":[{"width":1200,"height":1200,"url":"https:\/\/stylisticcristal.pl\/sklep\/wp-content\/uploads\/2023\/11\/MT6-mosiadz-polysk-933x1200-1.webp","type":"image\/webp"}],"twitter_card":"summary_large_image","twitter_misc":{"Szacowany czas czytania":"1 minuta"},"schema":{"@context":"https:\/\/schema.org","@graph":[{"@type":"WebPage","@id":"https:\/\/stylisticcristal.pl\/sklep\/produkty\/zyrandole\/zyrandol-maria-teresa-mt-6\/","url":"https:\/\/stylisticcristal.pl\/sklep\/produkty\/zyrandole\/zyrandol-maria-teresa-mt-6\/","name":"\u017byrandol Maria Teresa MT\/6 - Sklep Stylistic Cristal","isPartOf":{"@id":"https:\/\/stylisticcristal.pl\/sklep\/#website"},"primaryImageOfPage":{"@id":"https:\/\/stylisticcristal.pl\/sklep\/produkty\/zyrandole\/zyrandol-maria-teresa-mt-6\/#primaryimage"},"image":{"@id":"https:\/\/stylisticcristal.pl\/sklep\/produkty\/zyrandole\/zyrandol-maria-teresa-mt-6\/#primaryimage"},"thumbnailUrl":"https:\/\/stylisticcristal.pl\/sklep\/wp-content\/uploads\/2023\/11\/MT6-mosiadz-polysk-933x1200-1.webp","datePublished":"2023-11-03T12:42:39+00:00","dateModified":"2024-04-10T10:05:20+00:00","description":"Lampa kryszta\u0142owa Maria Teresa w kolorze z\u0142oty mat jest rekomendowan\u0105 pozycj\u0105 do wn\u0119trz gdzie chcemy z\u0142oty akcent ale chcemy unikn\u0105\u0107 po\u0142ysku.","breadcrumb":{"@id":"https:\/\/stylisticcristal.pl\/sklep\/produkty\/zyrandole\/zyrandol-maria-teresa-mt-6\/#breadcrumb"},"inLanguage":"pl-PL","potentialAction":[{"@type":"ReadAction","target":["https:\/\/stylisticcristal.pl\/sklep\/produkty\/zyrandole\/zyrandol-maria-teresa-mt-6\/"]}]},{"@type":"ImageObject","inLanguage":"pl-PL","@id":"https:\/\/stylisticcristal.pl\/sklep\/produkty\/zyrandole\/zyrandol-maria-teresa-mt-6\/#primaryimage","url":"https:\/\/stylisticcristal.pl\/sklep\/wp-content\/uploads\/2023\/11\/MT6-mosiadz-polysk-933x1200-1.webp","contentUrl":"https:\/\/stylisticcristal.pl\/sklep\/wp-content\/uploads\/2023\/11\/MT6-mosiadz-polysk-933x1200-1.webp","width":1200,"height":1200,"caption":"Klasyczna lampa kryszta\u0142owa z kolekcji Maria Teresa, \u017cyrandol kryszta\u0142owy"},{"@type":"BreadcrumbList","@id":"https:\/\/stylisticcristal.pl\/sklep\/produkty\/zyrandole\/zyrandol-maria-teresa-mt-6\/#breadcrumb","itemListElement":[{"@type":"ListItem","position":1,"name":"Home","item":"https:\/\/stylisticcristal.pl\/sklep\/"},{"@type":"ListItem","position":2,"name":"Produkty","item":"https:\/\/stylisticcristal.pl\/sklep\/produkty\/"},{"@type":"ListItem","position":3,"name":"\u017byrandol Maria Teresa MT\/6"}]},{"@type":"WebSite","@id":"https:\/\/stylisticcristal.pl\/sklep\/#website","url":"https:\/\/stylisticcristal.pl\/sklep\/","name":"Sklep Stylistic Cristal","description":"\u017cyrandole kryszta\u0142owe - sklep z luksusowym o\u015bwietleniem wn\u0119trz","potentialAction":[{"@type":"SearchAction","target":{"@type":"EntryPoint","urlTemplate":"https:\/\/stylisticcristal.pl\/sklep\/?s={search_term_string}"},"query-input":{"@type":"PropertyValueSpecification","valueRequired":true,"valueName":"search_term_string"}}],"inLanguage":"pl-PL"}]}},"_links":{"self":[{"href":"https:\/\/stylisticcristal.pl\/sklep\/wp-json\/wp\/v2\/product\/1435","targetHints":{"allow":["GET"]}}],"collection":[{"href":"https:\/\/stylisticcristal.pl\/sklep\/wp-json\/wp\/v2\/product"}],"about":[{"href":"https:\/\/stylisticcristal.pl\/sklep\/wp-json\/wp\/v2\/types\/product"}],"wp:featuredmedia":[{"embeddable":true,"href":"https:\/\/stylisticcristal.pl\/sklep\/wp-json\/wp\/v2\/media\/1988"}],"wp:attachment":[{"href":"https:\/\/stylisticcristal.pl\/sklep\/wp-json\/wp\/v2\/media?parent=1435"}],"wp:term":[{"taxonomy":"product_brand","embeddable":true,"href":"https:\/\/stylisticcristal.pl\/sklep\/wp-json\/wp\/v2\/product_brand?post=1435"},{"taxonomy":"product_cat","embeddable":true,"href":"https:\/\/stylisticcristal.pl\/sklep\/wp-json\/wp\/v2\/product_cat?post=1435"},{"taxonomy":"product_tag","embeddable":true,"href":"https:\/\/stylisticcristal.pl\/sklep\/wp-json\/wp\/v2\/product_tag?post=1435"}],"curies":[{"name":"wp","href":"https:\/\/api.w.org\/{rel}","templated":true}]}}