{"id":1317,"date":"2023-03-03T10:12:45","date_gmt":"2023-03-03T09:12:45","guid":{"rendered":"https:\/\/sklep.stylisticcristal.pl\/?post_type=product&#038;p=1317"},"modified":"2024-04-09T13:39:44","modified_gmt":"2024-04-09T11:39:44","slug":"zyrandol-maria-teresa-mt-40-z","status":"publish","type":"product","link":"https:\/\/stylisticcristal.pl\/sklep\/produkty\/zyrandole\/zyrandol-maria-teresa-mt-40-z\/","title":{"rendered":"\u017byrandol Maria Teresa MT\/40\/Z"},"content":{"rendered":"<p>Niezwykle okaza\u0142y model kryszta\u0142owego o\u015bwietlenia z a\u017c 40 punktami \u015bwietlnymi. \u017byrandole z kolekcji Maria Teresa to tzw. modele w typie \u015bwiecznikowym. Ods\u0142oni\u0119te \u017car\u00f3wki imituj\u0105ce \u015bwiece, jakimi niegdy\u015b o\u015bwietla\u0142o si\u0119 pa\u0142acowe wn\u0119trza. Z dodatkami w postaci kryszta\u0142\u00f3w i bardzo eleganck\u0105 galwanizacj\u0105 wprowadzili\u015bmy do wsp\u00f3\u0142czesnego o\u015bwietlenia klimat minionych lat. Do \u017cyrandola kryszta\u0142owego Maria Teresa zach\u0119camy r\u00f3wnie\u017c dob\u00f3r pasuj\u0105cego o\u015bwietlenia z kolekcji. W naszej pracowni produkujemy tak\u017ce kinkiety (lampy \u015bcienne), lampy sto\u0142owe oraz stoj\u0105ce.<\/p>\n","protected":false},"excerpt":{"rendered":"<p>\u017byrandol kryszta\u0142owy z kolekcji Maria Teresa z 40 punktami \u015bwietlnymi. Niezwykle elegancka propozycja do wn\u0119trz urz\u0105dzonych w klasycznym stylu.<\/p>\n","protected":false},"featured_media":1318,"template":"","meta":[],"product_brand":[],"product_cat":[15],"product_tag":[246],"class_list":{"0":"post-1317","1":"product","2":"type-product","3":"status-publish","4":"has-post-thumbnail","6":"product_cat-zyrandole","7":"product_tag-kolekcja-maria-teresa","8":"product_shipping_class-standardowa","10":"first","11":"instock","12":"taxable","13":"shipping-taxable","14":"purchasable","15":"product-type-variable"},"yoast_head":"<!-- This site is optimized with the Yoast SEO plugin v27.3 - https:\/\/yoast.com\/product\/yoast-seo-wordpress\/ -->\n<title>\u017byrandol Maria Teresa MT\/40\/Z - Sklep Stylistic Cristal<\/title>\n<meta name=\"robots\" content=\"index, follow, max-snippet:-1, max-image-preview:large, max-video-preview:-1\" \/>\n<link rel=\"canonical\" href=\"https:\/\/stylisticcristal.pl\/sklep\/produkty\/zyrandole\/zyrandol-maria-teresa-mt-40-z\/\" \/>\n<meta property=\"og:locale\" content=\"pl_PL\" \/>\n<meta property=\"og:type\" content=\"article\" \/>\n<meta property=\"og:title\" content=\"\u017byrandol Maria Teresa MT\/40\/Z - Sklep Stylistic Cristal\" \/>\n<meta property=\"og:description\" content=\"\u017byrandol kryszta\u0142owy z kolekcji Maria Teresa z 40 punktami \u015bwietlnymi. Niezwykle elegancka propozycja do wn\u0119trz urz\u0105dzonych w klasycznym stylu.\" \/>\n<meta property=\"og:url\" content=\"https:\/\/stylisticcristal.pl\/sklep\/produkty\/zyrandole\/zyrandol-maria-teresa-mt-40-z\/\" \/>\n<meta property=\"og:site_name\" content=\"Sklep Stylistic Cristal\" \/>\n<meta property=\"article:modified_time\" content=\"2024-04-09T11:39:44+00:00\" \/>\n<meta property=\"og:image\" content=\"https:\/\/stylisticcristal.pl\/sklep\/wp-content\/uploads\/2023\/03\/MT40Z-chrom-1.jpg\" \/>\n\t<meta property=\"og:image:width\" content=\"1200\" \/>\n\t<meta property=\"og:image:height\" content=\"1200\" \/>\n\t<meta property=\"og:image:type\" content=\"image\/jpeg\" \/>\n<meta name=\"twitter:card\" content=\"summary_large_image\" \/>\n<meta name=\"twitter:label1\" content=\"Szacowany czas czytania\" \/>\n\t<meta name=\"twitter:data1\" content=\"1 minuta\" \/>\n<script type=\"application\/ld+json\" class=\"yoast-schema-graph\">{\"@context\":\"https:\\\/\\\/schema.org\",\"@graph\":[{\"@type\":\"WebPage\",\"@id\":\"https:\\\/\\\/stylisticcristal.pl\\\/sklep\\\/produkty\\\/zyrandole\\\/zyrandol-maria-teresa-mt-40-z\\\/\",\"url\":\"https:\\\/\\\/stylisticcristal.pl\\\/sklep\\\/produkty\\\/zyrandole\\\/zyrandol-maria-teresa-mt-40-z\\\/\",\"name\":\"\u017byrandol Maria Teresa MT\\\/40\\\/Z - Sklep Stylistic Cristal\",\"isPartOf\":{\"@id\":\"https:\\\/\\\/stylisticcristal.pl\\\/sklep\\\/#website\"},\"primaryImageOfPage\":{\"@id\":\"https:\\\/\\\/stylisticcristal.pl\\\/sklep\\\/produkty\\\/zyrandole\\\/zyrandol-maria-teresa-mt-40-z\\\/#primaryimage\"},\"image\":{\"@id\":\"https:\\\/\\\/stylisticcristal.pl\\\/sklep\\\/produkty\\\/zyrandole\\\/zyrandol-maria-teresa-mt-40-z\\\/#primaryimage\"},\"thumbnailUrl\":\"https:\\\/\\\/stylisticcristal.pl\\\/sklep\\\/wp-content\\\/uploads\\\/2023\\\/03\\\/MT40Z-chrom-1.jpg\",\"datePublished\":\"2023-03-03T09:12:45+00:00\",\"dateModified\":\"2024-04-09T11:39:44+00:00\",\"breadcrumb\":{\"@id\":\"https:\\\/\\\/stylisticcristal.pl\\\/sklep\\\/produkty\\\/zyrandole\\\/zyrandol-maria-teresa-mt-40-z\\\/#breadcrumb\"},\"inLanguage\":\"pl-PL\",\"potentialAction\":[{\"@type\":\"ReadAction\",\"target\":[\"https:\\\/\\\/stylisticcristal.pl\\\/sklep\\\/produkty\\\/zyrandole\\\/zyrandol-maria-teresa-mt-40-z\\\/\"]}]},{\"@type\":\"ImageObject\",\"inLanguage\":\"pl-PL\",\"@id\":\"https:\\\/\\\/stylisticcristal.pl\\\/sklep\\\/produkty\\\/zyrandole\\\/zyrandol-maria-teresa-mt-40-z\\\/#primaryimage\",\"url\":\"https:\\\/\\\/stylisticcristal.pl\\\/sklep\\\/wp-content\\\/uploads\\\/2023\\\/03\\\/MT40Z-chrom-1.jpg\",\"contentUrl\":\"https:\\\/\\\/stylisticcristal.pl\\\/sklep\\\/wp-content\\\/uploads\\\/2023\\\/03\\\/MT40Z-chrom-1.jpg\",\"width\":1200,\"height\":1200},{\"@type\":\"BreadcrumbList\",\"@id\":\"https:\\\/\\\/stylisticcristal.pl\\\/sklep\\\/produkty\\\/zyrandole\\\/zyrandol-maria-teresa-mt-40-z\\\/#breadcrumb\",\"itemListElement\":[{\"@type\":\"ListItem\",\"position\":1,\"name\":\"Home\",\"item\":\"https:\\\/\\\/stylisticcristal.pl\\\/sklep\\\/\"},{\"@type\":\"ListItem\",\"position\":2,\"name\":\"Produkty\",\"item\":\"https:\\\/\\\/stylisticcristal.pl\\\/sklep\\\/produkty\\\/\"},{\"@type\":\"ListItem\",\"position\":3,\"name\":\"\u017byrandol Maria Teresa MT\\\/40\\\/Z\"}]},{\"@type\":\"WebSite\",\"@id\":\"https:\\\/\\\/stylisticcristal.pl\\\/sklep\\\/#website\",\"url\":\"https:\\\/\\\/stylisticcristal.pl\\\/sklep\\\/\",\"name\":\"Sklep Stylistic Cristal\",\"description\":\"\u017cyrandole kryszta\u0142owe - sklep z luksusowym o\u015bwietleniem wn\u0119trz\",\"potentialAction\":[{\"@type\":\"SearchAction\",\"target\":{\"@type\":\"EntryPoint\",\"urlTemplate\":\"https:\\\/\\\/stylisticcristal.pl\\\/sklep\\\/?s={search_term_string}\"},\"query-input\":{\"@type\":\"PropertyValueSpecification\",\"valueRequired\":true,\"valueName\":\"search_term_string\"}}],\"inLanguage\":\"pl-PL\"}]}<\/script>\n<!-- \/ Yoast SEO plugin. -->","yoast_head_json":{"title":"\u017byrandol Maria Teresa MT\/40\/Z - Sklep Stylistic Cristal","robots":{"index":"index","follow":"follow","max-snippet":"max-snippet:-1","max-image-preview":"max-image-preview:large","max-video-preview":"max-video-preview:-1"},"canonical":"https:\/\/stylisticcristal.pl\/sklep\/produkty\/zyrandole\/zyrandol-maria-teresa-mt-40-z\/","og_locale":"pl_PL","og_type":"article","og_title":"\u017byrandol Maria Teresa MT\/40\/Z - Sklep Stylistic Cristal","og_description":"\u017byrandol kryszta\u0142owy z kolekcji Maria Teresa z 40 punktami \u015bwietlnymi. Niezwykle elegancka propozycja do wn\u0119trz urz\u0105dzonych w klasycznym stylu.","og_url":"https:\/\/stylisticcristal.pl\/sklep\/produkty\/zyrandole\/zyrandol-maria-teresa-mt-40-z\/","og_site_name":"Sklep Stylistic Cristal","article_modified_time":"2024-04-09T11:39:44+00:00","og_image":[{"width":1200,"height":1200,"url":"https:\/\/stylisticcristal.pl\/sklep\/wp-content\/uploads\/2023\/03\/MT40Z-chrom-1.jpg","type":"image\/jpeg"}],"twitter_card":"summary_large_image","twitter_misc":{"Szacowany czas czytania":"1 minuta"},"schema":{"@context":"https:\/\/schema.org","@graph":[{"@type":"WebPage","@id":"https:\/\/stylisticcristal.pl\/sklep\/produkty\/zyrandole\/zyrandol-maria-teresa-mt-40-z\/","url":"https:\/\/stylisticcristal.pl\/sklep\/produkty\/zyrandole\/zyrandol-maria-teresa-mt-40-z\/","name":"\u017byrandol Maria Teresa MT\/40\/Z - Sklep Stylistic Cristal","isPartOf":{"@id":"https:\/\/stylisticcristal.pl\/sklep\/#website"},"primaryImageOfPage":{"@id":"https:\/\/stylisticcristal.pl\/sklep\/produkty\/zyrandole\/zyrandol-maria-teresa-mt-40-z\/#primaryimage"},"image":{"@id":"https:\/\/stylisticcristal.pl\/sklep\/produkty\/zyrandole\/zyrandol-maria-teresa-mt-40-z\/#primaryimage"},"thumbnailUrl":"https:\/\/stylisticcristal.pl\/sklep\/wp-content\/uploads\/2023\/03\/MT40Z-chrom-1.jpg","datePublished":"2023-03-03T09:12:45+00:00","dateModified":"2024-04-09T11:39:44+00:00","breadcrumb":{"@id":"https:\/\/stylisticcristal.pl\/sklep\/produkty\/zyrandole\/zyrandol-maria-teresa-mt-40-z\/#breadcrumb"},"inLanguage":"pl-PL","potentialAction":[{"@type":"ReadAction","target":["https:\/\/stylisticcristal.pl\/sklep\/produkty\/zyrandole\/zyrandol-maria-teresa-mt-40-z\/"]}]},{"@type":"ImageObject","inLanguage":"pl-PL","@id":"https:\/\/stylisticcristal.pl\/sklep\/produkty\/zyrandole\/zyrandol-maria-teresa-mt-40-z\/#primaryimage","url":"https:\/\/stylisticcristal.pl\/sklep\/wp-content\/uploads\/2023\/03\/MT40Z-chrom-1.jpg","contentUrl":"https:\/\/stylisticcristal.pl\/sklep\/wp-content\/uploads\/2023\/03\/MT40Z-chrom-1.jpg","width":1200,"height":1200},{"@type":"BreadcrumbList","@id":"https:\/\/stylisticcristal.pl\/sklep\/produkty\/zyrandole\/zyrandol-maria-teresa-mt-40-z\/#breadcrumb","itemListElement":[{"@type":"ListItem","position":1,"name":"Home","item":"https:\/\/stylisticcristal.pl\/sklep\/"},{"@type":"ListItem","position":2,"name":"Produkty","item":"https:\/\/stylisticcristal.pl\/sklep\/produkty\/"},{"@type":"ListItem","position":3,"name":"\u017byrandol Maria Teresa MT\/40\/Z"}]},{"@type":"WebSite","@id":"https:\/\/stylisticcristal.pl\/sklep\/#website","url":"https:\/\/stylisticcristal.pl\/sklep\/","name":"Sklep Stylistic Cristal","description":"\u017cyrandole kryszta\u0142owe - sklep z luksusowym o\u015bwietleniem wn\u0119trz","potentialAction":[{"@type":"SearchAction","target":{"@type":"EntryPoint","urlTemplate":"https:\/\/stylisticcristal.pl\/sklep\/?s={search_term_string}"},"query-input":{"@type":"PropertyValueSpecification","valueRequired":true,"valueName":"search_term_string"}}],"inLanguage":"pl-PL"}]}},"_links":{"self":[{"href":"https:\/\/stylisticcristal.pl\/sklep\/wp-json\/wp\/v2\/product\/1317","targetHints":{"allow":["GET"]}}],"collection":[{"href":"https:\/\/stylisticcristal.pl\/sklep\/wp-json\/wp\/v2\/product"}],"about":[{"href":"https:\/\/stylisticcristal.pl\/sklep\/wp-json\/wp\/v2\/types\/product"}],"wp:featuredmedia":[{"embeddable":true,"href":"https:\/\/stylisticcristal.pl\/sklep\/wp-json\/wp\/v2\/media\/1318"}],"wp:attachment":[{"href":"https:\/\/stylisticcristal.pl\/sklep\/wp-json\/wp\/v2\/media?parent=1317"}],"wp:term":[{"taxonomy":"product_brand","embeddable":true,"href":"https:\/\/stylisticcristal.pl\/sklep\/wp-json\/wp\/v2\/product_brand?post=1317"},{"taxonomy":"product_cat","embeddable":true,"href":"https:\/\/stylisticcristal.pl\/sklep\/wp-json\/wp\/v2\/product_cat?post=1317"},{"taxonomy":"product_tag","embeddable":true,"href":"https:\/\/stylisticcristal.pl\/sklep\/wp-json\/wp\/v2\/product_tag?post=1317"}],"curies":[{"name":"wp","href":"https:\/\/api.w.org\/{rel}","templated":true}]}}