{"id":1307,"date":"2023-03-03T09:52:15","date_gmt":"2023-03-03T08:52:15","guid":{"rendered":"https:\/\/sklep.stylisticcristal.pl\/?post_type=product&#038;p=1307"},"modified":"2024-04-09T13:27:48","modified_gmt":"2024-04-09T11:27:48","slug":"zyrandol-maria-teresa-mt-24-z","status":"publish","type":"product","link":"https:\/\/stylisticcristal.pl\/sklep\/produkty\/zyrandole\/zyrandol-maria-teresa-mt-24-z\/","title":{"rendered":"\u017byrandol Maria Teresa MT\/24\/Z"},"content":{"rendered":"<p>Niezwykle elegancka lampa \u015bwiecznikowa z kolekcji Maria Teresa w kolorze srebrnym. Dodaje szyku i ponadczasowego, unikalnego tonu ka\u017cdemu wn\u0119trzu. Ods\u0142oni\u0119te \u017car\u00f3wki swym wygl\u0105dem przypominaj\u0105 klasyczne \u015bwiecie, a do\u0142\u0105czone do szkieletu kryszta\u0142y talerzykowe przepi\u0119knie za\u0142amuj\u0105 \u015bwiat\u0142o. Ten okaza\u0142y model \u017cyrandola posiada a\u017c 24 punkty \u015bwietlne, co sprawia, \u017ce lampa doskonale do\u015bwietla wi\u0119ksze przestrzenie. Aran\u017cacj\u0119 o\u015bwietlenia mo\u017cna uzupe\u0142ni\u0107 pasuj\u0105cymi kinkietami z kolekcji.<\/p>\n","protected":false},"excerpt":{"rendered":"<p>Elegancki \u017cyrandol z kolekcji Maria Teresa w kolorze srebrnym. Ozdobiony przepi\u0119knymi kryszta\u0142ami talerzykowymi.<\/p>\n","protected":false},"featured_media":1308,"template":"","meta":[],"product_brand":[],"product_cat":[15],"product_tag":[246],"class_list":{"0":"post-1307","1":"product","2":"type-product","3":"status-publish","4":"has-post-thumbnail","6":"product_cat-zyrandole","7":"product_tag-kolekcja-maria-teresa","8":"product_shipping_class-standardowa","10":"first","11":"instock","12":"taxable","13":"shipping-taxable","14":"purchasable","15":"product-type-variable"},"yoast_head":"<!-- This site is optimized with the Yoast SEO plugin v27.3 - https:\/\/yoast.com\/product\/yoast-seo-wordpress\/ -->\n<title>\u017byrandol Maria Teresa MT\/24\/Z - Sklep Stylistic Cristal<\/title>\n<meta name=\"robots\" content=\"index, follow, max-snippet:-1, max-image-preview:large, max-video-preview:-1\" \/>\n<link rel=\"canonical\" href=\"https:\/\/stylisticcristal.pl\/sklep\/produkty\/zyrandole\/zyrandol-maria-teresa-mt-24-z\/\" \/>\n<meta property=\"og:locale\" content=\"pl_PL\" \/>\n<meta property=\"og:type\" content=\"article\" \/>\n<meta property=\"og:title\" content=\"\u017byrandol Maria Teresa MT\/24\/Z - Sklep Stylistic Cristal\" \/>\n<meta property=\"og:description\" content=\"Elegancki \u017cyrandol z kolekcji Maria Teresa w kolorze srebrnym. Ozdobiony przepi\u0119knymi kryszta\u0142ami talerzykowymi.\" \/>\n<meta property=\"og:url\" content=\"https:\/\/stylisticcristal.pl\/sklep\/produkty\/zyrandole\/zyrandol-maria-teresa-mt-24-z\/\" \/>\n<meta property=\"og:site_name\" content=\"Sklep Stylistic Cristal\" \/>\n<meta property=\"article:modified_time\" content=\"2024-04-09T11:27:48+00:00\" \/>\n<meta property=\"og:image\" content=\"https:\/\/stylisticcristal.pl\/sklep\/wp-content\/uploads\/2023\/03\/MT24Z-chrom.jpg\" \/>\n\t<meta property=\"og:image:width\" content=\"1200\" \/>\n\t<meta property=\"og:image:height\" content=\"1200\" \/>\n\t<meta property=\"og:image:type\" content=\"image\/jpeg\" \/>\n<meta name=\"twitter:card\" content=\"summary_large_image\" \/>\n<meta name=\"twitter:label1\" content=\"Szacowany czas czytania\" \/>\n\t<meta name=\"twitter:data1\" content=\"1 minuta\" \/>\n<script type=\"application\/ld+json\" class=\"yoast-schema-graph\">{\"@context\":\"https:\\\/\\\/schema.org\",\"@graph\":[{\"@type\":\"WebPage\",\"@id\":\"https:\\\/\\\/stylisticcristal.pl\\\/sklep\\\/produkty\\\/zyrandole\\\/zyrandol-maria-teresa-mt-24-z\\\/\",\"url\":\"https:\\\/\\\/stylisticcristal.pl\\\/sklep\\\/produkty\\\/zyrandole\\\/zyrandol-maria-teresa-mt-24-z\\\/\",\"name\":\"\u017byrandol Maria Teresa MT\\\/24\\\/Z - Sklep Stylistic Cristal\",\"isPartOf\":{\"@id\":\"https:\\\/\\\/stylisticcristal.pl\\\/sklep\\\/#website\"},\"primaryImageOfPage\":{\"@id\":\"https:\\\/\\\/stylisticcristal.pl\\\/sklep\\\/produkty\\\/zyrandole\\\/zyrandol-maria-teresa-mt-24-z\\\/#primaryimage\"},\"image\":{\"@id\":\"https:\\\/\\\/stylisticcristal.pl\\\/sklep\\\/produkty\\\/zyrandole\\\/zyrandol-maria-teresa-mt-24-z\\\/#primaryimage\"},\"thumbnailUrl\":\"https:\\\/\\\/stylisticcristal.pl\\\/sklep\\\/wp-content\\\/uploads\\\/2023\\\/03\\\/MT24Z-chrom.jpg\",\"datePublished\":\"2023-03-03T08:52:15+00:00\",\"dateModified\":\"2024-04-09T11:27:48+00:00\",\"breadcrumb\":{\"@id\":\"https:\\\/\\\/stylisticcristal.pl\\\/sklep\\\/produkty\\\/zyrandole\\\/zyrandol-maria-teresa-mt-24-z\\\/#breadcrumb\"},\"inLanguage\":\"pl-PL\",\"potentialAction\":[{\"@type\":\"ReadAction\",\"target\":[\"https:\\\/\\\/stylisticcristal.pl\\\/sklep\\\/produkty\\\/zyrandole\\\/zyrandol-maria-teresa-mt-24-z\\\/\"]}]},{\"@type\":\"ImageObject\",\"inLanguage\":\"pl-PL\",\"@id\":\"https:\\\/\\\/stylisticcristal.pl\\\/sklep\\\/produkty\\\/zyrandole\\\/zyrandol-maria-teresa-mt-24-z\\\/#primaryimage\",\"url\":\"https:\\\/\\\/stylisticcristal.pl\\\/sklep\\\/wp-content\\\/uploads\\\/2023\\\/03\\\/MT24Z-chrom.jpg\",\"contentUrl\":\"https:\\\/\\\/stylisticcristal.pl\\\/sklep\\\/wp-content\\\/uploads\\\/2023\\\/03\\\/MT24Z-chrom.jpg\",\"width\":1200,\"height\":1200},{\"@type\":\"BreadcrumbList\",\"@id\":\"https:\\\/\\\/stylisticcristal.pl\\\/sklep\\\/produkty\\\/zyrandole\\\/zyrandol-maria-teresa-mt-24-z\\\/#breadcrumb\",\"itemListElement\":[{\"@type\":\"ListItem\",\"position\":1,\"name\":\"Home\",\"item\":\"https:\\\/\\\/stylisticcristal.pl\\\/sklep\\\/\"},{\"@type\":\"ListItem\",\"position\":2,\"name\":\"Produkty\",\"item\":\"https:\\\/\\\/stylisticcristal.pl\\\/sklep\\\/produkty\\\/\"},{\"@type\":\"ListItem\",\"position\":3,\"name\":\"\u017byrandol Maria Teresa MT\\\/24\\\/Z\"}]},{\"@type\":\"WebSite\",\"@id\":\"https:\\\/\\\/stylisticcristal.pl\\\/sklep\\\/#website\",\"url\":\"https:\\\/\\\/stylisticcristal.pl\\\/sklep\\\/\",\"name\":\"Sklep Stylistic Cristal\",\"description\":\"\u017cyrandole kryszta\u0142owe - sklep z luksusowym o\u015bwietleniem wn\u0119trz\",\"potentialAction\":[{\"@type\":\"SearchAction\",\"target\":{\"@type\":\"EntryPoint\",\"urlTemplate\":\"https:\\\/\\\/stylisticcristal.pl\\\/sklep\\\/?s={search_term_string}\"},\"query-input\":{\"@type\":\"PropertyValueSpecification\",\"valueRequired\":true,\"valueName\":\"search_term_string\"}}],\"inLanguage\":\"pl-PL\"}]}<\/script>\n<!-- \/ Yoast SEO plugin. -->","yoast_head_json":{"title":"\u017byrandol Maria Teresa MT\/24\/Z - Sklep Stylistic Cristal","robots":{"index":"index","follow":"follow","max-snippet":"max-snippet:-1","max-image-preview":"max-image-preview:large","max-video-preview":"max-video-preview:-1"},"canonical":"https:\/\/stylisticcristal.pl\/sklep\/produkty\/zyrandole\/zyrandol-maria-teresa-mt-24-z\/","og_locale":"pl_PL","og_type":"article","og_title":"\u017byrandol Maria Teresa MT\/24\/Z - Sklep Stylistic Cristal","og_description":"Elegancki \u017cyrandol z kolekcji Maria Teresa w kolorze srebrnym. Ozdobiony przepi\u0119knymi kryszta\u0142ami talerzykowymi.","og_url":"https:\/\/stylisticcristal.pl\/sklep\/produkty\/zyrandole\/zyrandol-maria-teresa-mt-24-z\/","og_site_name":"Sklep Stylistic Cristal","article_modified_time":"2024-04-09T11:27:48+00:00","og_image":[{"width":1200,"height":1200,"url":"https:\/\/stylisticcristal.pl\/sklep\/wp-content\/uploads\/2023\/03\/MT24Z-chrom.jpg","type":"image\/jpeg"}],"twitter_card":"summary_large_image","twitter_misc":{"Szacowany czas czytania":"1 minuta"},"schema":{"@context":"https:\/\/schema.org","@graph":[{"@type":"WebPage","@id":"https:\/\/stylisticcristal.pl\/sklep\/produkty\/zyrandole\/zyrandol-maria-teresa-mt-24-z\/","url":"https:\/\/stylisticcristal.pl\/sklep\/produkty\/zyrandole\/zyrandol-maria-teresa-mt-24-z\/","name":"\u017byrandol Maria Teresa MT\/24\/Z - Sklep Stylistic Cristal","isPartOf":{"@id":"https:\/\/stylisticcristal.pl\/sklep\/#website"},"primaryImageOfPage":{"@id":"https:\/\/stylisticcristal.pl\/sklep\/produkty\/zyrandole\/zyrandol-maria-teresa-mt-24-z\/#primaryimage"},"image":{"@id":"https:\/\/stylisticcristal.pl\/sklep\/produkty\/zyrandole\/zyrandol-maria-teresa-mt-24-z\/#primaryimage"},"thumbnailUrl":"https:\/\/stylisticcristal.pl\/sklep\/wp-content\/uploads\/2023\/03\/MT24Z-chrom.jpg","datePublished":"2023-03-03T08:52:15+00:00","dateModified":"2024-04-09T11:27:48+00:00","breadcrumb":{"@id":"https:\/\/stylisticcristal.pl\/sklep\/produkty\/zyrandole\/zyrandol-maria-teresa-mt-24-z\/#breadcrumb"},"inLanguage":"pl-PL","potentialAction":[{"@type":"ReadAction","target":["https:\/\/stylisticcristal.pl\/sklep\/produkty\/zyrandole\/zyrandol-maria-teresa-mt-24-z\/"]}]},{"@type":"ImageObject","inLanguage":"pl-PL","@id":"https:\/\/stylisticcristal.pl\/sklep\/produkty\/zyrandole\/zyrandol-maria-teresa-mt-24-z\/#primaryimage","url":"https:\/\/stylisticcristal.pl\/sklep\/wp-content\/uploads\/2023\/03\/MT24Z-chrom.jpg","contentUrl":"https:\/\/stylisticcristal.pl\/sklep\/wp-content\/uploads\/2023\/03\/MT24Z-chrom.jpg","width":1200,"height":1200},{"@type":"BreadcrumbList","@id":"https:\/\/stylisticcristal.pl\/sklep\/produkty\/zyrandole\/zyrandol-maria-teresa-mt-24-z\/#breadcrumb","itemListElement":[{"@type":"ListItem","position":1,"name":"Home","item":"https:\/\/stylisticcristal.pl\/sklep\/"},{"@type":"ListItem","position":2,"name":"Produkty","item":"https:\/\/stylisticcristal.pl\/sklep\/produkty\/"},{"@type":"ListItem","position":3,"name":"\u017byrandol Maria Teresa MT\/24\/Z"}]},{"@type":"WebSite","@id":"https:\/\/stylisticcristal.pl\/sklep\/#website","url":"https:\/\/stylisticcristal.pl\/sklep\/","name":"Sklep Stylistic Cristal","description":"\u017cyrandole kryszta\u0142owe - sklep z luksusowym o\u015bwietleniem wn\u0119trz","potentialAction":[{"@type":"SearchAction","target":{"@type":"EntryPoint","urlTemplate":"https:\/\/stylisticcristal.pl\/sklep\/?s={search_term_string}"},"query-input":{"@type":"PropertyValueSpecification","valueRequired":true,"valueName":"search_term_string"}}],"inLanguage":"pl-PL"}]}},"_links":{"self":[{"href":"https:\/\/stylisticcristal.pl\/sklep\/wp-json\/wp\/v2\/product\/1307","targetHints":{"allow":["GET"]}}],"collection":[{"href":"https:\/\/stylisticcristal.pl\/sklep\/wp-json\/wp\/v2\/product"}],"about":[{"href":"https:\/\/stylisticcristal.pl\/sklep\/wp-json\/wp\/v2\/types\/product"}],"wp:featuredmedia":[{"embeddable":true,"href":"https:\/\/stylisticcristal.pl\/sklep\/wp-json\/wp\/v2\/media\/1308"}],"wp:attachment":[{"href":"https:\/\/stylisticcristal.pl\/sklep\/wp-json\/wp\/v2\/media?parent=1307"}],"wp:term":[{"taxonomy":"product_brand","embeddable":true,"href":"https:\/\/stylisticcristal.pl\/sklep\/wp-json\/wp\/v2\/product_brand?post=1307"},{"taxonomy":"product_cat","embeddable":true,"href":"https:\/\/stylisticcristal.pl\/sklep\/wp-json\/wp\/v2\/product_cat?post=1307"},{"taxonomy":"product_tag","embeddable":true,"href":"https:\/\/stylisticcristal.pl\/sklep\/wp-json\/wp\/v2\/product_tag?post=1307"}],"curies":[{"name":"wp","href":"https:\/\/api.w.org\/{rel}","templated":true}]}}