{"id":1288,"date":"2023-03-02T16:18:30","date_gmt":"2023-03-02T15:18:30","guid":{"rendered":"https:\/\/sklep.stylisticcristal.pl\/?post_type=product&#038;p=1288"},"modified":"2024-04-10T11:54:13","modified_gmt":"2024-04-10T09:54:13","slug":"kinkiet-maria-teresa-mt-2-z-wl","status":"publish","type":"product","link":"https:\/\/stylisticcristal.pl\/sklep\/produkty\/kinkiety\/kinkiet-maria-teresa-mt-2-z-wl\/","title":{"rendered":"Kinkiet Maria Teresa MT\/2\/Z\/WL"},"content":{"rendered":"<p>Maria Teresa to klasyczna kolekcja z \u017cyrandolami w tzw. typie \u015bwiecznikowym. \u017bar\u00f3wki nie s\u0105 zakryte, lecz ods\u0142oni\u0119te, niczym \u015bwiecie w tradycyjnych sposobach o\u015bwietlania wn\u0119trz, jeszcze przed wynalezieniem elektryczno\u015bci. Taka forma lamp wnosi do wn\u0119trza niezwykle elegancki, klimatyczny nastr\u00f3j, zabieraj\u0105c naszych go\u015bci w zupe\u0142nie inn\u0105 epok\u0119. Kinkiety z kolekcji Maria Teresa sprawdz\u0105 si\u0119 jednak nie tylko w klasycznych wn\u0119trzach. Nasi klienci wielokrotnie prze\u0142amuj\u0105 minimalistyczne, nowoczesne aran\u017cacje nasz\u0105 ikon\u0105 spo\u015br\u00f3d kryszta\u0142owego o\u015bwietlenia.<\/p>\n","protected":false},"excerpt":{"rendered":"<div class=\"woocommerce-product-details__short-description\">\n<p>Niezwykle elegancka lampa na\u015bcienna z klasycznej kolekcji Maria Teresa. \u015awiecznikowy kinkiet doda prawdziwego uroku ka\u017cdemu wn\u0119trzu.<\/p>\n<\/div>\n","protected":false},"featured_media":1289,"template":"","meta":[],"product_brand":[],"product_cat":[160],"product_tag":[246],"class_list":{"0":"post-1288","1":"product","2":"type-product","3":"status-publish","4":"has-post-thumbnail","6":"product_cat-kinkiety","7":"product_tag-kolekcja-maria-teresa","9":"first","10":"instock","11":"taxable","12":"shipping-taxable","13":"purchasable","14":"product-type-variable"},"yoast_head":"<!-- This site is optimized with the Yoast SEO plugin v27.3 - https:\/\/yoast.com\/product\/yoast-seo-wordpress\/ -->\n<title>Kinkiet Maria Teresa MT\/2\/Z\/WL - Sklep Stylistic Cristal<\/title>\n<meta name=\"robots\" content=\"index, follow, max-snippet:-1, max-image-preview:large, max-video-preview:-1\" \/>\n<link rel=\"canonical\" href=\"https:\/\/stylisticcristal.pl\/sklep\/produkty\/kinkiety\/kinkiet-maria-teresa-mt-2-z-wl\/\" \/>\n<meta property=\"og:locale\" content=\"pl_PL\" \/>\n<meta property=\"og:type\" content=\"article\" \/>\n<meta property=\"og:title\" content=\"Kinkiet Maria Teresa MT\/2\/Z\/WL - Sklep Stylistic Cristal\" \/>\n<meta property=\"og:description\" content=\"Niezwykle elegancka lampa na\u015bcienna z klasycznej kolekcji Maria Teresa. \u015awiecznikowy kinkiet doda prawdziwego uroku ka\u017cdemu wn\u0119trzu.\" \/>\n<meta property=\"og:url\" content=\"https:\/\/stylisticcristal.pl\/sklep\/produkty\/kinkiety\/kinkiet-maria-teresa-mt-2-z-wl\/\" \/>\n<meta property=\"og:site_name\" content=\"Sklep Stylistic Cristal\" \/>\n<meta property=\"article:modified_time\" content=\"2024-04-10T09:54:13+00:00\" \/>\n<meta property=\"og:image\" content=\"https:\/\/stylisticcristal.pl\/sklep\/wp-content\/uploads\/2023\/03\/MT2Z-WL-chrom-1.jpg\" \/>\n\t<meta property=\"og:image:width\" content=\"1200\" \/>\n\t<meta property=\"og:image:height\" content=\"1200\" \/>\n\t<meta property=\"og:image:type\" content=\"image\/jpeg\" \/>\n<meta name=\"twitter:card\" content=\"summary_large_image\" \/>\n<meta name=\"twitter:label1\" content=\"Szacowany czas czytania\" \/>\n\t<meta name=\"twitter:data1\" content=\"1 minuta\" \/>\n<script type=\"application\/ld+json\" class=\"yoast-schema-graph\">{\"@context\":\"https:\\\/\\\/schema.org\",\"@graph\":[{\"@type\":\"WebPage\",\"@id\":\"https:\\\/\\\/stylisticcristal.pl\\\/sklep\\\/produkty\\\/kinkiety\\\/kinkiet-maria-teresa-mt-2-z-wl\\\/\",\"url\":\"https:\\\/\\\/stylisticcristal.pl\\\/sklep\\\/produkty\\\/kinkiety\\\/kinkiet-maria-teresa-mt-2-z-wl\\\/\",\"name\":\"Kinkiet Maria Teresa MT\\\/2\\\/Z\\\/WL - Sklep Stylistic Cristal\",\"isPartOf\":{\"@id\":\"https:\\\/\\\/stylisticcristal.pl\\\/sklep\\\/#website\"},\"primaryImageOfPage\":{\"@id\":\"https:\\\/\\\/stylisticcristal.pl\\\/sklep\\\/produkty\\\/kinkiety\\\/kinkiet-maria-teresa-mt-2-z-wl\\\/#primaryimage\"},\"image\":{\"@id\":\"https:\\\/\\\/stylisticcristal.pl\\\/sklep\\\/produkty\\\/kinkiety\\\/kinkiet-maria-teresa-mt-2-z-wl\\\/#primaryimage\"},\"thumbnailUrl\":\"https:\\\/\\\/stylisticcristal.pl\\\/sklep\\\/wp-content\\\/uploads\\\/2023\\\/03\\\/MT2Z-WL-chrom-1.jpg\",\"datePublished\":\"2023-03-02T15:18:30+00:00\",\"dateModified\":\"2024-04-10T09:54:13+00:00\",\"breadcrumb\":{\"@id\":\"https:\\\/\\\/stylisticcristal.pl\\\/sklep\\\/produkty\\\/kinkiety\\\/kinkiet-maria-teresa-mt-2-z-wl\\\/#breadcrumb\"},\"inLanguage\":\"pl-PL\",\"potentialAction\":[{\"@type\":\"ReadAction\",\"target\":[\"https:\\\/\\\/stylisticcristal.pl\\\/sklep\\\/produkty\\\/kinkiety\\\/kinkiet-maria-teresa-mt-2-z-wl\\\/\"]}]},{\"@type\":\"ImageObject\",\"inLanguage\":\"pl-PL\",\"@id\":\"https:\\\/\\\/stylisticcristal.pl\\\/sklep\\\/produkty\\\/kinkiety\\\/kinkiet-maria-teresa-mt-2-z-wl\\\/#primaryimage\",\"url\":\"https:\\\/\\\/stylisticcristal.pl\\\/sklep\\\/wp-content\\\/uploads\\\/2023\\\/03\\\/MT2Z-WL-chrom-1.jpg\",\"contentUrl\":\"https:\\\/\\\/stylisticcristal.pl\\\/sklep\\\/wp-content\\\/uploads\\\/2023\\\/03\\\/MT2Z-WL-chrom-1.jpg\",\"width\":1200,\"height\":1200},{\"@type\":\"BreadcrumbList\",\"@id\":\"https:\\\/\\\/stylisticcristal.pl\\\/sklep\\\/produkty\\\/kinkiety\\\/kinkiet-maria-teresa-mt-2-z-wl\\\/#breadcrumb\",\"itemListElement\":[{\"@type\":\"ListItem\",\"position\":1,\"name\":\"Home\",\"item\":\"https:\\\/\\\/stylisticcristal.pl\\\/sklep\\\/\"},{\"@type\":\"ListItem\",\"position\":2,\"name\":\"Produkty\",\"item\":\"https:\\\/\\\/stylisticcristal.pl\\\/sklep\\\/produkty\\\/\"},{\"@type\":\"ListItem\",\"position\":3,\"name\":\"Kinkiet Maria Teresa MT\\\/2\\\/Z\\\/WL\"}]},{\"@type\":\"WebSite\",\"@id\":\"https:\\\/\\\/stylisticcristal.pl\\\/sklep\\\/#website\",\"url\":\"https:\\\/\\\/stylisticcristal.pl\\\/sklep\\\/\",\"name\":\"Sklep Stylistic Cristal\",\"description\":\"\u017cyrandole kryszta\u0142owe - sklep z luksusowym o\u015bwietleniem wn\u0119trz\",\"potentialAction\":[{\"@type\":\"SearchAction\",\"target\":{\"@type\":\"EntryPoint\",\"urlTemplate\":\"https:\\\/\\\/stylisticcristal.pl\\\/sklep\\\/?s={search_term_string}\"},\"query-input\":{\"@type\":\"PropertyValueSpecification\",\"valueRequired\":true,\"valueName\":\"search_term_string\"}}],\"inLanguage\":\"pl-PL\"}]}<\/script>\n<!-- \/ Yoast SEO plugin. -->","yoast_head_json":{"title":"Kinkiet Maria Teresa MT\/2\/Z\/WL - Sklep Stylistic Cristal","robots":{"index":"index","follow":"follow","max-snippet":"max-snippet:-1","max-image-preview":"max-image-preview:large","max-video-preview":"max-video-preview:-1"},"canonical":"https:\/\/stylisticcristal.pl\/sklep\/produkty\/kinkiety\/kinkiet-maria-teresa-mt-2-z-wl\/","og_locale":"pl_PL","og_type":"article","og_title":"Kinkiet Maria Teresa MT\/2\/Z\/WL - Sklep Stylistic Cristal","og_description":"Niezwykle elegancka lampa na\u015bcienna z klasycznej kolekcji Maria Teresa. \u015awiecznikowy kinkiet doda prawdziwego uroku ka\u017cdemu wn\u0119trzu.","og_url":"https:\/\/stylisticcristal.pl\/sklep\/produkty\/kinkiety\/kinkiet-maria-teresa-mt-2-z-wl\/","og_site_name":"Sklep Stylistic Cristal","article_modified_time":"2024-04-10T09:54:13+00:00","og_image":[{"width":1200,"height":1200,"url":"https:\/\/stylisticcristal.pl\/sklep\/wp-content\/uploads\/2023\/03\/MT2Z-WL-chrom-1.jpg","type":"image\/jpeg"}],"twitter_card":"summary_large_image","twitter_misc":{"Szacowany czas czytania":"1 minuta"},"schema":{"@context":"https:\/\/schema.org","@graph":[{"@type":"WebPage","@id":"https:\/\/stylisticcristal.pl\/sklep\/produkty\/kinkiety\/kinkiet-maria-teresa-mt-2-z-wl\/","url":"https:\/\/stylisticcristal.pl\/sklep\/produkty\/kinkiety\/kinkiet-maria-teresa-mt-2-z-wl\/","name":"Kinkiet Maria Teresa MT\/2\/Z\/WL - Sklep Stylistic Cristal","isPartOf":{"@id":"https:\/\/stylisticcristal.pl\/sklep\/#website"},"primaryImageOfPage":{"@id":"https:\/\/stylisticcristal.pl\/sklep\/produkty\/kinkiety\/kinkiet-maria-teresa-mt-2-z-wl\/#primaryimage"},"image":{"@id":"https:\/\/stylisticcristal.pl\/sklep\/produkty\/kinkiety\/kinkiet-maria-teresa-mt-2-z-wl\/#primaryimage"},"thumbnailUrl":"https:\/\/stylisticcristal.pl\/sklep\/wp-content\/uploads\/2023\/03\/MT2Z-WL-chrom-1.jpg","datePublished":"2023-03-02T15:18:30+00:00","dateModified":"2024-04-10T09:54:13+00:00","breadcrumb":{"@id":"https:\/\/stylisticcristal.pl\/sklep\/produkty\/kinkiety\/kinkiet-maria-teresa-mt-2-z-wl\/#breadcrumb"},"inLanguage":"pl-PL","potentialAction":[{"@type":"ReadAction","target":["https:\/\/stylisticcristal.pl\/sklep\/produkty\/kinkiety\/kinkiet-maria-teresa-mt-2-z-wl\/"]}]},{"@type":"ImageObject","inLanguage":"pl-PL","@id":"https:\/\/stylisticcristal.pl\/sklep\/produkty\/kinkiety\/kinkiet-maria-teresa-mt-2-z-wl\/#primaryimage","url":"https:\/\/stylisticcristal.pl\/sklep\/wp-content\/uploads\/2023\/03\/MT2Z-WL-chrom-1.jpg","contentUrl":"https:\/\/stylisticcristal.pl\/sklep\/wp-content\/uploads\/2023\/03\/MT2Z-WL-chrom-1.jpg","width":1200,"height":1200},{"@type":"BreadcrumbList","@id":"https:\/\/stylisticcristal.pl\/sklep\/produkty\/kinkiety\/kinkiet-maria-teresa-mt-2-z-wl\/#breadcrumb","itemListElement":[{"@type":"ListItem","position":1,"name":"Home","item":"https:\/\/stylisticcristal.pl\/sklep\/"},{"@type":"ListItem","position":2,"name":"Produkty","item":"https:\/\/stylisticcristal.pl\/sklep\/produkty\/"},{"@type":"ListItem","position":3,"name":"Kinkiet Maria Teresa MT\/2\/Z\/WL"}]},{"@type":"WebSite","@id":"https:\/\/stylisticcristal.pl\/sklep\/#website","url":"https:\/\/stylisticcristal.pl\/sklep\/","name":"Sklep Stylistic Cristal","description":"\u017cyrandole kryszta\u0142owe - sklep z luksusowym o\u015bwietleniem wn\u0119trz","potentialAction":[{"@type":"SearchAction","target":{"@type":"EntryPoint","urlTemplate":"https:\/\/stylisticcristal.pl\/sklep\/?s={search_term_string}"},"query-input":{"@type":"PropertyValueSpecification","valueRequired":true,"valueName":"search_term_string"}}],"inLanguage":"pl-PL"}]}},"_links":{"self":[{"href":"https:\/\/stylisticcristal.pl\/sklep\/wp-json\/wp\/v2\/product\/1288","targetHints":{"allow":["GET"]}}],"collection":[{"href":"https:\/\/stylisticcristal.pl\/sklep\/wp-json\/wp\/v2\/product"}],"about":[{"href":"https:\/\/stylisticcristal.pl\/sklep\/wp-json\/wp\/v2\/types\/product"}],"wp:featuredmedia":[{"embeddable":true,"href":"https:\/\/stylisticcristal.pl\/sklep\/wp-json\/wp\/v2\/media\/1289"}],"wp:attachment":[{"href":"https:\/\/stylisticcristal.pl\/sklep\/wp-json\/wp\/v2\/media?parent=1288"}],"wp:term":[{"taxonomy":"product_brand","embeddable":true,"href":"https:\/\/stylisticcristal.pl\/sklep\/wp-json\/wp\/v2\/product_brand?post=1288"},{"taxonomy":"product_cat","embeddable":true,"href":"https:\/\/stylisticcristal.pl\/sklep\/wp-json\/wp\/v2\/product_cat?post=1288"},{"taxonomy":"product_tag","embeddable":true,"href":"https:\/\/stylisticcristal.pl\/sklep\/wp-json\/wp\/v2\/product_tag?post=1288"}],"curies":[{"name":"wp","href":"https:\/\/api.w.org\/{rel}","templated":true}]}}