{"id":816,"date":"2022-05-23T13:32:43","date_gmt":"2022-05-23T11:32:43","guid":{"rendered":"https:\/\/sklep.stylisticcristal.pl\/?page_id=816"},"modified":"2023-06-20T13:44:48","modified_gmt":"2023-06-20T11:44:48","slug":"polityka-prywatnosci-i-cookies","status":"publish","type":"page","link":"https:\/\/stylisticcristal.pl\/sklep\/polityka-prywatnosci-i-cookies\/","title":{"rendered":"Polityka prywatno\u015bci i cookies"},"content":{"rendered":"<section class=\"wpb-content-wrapper\">[vc_row][vc_column][vc_column_text]\n<p class=\"p1\"><b>Postanowienia wst\u0119pne<\/b><\/p>\n<p class=\"p1\">Niniejsza polityka prywatno\u015bci okre\u015bla:<\/p>\n<ul class=\"ul1\">\n<li class=\"li2\">informacje dotycz\u0105ce przetwarzania danych osobowych przez Stylistic Cristal Marek Kotysz, Irena Kotysz sp\u00f3\u0142ka cywilna, ul. Metalowc\u00f3w 6, 44-109 Gliwice, NIP 6312656179 (Administrator) w ramach dzia\u0142alno\u015bci sklepu internetowego mieszcz\u0105cego si\u0119 pod witryn\u0105 https:\/\/stylisticcristal.pl\/sklep\/ (Sklep), zgodnie z wymaganymi zasadami informowania os\u00f3b, kt\u00f3rych dane dotycz\u0105 przez og\u00f3lne rozporz\u0105dzenia o ochronie danych osobowych (RODO),<\/li>\n<li class=\"li2\">zasady przetwarzania danych osobowych przez Administratora w ramach<span class=\"Apple-converted-space\">\u00a0 <\/span>dzia\u0142alno\u015bci Sklepu,<\/li>\n<li class=\"li1\">zasady wykorzystywania przez Administratora plik\u00f3w cookies w ramach<span class=\"Apple-converted-space\">\u00a0 <\/span>dzia\u0142alno\u015bci Sklepu.<\/li>\n<\/ul>\n<p class=\"p1\"><b>Obowi\u0105zek informacyjny<\/b><\/p>\n<p class=\"p1\">Administratorem Pa\u0144stwa danych osobowych jest Stylistic Cristal Marek Kotysz, Irena Kotysz sp\u00f3\u0142ka cywilna, ul. Metalowc\u00f3w 6, 44-109 Gliwice, NIP 6312656179<\/p>\n<p class=\"p1\">Z Administratorem mo\u017cna skontaktowa\u0107 si\u0119:<\/p>\n<ul class=\"ul1\">\n<li class=\"li2\">mailowo pod adresem: stylistic@stylisticcristal.pl<\/li>\n<li class=\"li1\">poczt\u0105 lub osobi\u015bcie pod adresem: ul. Metalowc\u00f3w 6, 44-109 Gliwice<\/li>\n<\/ul>\n<p class=\"p1\">Przedstawicielem Administratora ds. ochrony danych osobowych jest pan Marek Kotysz, adres e-mail: stylistic@stylisticcristal.pl<\/p>\n<p class=\"p1\">Dane osobowe s\u0105 wykorzystywane przez Administratora w celu:<\/p>\n<ol class=\"ol1\">\n<li class=\"li2\"><span class=\"s1\">wykonywania zawartych z Pa\u0144stwa um\u00f3w oraz podejmowania czynno\u015bci na Pa\u0144stwa \u017c\u0105dania w celu zawarcia takiej umowy,<\/span><\/li>\n<li class=\"li2\"><span class=\"s1\">\u015bwiadczenie us\u0142ug drog\u0105 elektroniczn\u0105 (w tym administrowanie kontem u\u017cytkownika),<\/span><\/li>\n<li class=\"li2\"><span class=\"s1\">realizacji obowi\u0105zk\u00f3w prawnych administratora, w celu wykonywania<span class=\"Apple-converted-space\">\u00a0 <\/span>obowi\u0105zk\u00f3w publicznoprawnych Administratora,<\/span><\/li>\n<li class=\"li2\"><span class=\"s1\">realizacji prawnie uzasadnionych interes\u00f3w Administratora, w tym:<span class=\"Apple-converted-space\">\u00a0<\/span><\/span>\n<ol class=\"ol2\">\n<li class=\"li2\"><span class=\"s1\">dochodzenia roszcze\u0144 przez Administratora lub obrony przed roszczeniami os\u00f3b trzecich,<\/span><\/li>\n<li class=\"li2\"><span class=\"s1\"> monitoring zachowania na stronie, w tym nagrywanie ekranu,<\/span><\/li>\n<li class=\"li2\"><span class=\"s1\">prowadzenie analizy za pomoc\u0105 Google Analytics, piksel konwersji Meta (Facebook) oraz Insight Tag LinkedIn,<\/span><\/li>\n<\/ol>\n<\/li>\n<li class=\"li2\"><span class=\"s1\">w celach marketingowych, w tym w szczeg\u00f3lno\u015bci:<\/span>\n<ol class=\"ol2\">\n<li class=\"li2\"><span class=\"s1\"> obs\u0142uga zapyta\u0144 przez formularz,<\/span><\/li>\n<li class=\"li2\"><span class=\"s1\"> prezentacja oferty lub informacji,<\/span><\/li>\n<li class=\"li2\"><span class=\"s1\">profilowanie os\u00f3b fizycznych,<\/span><\/li>\n<li class=\"li2\"><span class=\"s1\">remarketing,<\/span><\/li>\n<li class=\"li1\"><span class=\"s1\">dzia\u0142ania marketing automation.<\/span><\/li>\n<\/ol>\n<\/li>\n<\/ol>\n<p class=\"p1\">Pa\u0144stwa dane osobowe s\u0105 przechowywane przez okres niezb\u0119dny do realizacji umowy oraz przewidywany przez powszechnie obowi\u0105zuj\u0105ce przepisy prawa.<\/p>\n<p class=\"p1\">Administrator mo\u017ce przekazywa\u0107 Pa\u0144stwa dane partnerom, kt\u00f3rym Administrator zleca zadania zewn\u0119trzne, przyk\u0142adowo zada\u0144 zwi\u0105zanych z ksi\u0119gowo\u015bci\u0105 i rachunkowo\u015bci\u0105. Administrator mo\u017ce tak\u017ce przekazywa\u0107 Pa\u0144stwa dane partnerom w zakresie dostarczanych przez Administratora produkt\u00f3w.<\/p>\n<p class=\"p1\">Administrator poucza o prawie do dost\u0119pu do swoich danych, ich sprostowania, usuni\u0119cia lub ograniczania przetwarzania oraz sprzeciwu wobec przetwarzania danych wynikaj\u0105cych z prawnie uzasadnionych interes\u00f3w administratora. Ponadto posiadaj\u0105 Pa\u0144stwo prawo do wycofania zgody na przetwarzanie danych osobowych, co nie wp\u0142ywa na zgodno\u015b\u0107 z prawem przetwarzania tych danych przed cofni\u0119ciem zgody. O\u015bwiadczenie o cofni\u0119ciu zgody na przetwarzanie danych osobowych nale\u017cy przekaza\u0107 w formie pisemnej lub elektronicznej na wy\u017cej podane dane kontaktowe.<\/p>\n<p class=\"p1\">Ponadto przys\u0142uguje Pa\u0144stwu prawo do wniesienia skargi do Prezesa Urz\u0119du Ochrony Danych Osobowych w przypadku, gdy uwa\u017caj\u0105 Pa\u0144stwo, i\u017c czynno\u015bci przetwarzaj\u0105 naruszaj\u0105 przepisy Og\u00f3lnego Rozporz\u0105dzenia o Ochronie Danych Osobowych.<\/p>\n<p class=\"p1\">Administrator nie przekazuje Pa\u0144stwa danych osobowych poza obszar Unii Europejskiej.<\/p>\n<p class=\"p1\">Administrator dokonuje profilowania przy zbieraniu plik\u00f3w cookies. Profilowanie polega na zbieraniu informacji o osobie, kt\u00f3rej dane dotycz\u0105 na podstawie jej zachowa\u0144 w Sklepie. Mo\u017cliwe jest dokonanie we w\u0142asnym zakresie wy\u0142\u0105czenia profiluj\u0105cych plik\u00f3w cookies, jednak\u017ce b\u0119dzie to wi\u0105za\u0142o si\u0119 z ca\u0142o\u015bciowym zablokowaniem u\u017cywania plik\u00f3w cookies.W tym zakresie zob. pkt \u201cPliki Cookies\u201d wraz z instrukcj\u0105 do wy\u0142\u0105czenia funkcjonowania plik\u00f3w cookies.<\/p>\n<p class=\"p1\">Wszystkie Pa\u0144stwa dane osobowe b\u0119d\u0105 przetwarzane w spos\u00f3b zapewniaj\u0105cy ich poufno\u015b\u0107 oraz bezpiecze\u0144stwo. Administrator zobowi\u0105zuje si\u0119 wdro\u017cy\u0107 odpowiednie \u015brodki organizacyjne oraz techniczne w celu zapewnienia poufno\u015bci i bezpiecze\u0144stwa danych osobowych przetwarzanych przez niego w ramach Sklepu.<span class=\"Apple-converted-space\">\u00a0<\/span><\/p>\n<p class=\"p1\"><b>Zasady przetwarzania danych osobowych<\/b><\/p>\n<p class=\"p1\">Administrator zbiera informacje podane przez U\u017cytkownika Sklepu:<\/p>\n<ul class=\"ul1\">\n<li class=\"li2\">za po\u015brednictwem plik\u00f3w cookies (o czym w dalszej cz\u0119\u015bci Polityki),<\/li>\n<li class=\"li1\">podane w Sklepie dobrowolnie przez U\u017cytkownika.<\/li>\n<\/ul>\n<p class=\"p1\"><b>Dane osobowe niezb\u0119dne do dokonywania zakup\u00f3w w Sklepie<\/b><\/p>\n<p class=\"p1\">U\u017cytkownik, aby dokona\u0107 zakupu w Sklepie zobowi\u0105zany jest:<\/p>\n<ol class=\"ol1\">\n<li class=\"li2\">spe\u0142nia\u0107 wymogi do korzystania ze strony internetowej Sklepu,<\/li>\n<li class=\"li2\">za\u0142o\u017cy\u0107 konto i poda\u0107:\n<ol class=\"ol1\">\n<li class=\"li2\"><span class=\"s1\">imi\u0119 i nazwisko U\u017cytkownika, <\/span><\/li>\n<li class=\"li2\"><span class=\"s1\">firm\u0119 (w przypadku podmiot\u00f3w prowadz\u0105cych dzia\u0142alno\u015b\u0107 gospodarcz\u0105),<\/span><\/li>\n<li class=\"li2\"><span class=\"s1\">NIP (w przypadku podmiot\u00f3w prowadz\u0105cych dzia\u0142alno\u015bci gospodarcz\u0105 lub os\u00f3b fizycznych, kt\u00f3re \u017c\u0105daj\u0105 wystawienia faktury),<\/span><\/li>\n<li class=\"li2\"><span class=\"s1\">adres, <\/span><\/li>\n<li class=\"li2\"><span class=\"s1\">adres poczty elektronicznej,<span class=\"Apple-converted-space\">\u00a0<\/span><\/span><\/li>\n<li class=\"li1\"><span class=\"s1\">numer telefonu.<\/span><br \/>\n<span class=\"Apple-converted-space\">\u00a0 <\/span><\/li>\n<\/ol>\n<\/li>\n<\/ol>\n<p class=\"p1\">U\u017cytkownik loguje si\u0119 za po\u015brednictwem podanego adresu poczty elektronicznej (login). Konto zabezpieczone jest has\u0142em.<\/p>\n<p class=\"p1\">Podanie danych jest dobrowolne, ale odmowa ich podania skutkuje (za wyj\u0105tkiem danych, kt\u00f3re s\u0105 wskazane jako dobrowolne) niemo\u017cno\u015bci\u0105 za\u0142o\u017cenia konta, a co za tym idzie, niemo\u017cno\u015bci\u0105 dokonania zakupu w Sklepie.<\/p>\n<p class=\"p1\"><b>Formularz kontaktowy<\/b><\/p>\n<p class=\"p1\">Dane zebrane przez formularz kontaktowy zbierane s\u0105 w celu udzielenia informacji na zapytanie U\u017cytkownika.<\/p>\n<p class=\"p1\"><b>Pliki cookies<\/b><\/p>\n<p class=\"p1\">Wy\u0142\u0105czenie plik\u00f3w cookies mo\u017ce by\u0107 dokonane przez U\u017cytkownika:<\/p>\n<ul class=\"ul1\">\n<li class=\"li2\">w ustawieniach przegl\u0105darki internetowej, z kt\u00f3rej U\u017cytkownik korzysta,<\/li>\n<li class=\"li1\">w ustawieniach urz\u0105dzenia ko\u0144cowego, z kt\u00f3rego U\u017cytkownik korzysta.<\/li>\n<\/ul>\n<p class=\"p1\">W przypadku gdy U\u017cytkownik nie wy\u0142\u0105czy plik\u00f3w cookies w spos\u00f3b wskazany powy\u017cej, pliki cookies b\u0119d\u0105 stosowane ca\u0142o\u015bciowo. Pliki cookies mo\u017cna zatem zaakceptowa\u0107 w ca\u0142o\u015bci lub w ca\u0142o\u015bci odrzuci\u0107, Sklep Internetowy nie przewiduje rozwi\u0105za\u0144 po\u015brednich.<\/p>\n<p class=\"p1\">Witryna Sklepu wykorzystuje pliki cookies stanowi\u0105ce dane informatyczne, kt\u00f3re s\u0105 przechowywane w urz\u0105dzeniu ko\u0144cowym U\u017cytkownika i przeznaczone s\u0105 do korzystania ze stron w sieci Internet.<\/p>\n<p class=\"p1\">Sklep wykorzystuje dwa rodzaje plik\u00f3w cookies:<\/p>\n<ul class=\"ul1\">\n<li class=\"li2\">sta\u0142e &#8211; pozostaj\u0105 na urz\u0105dzeniu ko\u0144cowym U\u017cytkownika tak d\u0142ugo, jak d\u0142ugo ustawiona jest ich \u017cywotno\u015b\u0107 lub do momentu r\u0119cznego usuni\u0119cia,<\/li>\n<li class=\"li1\">sesyjne &#8211; pliki tymczasowe przechowywanymi w pami\u0119ci przegl\u0105darki. Pozostaj\u0105 na urz\u0105dzeniu ko\u0144cowym U\u017cytkownika do czasu opuszczenia strony.<\/li>\n<\/ul>\n<p class=\"p1\">Wykorzystywane pliki cookies (Pliki te nie przechowuj\u0105 \u017cadnych informacji o charakterze poufnym.)<\/p>\n<p class=\"p1\">\u2022 Google Analytics \u2013 Te pliki cookie umo\u017cliwiaj\u0105 dzia\u0142anie funkcji Google Analytics.<\/p>\n<ul class=\"ul1\">\n<li class=\"li1\">Facebook \u2013 Te pliki cookie umo\u017cliwiaj\u0105 dzia\u0142anie funkcji statystyk Facebooka (Meta).<\/li>\n<li class=\"li1\">LinkedIn \u2013 Te pliki cookie umo\u017cliwiaj\u0105 dzia\u0142anie funkcji statystyk LinkedIn.<\/li>\n<\/ul>\n<p class=\"p1\">Oprogramowanie do przegl\u0105dania stron internetowych (przegl\u0105darka internetowa) zazwyczaj domy\u015blnie dopuszcza przechowywanie plik\u00f3w cookies w urz\u0105dzeniu ko\u0144cowym U\u017cytkownika. U\u017cytkownicy Strony mog\u0105 dokona\u0107 zmiany ustawie\u0144 w tym zakresie. Przegl\u0105darka internetowa umo\u017cliwia usuni\u0119cie plik\u00f3w cookies. Mo\u017cliwe jest tak\u017ce automatyczne blokowanie plik\u00f3w cookies Szczeg\u00f3\u0142owe informacje na ten temat zawiera pomoc lub dokumentacja przegl\u0105darki internetowej.<\/p>\n<p class=\"p1\">Ograniczenia stosowania plik\u00f3w cookies mog\u0105 wp\u0142yn\u0105\u0107 na niekt\u00f3re funkcjonalno\u015bci dost\u0119pne na stronach internetowych Serwisu.<\/p>\n<p class=\"p1\">Zalecamy przeczytanie polityki ochrony prywatno\u015bci Google, aby pozna\u0107 zasady korzystania z plik\u00f3w cookie wykorzystywane w statystykach: Polityka ochrony prywatno\u015bci Google Analytics.<\/p>\n<p class=\"p1\">W zakresie informacji o preferencjach u\u017cytkownika gromadzonych przez sie\u0107 reklamow\u0105 Google u\u017cytkownik mo\u017ce przegl\u0105da\u0107 i edytowa\u0107 informacje wynikaj\u0105ce z plik\u00f3w cookies przy pomocy narz\u0119dzia: https:\/\/www.google.com\/ads\/preferences\/<\/p>\n<p class=\"p1\">Pliki cookies wykorzystywane s\u0105 w celu:<\/p>\n<ul class=\"ul1\">\n<li class=\"li2\">profilowaniu os\u00f3b fizycznych, a zatem w celu zbierania informacji o U\u017cytkowniku i jego preferencjach w zakresie u\u017cywania strony internetowej Sklepu,<\/li>\n<li class=\"li2\">monitoringu aktywno\u015bci U\u017cytkownika na stronie Sklepu, w tym nagrywanie ekranu, w celu zapewnienia U\u017cytkownikowi dost\u0119pu do reklam odzwierciedlaj\u0105cych preferencji U\u017cytkownika,<\/li>\n<li class=\"li2\">tworzenia statystyk, kt\u00f3re pomagaj\u0105 zrozumie\u0107, w jaki spos\u00f3b U\u017cytkownicy Strony korzystaj\u0105 ze stron internetowych, co umo\u017cliwia ulepszanie ich struktury i zawarto\u015bci;<\/li>\n<li class=\"li2\">okre\u015blania profilu u\u017cytkownika w celu wy\u015bwietlania mu dopasowanych materia\u0142\u00f3w w sieciach reklamowych, w szczeg\u00f3lno\u015bci sieci Google.<\/li>\n<li class=\"li2\">remarketingu &#8211; wy\u015bwietlania reklam dla os\u00f3b, kt\u00f3re odwiedzi\u0142y Sklep Internetowy,<\/li>\n<li class=\"li2\">dzia\u0142ania marketingu automation,<span class=\"Apple-converted-space\">\u00a0 <\/span><\/li>\n<li class=\"li2\">dostosowania wygl\u0105du strony do najpopularniejszych urz\u0105dze\u0144,<span class=\"Apple-converted-space\">\u00a0 <\/span><\/li>\n<li class=\"li1\">obs\u0142ugi sesji u\u017cytkownika.<\/li>\n<\/ul>\n<p class=\"p1\"><b>Wy\u0142\u0105czenie plik\u00f3w cookies<\/b><\/p>\n<p class=\"p1\">U\u017cytkownik mo\u017ce w ka\u017cdym przypadku zmieni\u0107 ustawienia w zakresie zarz\u0105dzania wykorzystywania przez Sklep plik\u00f3w cookies w swoim urz\u0105dzeniu ko\u0144cowym b\u0105d\u017a te\u017c w ustawieniach w\u0142asnej przegl\u0105darki.<\/p>\n<p class=\"p4\">Instrukcja pozwalaj\u0105ca na wy\u0142\u0105czenie plik\u00f3w cookies zawarta jest poni\u017cej:<\/p>\n<ul class=\"ul1\">\n<li class=\"li5\"><span class=\"s3\"><a href=\"https:\/\/support.google.com\/chrome\/answer\/95647?hl=pl\"><span class=\"s4\">Chrome<\/span><\/a><\/span><\/li>\n<li class=\"li5\"><span class=\"s3\"><a href=\"https:\/\/support.mozilla.org\/pl\/kb\/blokowanie-ciasteczek\"><span class=\"s4\">Firefox<\/span><\/a><\/span><\/li>\n<li class=\"li5\"><span class=\"s3\"><a href=\"http:\/\/safari.helpmax.net\/pl\/ochrona-i-prywatnosc\/zarzadzanie-plikami-cookie\"><span class=\"s4\">Safari<\/span><\/a><\/span><\/li>\n<li class=\"li5\"><span class=\"s3\"><a href=\"https:\/\/privacy.microsoft.com\/pl-PL\/windows-10-microsoft-edge-and-privacy\"><span class=\"s4\">Edge<\/span><\/a><\/span><\/li>\n<li class=\"li5\"><span class=\"s3\"><a href=\"http:\/\/windows.microsoft.com\/pl-pl\/windows-vista\/block-or-allow-cookies\"><span class=\"s4\">Internet Explorer<\/span><\/a><\/span><\/li>\n<li class=\"li6\"><span class=\"s3\"><a href=\"http:\/\/help.opera.com\/Linux\/9.22\/pl\/cookies.html\"><span class=\"s4\">Opera<\/span><\/a><\/span><\/li>\n<\/ul>\n<p class=\"p1\">W sprawach nieuregulowanych Polityk\u0105 Prywatno\u015bci zastosowanie maj\u0105 postanowienia Kodeksu cywilnego i odpowiednich ustaw prawa polskiego, a tak\u017ce prawa Unii Europejskiej, w szczeg\u00f3lno\u015bci RODO (Rozporz\u0105dzenie Parlamentu Europejskiego i Rady (UE) 2016\/679 z dnia 27 kwietnia 2016 r. w sprawie ochrony os\u00f3b fizycznych w zwi\u0105zku z przetwarzaniem danych osobowych i w sprawie swobodnego przep\u0142ywu takich danych oraz uchylenia dyrektywy 95\/46\/WE).<\/p>\n[\/vc_column_text][\/vc_column][\/vc_row]\n<\/section>","protected":false},"excerpt":{"rendered":"<p>[vc_row][vc_column][vc_column_text] Postanowienia wst\u0119pne Niniejsza polityka prywatno\u015bci okre\u015bla: informacje dotycz\u0105ce przetwarzania danych osobowych przez Stylistic Cristal Marek Kotysz, Irena Kotysz sp\u00f3\u0142ka cywilna, ul. Metalowc\u00f3w 6, 44-109 Gliwice, NIP 6312656179 (Administrator) w ramach dzia\u0142alno\u015bci sklepu internetowego mieszcz\u0105cego si\u0119 pod witryn\u0105 https:\/\/stylisticcristal.pl\/sklep\/ (Sklep), zgodnie z wymaganymi zasadami informowania os\u00f3b, kt\u00f3rych dane dotycz\u0105 przez og\u00f3lne rozporz\u0105dzenia o ochronie danych&hellip;<\/p>\n","protected":false},"author":1,"featured_media":0,"parent":0,"menu_order":0,"comment_status":"closed","ping_status":"closed","template":"","meta":{"footnotes":""},"class_list":["post-816","page","type-page","status-publish","hentry"],"yoast_head":"<!-- This site is optimized with the Yoast SEO plugin v27.3 - https:\/\/yoast.com\/product\/yoast-seo-wordpress\/ -->\n<title>Polityka prywatno\u015bci i cookies - Sklep Stylistic Cristal<\/title>\n<meta name=\"robots\" content=\"index, follow, max-snippet:-1, max-image-preview:large, max-video-preview:-1\" \/>\n<link rel=\"canonical\" href=\"https:\/\/stylisticcristal.pl\/sklep\/polityka-prywatnosci-i-cookies\/\" \/>\n<meta property=\"og:locale\" content=\"pl_PL\" \/>\n<meta property=\"og:type\" content=\"article\" \/>\n<meta property=\"og:title\" content=\"Polityka prywatno\u015bci i cookies - Sklep Stylistic Cristal\" \/>\n<meta property=\"og:description\" content=\"[vc_row][vc_column][vc_column_text] Postanowienia wst\u0119pne Niniejsza polityka prywatno\u015bci okre\u015bla: informacje dotycz\u0105ce przetwarzania danych osobowych przez Stylistic Cristal Marek Kotysz, Irena Kotysz sp\u00f3\u0142ka cywilna, ul. Metalowc\u00f3w 6, 44-109 Gliwice, NIP 6312656179 (Administrator) w ramach dzia\u0142alno\u015bci sklepu internetowego mieszcz\u0105cego si\u0119 pod witryn\u0105 https:\/\/stylisticcristal.pl\/sklep\/ (Sklep), zgodnie z wymaganymi zasadami informowania os\u00f3b, kt\u00f3rych dane dotycz\u0105 przez og\u00f3lne rozporz\u0105dzenia o ochronie danych&hellip;\" \/>\n<meta property=\"og:url\" content=\"https:\/\/stylisticcristal.pl\/sklep\/polityka-prywatnosci-i-cookies\/\" \/>\n<meta property=\"og:site_name\" content=\"Sklep Stylistic Cristal\" \/>\n<meta property=\"article:modified_time\" content=\"2023-06-20T11:44:48+00:00\" \/>\n<meta name=\"twitter:card\" content=\"summary_large_image\" \/>\n<meta name=\"twitter:label1\" content=\"Szacowany czas czytania\" \/>\n\t<meta name=\"twitter:data1\" content=\"7 minut\" \/>\n<script type=\"application\/ld+json\" class=\"yoast-schema-graph\">{\"@context\":\"https:\\\/\\\/schema.org\",\"@graph\":[{\"@type\":\"WebPage\",\"@id\":\"https:\\\/\\\/stylisticcristal.pl\\\/sklep\\\/polityka-prywatnosci-i-cookies\\\/\",\"url\":\"https:\\\/\\\/stylisticcristal.pl\\\/sklep\\\/polityka-prywatnosci-i-cookies\\\/\",\"name\":\"Polityka prywatno\u015bci i cookies - Sklep Stylistic Cristal\",\"isPartOf\":{\"@id\":\"https:\\\/\\\/stylisticcristal.pl\\\/sklep\\\/#website\"},\"datePublished\":\"2022-05-23T11:32:43+00:00\",\"dateModified\":\"2023-06-20T11:44:48+00:00\",\"breadcrumb\":{\"@id\":\"https:\\\/\\\/stylisticcristal.pl\\\/sklep\\\/polityka-prywatnosci-i-cookies\\\/#breadcrumb\"},\"inLanguage\":\"pl-PL\",\"potentialAction\":[{\"@type\":\"ReadAction\",\"target\":[\"https:\\\/\\\/stylisticcristal.pl\\\/sklep\\\/polityka-prywatnosci-i-cookies\\\/\"]}]},{\"@type\":\"BreadcrumbList\",\"@id\":\"https:\\\/\\\/stylisticcristal.pl\\\/sklep\\\/polityka-prywatnosci-i-cookies\\\/#breadcrumb\",\"itemListElement\":[{\"@type\":\"ListItem\",\"position\":1,\"name\":\"Home\",\"item\":\"https:\\\/\\\/stylisticcristal.pl\\\/sklep\\\/\"},{\"@type\":\"ListItem\",\"position\":2,\"name\":\"Polityka prywatno\u015bci i cookies\"}]},{\"@type\":\"WebSite\",\"@id\":\"https:\\\/\\\/stylisticcristal.pl\\\/sklep\\\/#website\",\"url\":\"https:\\\/\\\/stylisticcristal.pl\\\/sklep\\\/\",\"name\":\"Sklep Stylistic Cristal\",\"description\":\"\u017cyrandole kryszta\u0142owe - sklep z luksusowym o\u015bwietleniem wn\u0119trz\",\"potentialAction\":[{\"@type\":\"SearchAction\",\"target\":{\"@type\":\"EntryPoint\",\"urlTemplate\":\"https:\\\/\\\/stylisticcristal.pl\\\/sklep\\\/?s={search_term_string}\"},\"query-input\":{\"@type\":\"PropertyValueSpecification\",\"valueRequired\":true,\"valueName\":\"search_term_string\"}}],\"inLanguage\":\"pl-PL\"}]}<\/script>\n<!-- \/ Yoast SEO plugin. -->","yoast_head_json":{"title":"Polityka prywatno\u015bci i cookies - Sklep Stylistic Cristal","robots":{"index":"index","follow":"follow","max-snippet":"max-snippet:-1","max-image-preview":"max-image-preview:large","max-video-preview":"max-video-preview:-1"},"canonical":"https:\/\/stylisticcristal.pl\/sklep\/polityka-prywatnosci-i-cookies\/","og_locale":"pl_PL","og_type":"article","og_title":"Polityka prywatno\u015bci i cookies - Sklep Stylistic Cristal","og_description":"[vc_row][vc_column][vc_column_text] Postanowienia wst\u0119pne Niniejsza polityka prywatno\u015bci okre\u015bla: informacje dotycz\u0105ce przetwarzania danych osobowych przez Stylistic Cristal Marek Kotysz, Irena Kotysz sp\u00f3\u0142ka cywilna, ul. Metalowc\u00f3w 6, 44-109 Gliwice, NIP 6312656179 (Administrator) w ramach dzia\u0142alno\u015bci sklepu internetowego mieszcz\u0105cego si\u0119 pod witryn\u0105 https:\/\/stylisticcristal.pl\/sklep\/ (Sklep), zgodnie z wymaganymi zasadami informowania os\u00f3b, kt\u00f3rych dane dotycz\u0105 przez og\u00f3lne rozporz\u0105dzenia o ochronie danych&hellip;","og_url":"https:\/\/stylisticcristal.pl\/sklep\/polityka-prywatnosci-i-cookies\/","og_site_name":"Sklep Stylistic Cristal","article_modified_time":"2023-06-20T11:44:48+00:00","twitter_card":"summary_large_image","twitter_misc":{"Szacowany czas czytania":"7 minut"},"schema":{"@context":"https:\/\/schema.org","@graph":[{"@type":"WebPage","@id":"https:\/\/stylisticcristal.pl\/sklep\/polityka-prywatnosci-i-cookies\/","url":"https:\/\/stylisticcristal.pl\/sklep\/polityka-prywatnosci-i-cookies\/","name":"Polityka prywatno\u015bci i cookies - Sklep Stylistic Cristal","isPartOf":{"@id":"https:\/\/stylisticcristal.pl\/sklep\/#website"},"datePublished":"2022-05-23T11:32:43+00:00","dateModified":"2023-06-20T11:44:48+00:00","breadcrumb":{"@id":"https:\/\/stylisticcristal.pl\/sklep\/polityka-prywatnosci-i-cookies\/#breadcrumb"},"inLanguage":"pl-PL","potentialAction":[{"@type":"ReadAction","target":["https:\/\/stylisticcristal.pl\/sklep\/polityka-prywatnosci-i-cookies\/"]}]},{"@type":"BreadcrumbList","@id":"https:\/\/stylisticcristal.pl\/sklep\/polityka-prywatnosci-i-cookies\/#breadcrumb","itemListElement":[{"@type":"ListItem","position":1,"name":"Home","item":"https:\/\/stylisticcristal.pl\/sklep\/"},{"@type":"ListItem","position":2,"name":"Polityka prywatno\u015bci i cookies"}]},{"@type":"WebSite","@id":"https:\/\/stylisticcristal.pl\/sklep\/#website","url":"https:\/\/stylisticcristal.pl\/sklep\/","name":"Sklep Stylistic Cristal","description":"\u017cyrandole kryszta\u0142owe - sklep z luksusowym o\u015bwietleniem wn\u0119trz","potentialAction":[{"@type":"SearchAction","target":{"@type":"EntryPoint","urlTemplate":"https:\/\/stylisticcristal.pl\/sklep\/?s={search_term_string}"},"query-input":{"@type":"PropertyValueSpecification","valueRequired":true,"valueName":"search_term_string"}}],"inLanguage":"pl-PL"}]}},"_links":{"self":[{"href":"https:\/\/stylisticcristal.pl\/sklep\/wp-json\/wp\/v2\/pages\/816","targetHints":{"allow":["GET"]}}],"collection":[{"href":"https:\/\/stylisticcristal.pl\/sklep\/wp-json\/wp\/v2\/pages"}],"about":[{"href":"https:\/\/stylisticcristal.pl\/sklep\/wp-json\/wp\/v2\/types\/page"}],"author":[{"embeddable":true,"href":"https:\/\/stylisticcristal.pl\/sklep\/wp-json\/wp\/v2\/users\/1"}],"replies":[{"embeddable":true,"href":"https:\/\/stylisticcristal.pl\/sklep\/wp-json\/wp\/v2\/comments?post=816"}],"version-history":[{"count":8,"href":"https:\/\/stylisticcristal.pl\/sklep\/wp-json\/wp\/v2\/pages\/816\/revisions"}],"predecessor-version":[{"id":1358,"href":"https:\/\/stylisticcristal.pl\/sklep\/wp-json\/wp\/v2\/pages\/816\/revisions\/1358"}],"wp:attachment":[{"href":"https:\/\/stylisticcristal.pl\/sklep\/wp-json\/wp\/v2\/media?parent=816"}],"curies":[{"name":"wp","href":"https:\/\/api.w.org\/{rel}","templated":true}]}}