{"id":812,"date":"2022-05-23T13:30:32","date_gmt":"2022-05-23T11:30:32","guid":{"rendered":"https:\/\/sklep.stylisticcristal.pl\/?page_id=812"},"modified":"2022-06-23T16:00:35","modified_gmt":"2022-06-23T14:00:35","slug":"dostawa-i-platnosci","status":"publish","type":"page","link":"https:\/\/stylisticcristal.pl\/sklep\/dostawa-i-platnosci\/","title":{"rendered":"Dostawa i p\u0142atno\u015bci"},"content":{"rendered":"\r\n\r\n\r\n<h3>Koszty i terminy dostawy<\/h3>\r\n\r\n\r\n\r\n<p>Dostawa produkt\u00f3w na terenie Polski jest zawsze bezp\u0142atna. Realizacja zam\u00f3wienie wyst\u0119puje w przeci\u0105gu 5 dni roboczych. Do tego czasu nale\u017cy doliczy\u0107 1-2 dni dostawy kurierskiej. Dok\u0142adamy wszelkich stara\u0144, aby ka\u017cde zam\u00f3wienie znalaz\u0142o si\u0119 u klienta jak najszybciej.\u00a0<\/p>\r\n<p>Dostawy realizowane s\u0105 za po\u015brednictwem nast\u0119puj\u0105cych firm kurierskich:<\/p>\r\n<ul>\r\n<li>Kurier DPD \u2013 bezp\u0142atnie, czas dostawy 1-2 dni<\/li>\r\n<li>Kurier DHL \u2013 bezp\u0142atnie, czas dostawy 1-2 dni\u00a0<\/li>\r\n<\/ul>\r\n<p>Firma kurierska wybierana jest przez mark\u0119 Stylistic Cristal w zale\u017cno\u015bci od parametr\u00f3w zam\u00f3wienia. Doskonale znamy nasze produkty, wobec tego pilnujemy, aby zam\u00f3wienie na ka\u017cdym etapie zosta\u0142o zrealizowane z najwy\u017csz\u0105 staranno\u015bci\u0105. O szczeg\u00f3\u0142ach wysy\u0142ki ka\u017cdy klient informowany jest drog\u0105 mailow\u0105.\u00a0<\/p>\r\n<p>&nbsp;<\/p>\r\n<h3>P\u0142atno\u015bci\u00a0<\/h3>\r\n<p>W naszym sklepie internetowym oferujemy bezpieczne p\u0142atno\u015bci online za po\u015brednictwem systemu imoje.<\/p>\r\n<p>Umo\u017cliwia on nast\u0119puj\u0105ce p\u0142atno\u015bci:<\/p>\r\n<ul>\r\n<li>Szybki przelewem<\/li>\r\n<li>Karty Visa i Mastercard<\/li>\r\n<li>BLIK<\/li>\r\n<li>Twisto \u2013 p\u0142ac\u0119 p\u00f3\u017aniej<\/li>\r\n<\/ul>\r\n\r\n\r\n","protected":false},"excerpt":{"rendered":"<p>Koszty i terminy dostawy Dostawa produkt\u00f3w na terenie Polski jest zawsze bezp\u0142atna. Realizacja zam\u00f3wienie wyst\u0119puje w przeci\u0105gu 5 dni roboczych. Do tego czasu nale\u017cy doliczy\u0107 1-2 dni dostawy kurierskiej. Dok\u0142adamy wszelkich stara\u0144, aby ka\u017cde zam\u00f3wienie znalaz\u0142o si\u0119 u klienta jak najszybciej.\u00a0 Dostawy realizowane s\u0105 za po\u015brednictwem nast\u0119puj\u0105cych firm kurierskich: Kurier DPD \u2013 bezp\u0142atnie, czas dostawy&hellip;<\/p>\n","protected":false},"author":1,"featured_media":0,"parent":0,"menu_order":0,"comment_status":"closed","ping_status":"closed","template":"","meta":{"footnotes":""},"class_list":["post-812","page","type-page","status-publish","hentry"],"yoast_head":"<!-- This site is optimized with the Yoast SEO plugin v27.3 - https:\/\/yoast.com\/product\/yoast-seo-wordpress\/ -->\n<title>Dostawa i p\u0142atno\u015bci - Sklep Stylistic Cristal<\/title>\n<meta name=\"robots\" content=\"index, follow, max-snippet:-1, max-image-preview:large, max-video-preview:-1\" \/>\n<link rel=\"canonical\" href=\"https:\/\/stylisticcristal.pl\/sklep\/dostawa-i-platnosci\/\" \/>\n<meta property=\"og:locale\" content=\"pl_PL\" \/>\n<meta property=\"og:type\" content=\"article\" \/>\n<meta property=\"og:title\" content=\"Dostawa i p\u0142atno\u015bci - Sklep Stylistic Cristal\" \/>\n<meta property=\"og:description\" content=\"Koszty i terminy dostawy Dostawa produkt\u00f3w na terenie Polski jest zawsze bezp\u0142atna. Realizacja zam\u00f3wienie wyst\u0119puje w przeci\u0105gu 5 dni roboczych. Do tego czasu nale\u017cy doliczy\u0107 1-2 dni dostawy kurierskiej. Dok\u0142adamy wszelkich stara\u0144, aby ka\u017cde zam\u00f3wienie znalaz\u0142o si\u0119 u klienta jak najszybciej.\u00a0 Dostawy realizowane s\u0105 za po\u015brednictwem nast\u0119puj\u0105cych firm kurierskich: Kurier DPD \u2013 bezp\u0142atnie, czas dostawy&hellip;\" \/>\n<meta property=\"og:url\" content=\"https:\/\/stylisticcristal.pl\/sklep\/dostawa-i-platnosci\/\" \/>\n<meta property=\"og:site_name\" content=\"Sklep Stylistic Cristal\" \/>\n<meta property=\"article:modified_time\" content=\"2022-06-23T14:00:35+00:00\" \/>\n<meta name=\"twitter:card\" content=\"summary_large_image\" \/>\n<meta name=\"twitter:label1\" content=\"Szacowany czas czytania\" \/>\n\t<meta name=\"twitter:data1\" content=\"1 minuta\" \/>\n<script type=\"application\/ld+json\" class=\"yoast-schema-graph\">{\"@context\":\"https:\\\/\\\/schema.org\",\"@graph\":[{\"@type\":\"WebPage\",\"@id\":\"https:\\\/\\\/stylisticcristal.pl\\\/sklep\\\/dostawa-i-platnosci\\\/\",\"url\":\"https:\\\/\\\/stylisticcristal.pl\\\/sklep\\\/dostawa-i-platnosci\\\/\",\"name\":\"Dostawa i p\u0142atno\u015bci - Sklep Stylistic Cristal\",\"isPartOf\":{\"@id\":\"https:\\\/\\\/stylisticcristal.pl\\\/sklep\\\/#website\"},\"datePublished\":\"2022-05-23T11:30:32+00:00\",\"dateModified\":\"2022-06-23T14:00:35+00:00\",\"breadcrumb\":{\"@id\":\"https:\\\/\\\/stylisticcristal.pl\\\/sklep\\\/dostawa-i-platnosci\\\/#breadcrumb\"},\"inLanguage\":\"pl-PL\",\"potentialAction\":[{\"@type\":\"ReadAction\",\"target\":[\"https:\\\/\\\/stylisticcristal.pl\\\/sklep\\\/dostawa-i-platnosci\\\/\"]}]},{\"@type\":\"BreadcrumbList\",\"@id\":\"https:\\\/\\\/stylisticcristal.pl\\\/sklep\\\/dostawa-i-platnosci\\\/#breadcrumb\",\"itemListElement\":[{\"@type\":\"ListItem\",\"position\":1,\"name\":\"Home\",\"item\":\"https:\\\/\\\/stylisticcristal.pl\\\/sklep\\\/\"},{\"@type\":\"ListItem\",\"position\":2,\"name\":\"Dostawa i p\u0142atno\u015bci\"}]},{\"@type\":\"WebSite\",\"@id\":\"https:\\\/\\\/stylisticcristal.pl\\\/sklep\\\/#website\",\"url\":\"https:\\\/\\\/stylisticcristal.pl\\\/sklep\\\/\",\"name\":\"Sklep Stylistic Cristal\",\"description\":\"\u017cyrandole kryszta\u0142owe - sklep z luksusowym o\u015bwietleniem wn\u0119trz\",\"potentialAction\":[{\"@type\":\"SearchAction\",\"target\":{\"@type\":\"EntryPoint\",\"urlTemplate\":\"https:\\\/\\\/stylisticcristal.pl\\\/sklep\\\/?s={search_term_string}\"},\"query-input\":{\"@type\":\"PropertyValueSpecification\",\"valueRequired\":true,\"valueName\":\"search_term_string\"}}],\"inLanguage\":\"pl-PL\"}]}<\/script>\n<!-- \/ Yoast SEO plugin. -->","yoast_head_json":{"title":"Dostawa i p\u0142atno\u015bci - Sklep Stylistic Cristal","robots":{"index":"index","follow":"follow","max-snippet":"max-snippet:-1","max-image-preview":"max-image-preview:large","max-video-preview":"max-video-preview:-1"},"canonical":"https:\/\/stylisticcristal.pl\/sklep\/dostawa-i-platnosci\/","og_locale":"pl_PL","og_type":"article","og_title":"Dostawa i p\u0142atno\u015bci - Sklep Stylistic Cristal","og_description":"Koszty i terminy dostawy Dostawa produkt\u00f3w na terenie Polski jest zawsze bezp\u0142atna. Realizacja zam\u00f3wienie wyst\u0119puje w przeci\u0105gu 5 dni roboczych. Do tego czasu nale\u017cy doliczy\u0107 1-2 dni dostawy kurierskiej. Dok\u0142adamy wszelkich stara\u0144, aby ka\u017cde zam\u00f3wienie znalaz\u0142o si\u0119 u klienta jak najszybciej.\u00a0 Dostawy realizowane s\u0105 za po\u015brednictwem nast\u0119puj\u0105cych firm kurierskich: Kurier DPD \u2013 bezp\u0142atnie, czas dostawy&hellip;","og_url":"https:\/\/stylisticcristal.pl\/sklep\/dostawa-i-platnosci\/","og_site_name":"Sklep Stylistic Cristal","article_modified_time":"2022-06-23T14:00:35+00:00","twitter_card":"summary_large_image","twitter_misc":{"Szacowany czas czytania":"1 minuta"},"schema":{"@context":"https:\/\/schema.org","@graph":[{"@type":"WebPage","@id":"https:\/\/stylisticcristal.pl\/sklep\/dostawa-i-platnosci\/","url":"https:\/\/stylisticcristal.pl\/sklep\/dostawa-i-platnosci\/","name":"Dostawa i p\u0142atno\u015bci - Sklep Stylistic Cristal","isPartOf":{"@id":"https:\/\/stylisticcristal.pl\/sklep\/#website"},"datePublished":"2022-05-23T11:30:32+00:00","dateModified":"2022-06-23T14:00:35+00:00","breadcrumb":{"@id":"https:\/\/stylisticcristal.pl\/sklep\/dostawa-i-platnosci\/#breadcrumb"},"inLanguage":"pl-PL","potentialAction":[{"@type":"ReadAction","target":["https:\/\/stylisticcristal.pl\/sklep\/dostawa-i-platnosci\/"]}]},{"@type":"BreadcrumbList","@id":"https:\/\/stylisticcristal.pl\/sklep\/dostawa-i-platnosci\/#breadcrumb","itemListElement":[{"@type":"ListItem","position":1,"name":"Home","item":"https:\/\/stylisticcristal.pl\/sklep\/"},{"@type":"ListItem","position":2,"name":"Dostawa i p\u0142atno\u015bci"}]},{"@type":"WebSite","@id":"https:\/\/stylisticcristal.pl\/sklep\/#website","url":"https:\/\/stylisticcristal.pl\/sklep\/","name":"Sklep Stylistic Cristal","description":"\u017cyrandole kryszta\u0142owe - sklep z luksusowym o\u015bwietleniem wn\u0119trz","potentialAction":[{"@type":"SearchAction","target":{"@type":"EntryPoint","urlTemplate":"https:\/\/stylisticcristal.pl\/sklep\/?s={search_term_string}"},"query-input":{"@type":"PropertyValueSpecification","valueRequired":true,"valueName":"search_term_string"}}],"inLanguage":"pl-PL"}]}},"_links":{"self":[{"href":"https:\/\/stylisticcristal.pl\/sklep\/wp-json\/wp\/v2\/pages\/812","targetHints":{"allow":["GET"]}}],"collection":[{"href":"https:\/\/stylisticcristal.pl\/sklep\/wp-json\/wp\/v2\/pages"}],"about":[{"href":"https:\/\/stylisticcristal.pl\/sklep\/wp-json\/wp\/v2\/types\/page"}],"author":[{"embeddable":true,"href":"https:\/\/stylisticcristal.pl\/sklep\/wp-json\/wp\/v2\/users\/1"}],"replies":[{"embeddable":true,"href":"https:\/\/stylisticcristal.pl\/sklep\/wp-json\/wp\/v2\/comments?post=812"}],"version-history":[{"count":3,"href":"https:\/\/stylisticcristal.pl\/sklep\/wp-json\/wp\/v2\/pages\/812\/revisions"}],"predecessor-version":[{"id":1174,"href":"https:\/\/stylisticcristal.pl\/sklep\/wp-json\/wp\/v2\/pages\/812\/revisions\/1174"}],"wp:attachment":[{"href":"https:\/\/stylisticcristal.pl\/sklep\/wp-json\/wp\/v2\/media?parent=812"}],"curies":[{"name":"wp","href":"https:\/\/api.w.org\/{rel}","templated":true}]}}