{"id":723,"date":"2020-01-27T10:51:24","date_gmt":"2020-01-27T09:51:24","guid":{"rendered":"http:\/\/peakshops.fuelthemes.net\/my-account\/"},"modified":"2022-05-23T12:34:31","modified_gmt":"2022-05-23T10:34:31","slug":"moje-konto","status":"publish","type":"page","link":"https:\/\/stylisticcristal.pl\/sklep\/moje-konto\/","title":{"rendered":"Moje konto"},"content":{"rendered":"<div class=\"woocommerce\"><\/div>\n","protected":false},"excerpt":{"rendered":"","protected":false},"author":1,"featured_media":0,"parent":0,"menu_order":0,"comment_status":"closed","ping_status":"closed","template":"","meta":{"footnotes":""},"class_list":["post-723","page","type-page","status-publish","hentry"],"yoast_head":"<!-- This site is optimized with the Yoast SEO plugin v27.3 - https:\/\/yoast.com\/product\/yoast-seo-wordpress\/ -->\n<title>Moje konto - Sklep Stylistic Cristal<\/title>\n<meta name=\"robots\" content=\"index, follow, max-snippet:-1, max-image-preview:large, max-video-preview:-1\" \/>\n<link rel=\"canonical\" href=\"https:\/\/stylisticcristal.pl\/sklep\/moje-konto\/\" \/>\n<meta property=\"og:locale\" content=\"pl_PL\" \/>\n<meta property=\"og:type\" content=\"article\" \/>\n<meta property=\"og:title\" content=\"Moje konto - Sklep Stylistic Cristal\" \/>\n<meta property=\"og:url\" content=\"https:\/\/stylisticcristal.pl\/sklep\/moje-konto\/\" \/>\n<meta property=\"og:site_name\" content=\"Sklep Stylistic Cristal\" \/>\n<meta property=\"article:modified_time\" content=\"2022-05-23T10:34:31+00:00\" \/>\n<meta name=\"twitter:card\" content=\"summary_large_image\" \/>\n<script type=\"application\/ld+json\" class=\"yoast-schema-graph\">{\"@context\":\"https:\\\/\\\/schema.org\",\"@graph\":[{\"@type\":\"WebPage\",\"@id\":\"https:\\\/\\\/stylisticcristal.pl\\\/sklep\\\/moje-konto\\\/\",\"url\":\"https:\\\/\\\/stylisticcristal.pl\\\/sklep\\\/moje-konto\\\/\",\"name\":\"Moje konto - Sklep Stylistic Cristal\",\"isPartOf\":{\"@id\":\"https:\\\/\\\/stylisticcristal.pl\\\/sklep\\\/#website\"},\"datePublished\":\"2020-01-27T09:51:24+00:00\",\"dateModified\":\"2022-05-23T10:34:31+00:00\",\"breadcrumb\":{\"@id\":\"https:\\\/\\\/stylisticcristal.pl\\\/sklep\\\/moje-konto\\\/#breadcrumb\"},\"inLanguage\":\"pl-PL\",\"potentialAction\":[{\"@type\":\"ReadAction\",\"target\":[\"https:\\\/\\\/stylisticcristal.pl\\\/sklep\\\/moje-konto\\\/\"]}]},{\"@type\":\"BreadcrumbList\",\"@id\":\"https:\\\/\\\/stylisticcristal.pl\\\/sklep\\\/moje-konto\\\/#breadcrumb\",\"itemListElement\":[{\"@type\":\"ListItem\",\"position\":1,\"name\":\"Home\",\"item\":\"https:\\\/\\\/stylisticcristal.pl\\\/sklep\\\/\"},{\"@type\":\"ListItem\",\"position\":2,\"name\":\"Moje konto\"}]},{\"@type\":\"WebSite\",\"@id\":\"https:\\\/\\\/stylisticcristal.pl\\\/sklep\\\/#website\",\"url\":\"https:\\\/\\\/stylisticcristal.pl\\\/sklep\\\/\",\"name\":\"Sklep Stylistic Cristal\",\"description\":\"\u017cyrandole kryszta\u0142owe - sklep z luksusowym o\u015bwietleniem wn\u0119trz\",\"potentialAction\":[{\"@type\":\"SearchAction\",\"target\":{\"@type\":\"EntryPoint\",\"urlTemplate\":\"https:\\\/\\\/stylisticcristal.pl\\\/sklep\\\/?s={search_term_string}\"},\"query-input\":{\"@type\":\"PropertyValueSpecification\",\"valueRequired\":true,\"valueName\":\"search_term_string\"}}],\"inLanguage\":\"pl-PL\"}]}<\/script>\n<!-- \/ Yoast SEO plugin. -->","yoast_head_json":{"title":"Moje konto - Sklep Stylistic Cristal","robots":{"index":"index","follow":"follow","max-snippet":"max-snippet:-1","max-image-preview":"max-image-preview:large","max-video-preview":"max-video-preview:-1"},"canonical":"https:\/\/stylisticcristal.pl\/sklep\/moje-konto\/","og_locale":"pl_PL","og_type":"article","og_title":"Moje konto - Sklep Stylistic Cristal","og_url":"https:\/\/stylisticcristal.pl\/sklep\/moje-konto\/","og_site_name":"Sklep Stylistic Cristal","article_modified_time":"2022-05-23T10:34:31+00:00","twitter_card":"summary_large_image","schema":{"@context":"https:\/\/schema.org","@graph":[{"@type":"WebPage","@id":"https:\/\/stylisticcristal.pl\/sklep\/moje-konto\/","url":"https:\/\/stylisticcristal.pl\/sklep\/moje-konto\/","name":"Moje konto - Sklep Stylistic Cristal","isPartOf":{"@id":"https:\/\/stylisticcristal.pl\/sklep\/#website"},"datePublished":"2020-01-27T09:51:24+00:00","dateModified":"2022-05-23T10:34:31+00:00","breadcrumb":{"@id":"https:\/\/stylisticcristal.pl\/sklep\/moje-konto\/#breadcrumb"},"inLanguage":"pl-PL","potentialAction":[{"@type":"ReadAction","target":["https:\/\/stylisticcristal.pl\/sklep\/moje-konto\/"]}]},{"@type":"BreadcrumbList","@id":"https:\/\/stylisticcristal.pl\/sklep\/moje-konto\/#breadcrumb","itemListElement":[{"@type":"ListItem","position":1,"name":"Home","item":"https:\/\/stylisticcristal.pl\/sklep\/"},{"@type":"ListItem","position":2,"name":"Moje konto"}]},{"@type":"WebSite","@id":"https:\/\/stylisticcristal.pl\/sklep\/#website","url":"https:\/\/stylisticcristal.pl\/sklep\/","name":"Sklep Stylistic Cristal","description":"\u017cyrandole kryszta\u0142owe - sklep z luksusowym o\u015bwietleniem wn\u0119trz","potentialAction":[{"@type":"SearchAction","target":{"@type":"EntryPoint","urlTemplate":"https:\/\/stylisticcristal.pl\/sklep\/?s={search_term_string}"},"query-input":{"@type":"PropertyValueSpecification","valueRequired":true,"valueName":"search_term_string"}}],"inLanguage":"pl-PL"}]}},"_links":{"self":[{"href":"https:\/\/stylisticcristal.pl\/sklep\/wp-json\/wp\/v2\/pages\/723","targetHints":{"allow":["GET"]}}],"collection":[{"href":"https:\/\/stylisticcristal.pl\/sklep\/wp-json\/wp\/v2\/pages"}],"about":[{"href":"https:\/\/stylisticcristal.pl\/sklep\/wp-json\/wp\/v2\/types\/page"}],"author":[{"embeddable":true,"href":"https:\/\/stylisticcristal.pl\/sklep\/wp-json\/wp\/v2\/users\/1"}],"replies":[{"embeddable":true,"href":"https:\/\/stylisticcristal.pl\/sklep\/wp-json\/wp\/v2\/comments?post=723"}],"version-history":[{"count":1,"href":"https:\/\/stylisticcristal.pl\/sklep\/wp-json\/wp\/v2\/pages\/723\/revisions"}],"predecessor-version":[{"id":796,"href":"https:\/\/stylisticcristal.pl\/sklep\/wp-json\/wp\/v2\/pages\/723\/revisions\/796"}],"wp:attachment":[{"href":"https:\/\/stylisticcristal.pl\/sklep\/wp-json\/wp\/v2\/media?parent=723"}],"curies":[{"name":"wp","href":"https:\/\/api.w.org\/{rel}","templated":true}]}}