{"id":48,"date":"2020-01-28T14:56:26","date_gmt":"2020-01-28T13:56:26","guid":{"rendered":"http:\/\/peakshops.fuelthemes.net\/?page_id=48"},"modified":"2022-06-08T15:55:10","modified_gmt":"2022-06-08T13:55:10","slug":"o-marce","status":"publish","type":"page","link":"https:\/\/stylisticcristal.pl\/sklep\/o-marce\/","title":{"rendered":"O marce"},"content":{"rendered":"<section class=\"wpb-content-wrapper\">[vc_row thb_full_width=&#8221;true&#8221; thb_row_padding=&#8221;true&#8221; thb_column_padding=&#8221;true&#8221; css=&#8221;.vc_custom_1582198247050{margin-bottom: 50px !important;}&#8221;][vc_column][vc_empty_space height=&#8221;30px&#8221;][vc_row_inner css=&#8221;.vc_custom_1654693397348{padding-top: 250px !important;padding-bottom: 30px !important;background-image: url(https:\/\/sklep.stylisticcristal.pl\/wp-content\/uploads\/2022\/06\/producent-zyrandoli-krysztalowych-1.jpg?id=1114) !important;background-position: center !important;background-repeat: no-repeat !important;background-size: cover !important;}&#8221;][vc_column_inner thb_color=&#8221;thb-light-column&#8221;][vc_column_text]\n<h1>O marce<\/h1>\n[\/vc_column_text][\/vc_column_inner][\/vc_row_inner][\/vc_column][\/vc_row][vc_row el_class=&#8221;align-justify&#8221;][vc_column][vc_column_text]\n<h2><span style=\"font-weight: 500;\">Upi\u0119kszamy wn\u0119trza blaskiem kryszta\u0142u ju\u017c od 1992 roku. <\/span><\/h2>\n[\/vc_column_text][vc_empty_space height=&#8221;26px&#8221;][\/vc_column][\/vc_row][vc_row css=&#8221;.vc_custom_1654695824367{margin-bottom: 30px !important;}&#8221;][vc_column width=&#8221;1\/2&#8243;][vc_column_text]Stylistic Cristal to polska pracownia \u017cyrandoli kryszta\u0142owych, kt\u00f3ra powsta\u0142a z pasji Ireny i Marka Kotysza. Dwa r\u00f3\u017cne pokolenia, cz\u0119sto odmienne \u015bwiaty i pogl\u0105dy, kt\u00f3re scali\u0142a mi\u0142o\u015b\u0107 do kryszta\u0142u i pi\u0119knych przestrzeni.<\/p>\n<p>Marka powsta\u0142a w 1992 roku i od tego czasu niezmiennie upi\u0119ksza wn\u0119trza hoteli, restauracji, a tak\u017ce prywatnych rezydencji. O\u015bwietlenie Stylistic Cristal jest wykonywane r\u0119cznie w naszej pracowni, wobec czego od lat do wn\u0119trz dopasowujemy \u017cyrandole szyte na miar\u0119 ich potrzeb. Czasem jednak indywidualny projekt o\u015bwietlenia nie jest konieczny, a klient potrzebuje szybkiego upi\u0119kszenia jego wn\u0119trza kryszta\u0142em. I w\u0142a\u015bnie w odpowiedzi na t\u0119 potrzeb\u0119 powsta\u0142 sklep internetowy, na kt\u00f3rym mamy prawdziw\u0105 przyjemno\u015b\u0107 Ci\u0119 go\u015bci\u0107.[\/vc_column_text][\/vc_column][vc_column width=&#8221;1\/2&#8243;][vc_column_text]W sklepie znajduj\u0105 si\u0119 wybrane katalogowe modele naszego o\u015bwietlenia. To lampy, kt\u00f3rych elementy posiadamy ju\u017c w naszej pracowni i jeste\u015bmy w stanie sprawnie zrealizowa\u0107 zam\u00f3wienie, jakiego potrzebujesz. Uj\u0119li\u015bmy tu najpi\u0119kniejsze modele Marii Teresy, Plafon\u00f3w oraz naszych kultowych spirali. Dzi\u0119ki temu, \u017ce oferujemy dodatkowe gotowe ju\u017c rozwi\u0105zania, wi\u0119kszo\u015b\u0107 os\u00f3b jest w stanie w kr\u00f3tkim terminie otrzyma\u0107 o\u015bwietlenie, o jakim marzy. Sk\u0142adamy model dost\u0119pny w naszej pracowni, pakujemy go dla Ciebie i wysy\u0142amy pod wskazany adres.<\/p>\n<p>Kryszta\u0142owe lampy s\u0105 o tyle uniwersalnym i ponadczasowym typem o\u015bwietlenia, \u017ce wpasuj\u0105 si\u0119 w niemal ka\u017cd\u0105 przestrze\u0144, upi\u0119kszaj\u0105c j\u0105 swym blaskiem przez bardzo d\u0142ugie lata.[\/vc_column_text][\/vc_column][\/vc_row][vc_row css=&#8221;.vc_custom_1582198323774{margin-bottom: 70px !important;}&#8221;][vc_column width=&#8221;5\/12&#8243;][vc_column_text]Z naszego o\u015bwietlenia niezmiennie p\u0142ynie najwy\u017csza jako\u015b\u0107 i staranno\u015b\u0107 o detale. Mimo \u017ce to gotowe ju\u017c produkty, to nadal ka\u017cdy z nich zosta\u0142 r\u0119cznie wykonany w naszej pracowni. Kompletuj\u0105c surowce do o\u015bwietlenia naszej produkcji, zwracamy szczeg\u00f3ln\u0105 uwag\u0119 na kryszta\u0142, stanowi\u0105cy fundamentalny element znacznej wi\u0119kszo\u015bci produkt\u00f3w znajduj\u0105cych si\u0119 w naszej ofercie. Ka\u017cdy pojedynczy kryszta\u0142 przechodzi weryfikacj\u0119 jako\u015bci, tak by m\u00f3c zapewni\u0107 najpi\u0119kniejsz\u0105 opraw\u0119 \u015bwietln\u0105.<\/p>\n<p>Je\u015bli natomiast poszukujesz o\u015bwietlenia skrojonego na miar\u0119 potrzeb Twojego wn\u0119trza, skontaktuj si\u0119 z nami. Na koncie posiadamy tysi\u0105ce realizacji projekt\u00f3w indywidualnych \u2013 o wi\u0119kszych i mniejszych gabarytach. Nie ma wi\u0119c projektu, kt\u00f3rego realizacji nie byliby\u015bmy w stanie si\u0119 podj\u0105\u0107.[\/vc_column_text][\/vc_column][vc_column width=&#8221;7\/12&#8243;]\t<div id=\"thb-image-69ed03814e57f\" class=\"caption-style1  alignright   thb_image_link wp-caption \">\n\t\t\t<div class=\"thb-image-inner size_100\">\n\t\t\t<img loading=\"lazy\" decoding=\"async\" width=\"620\" height=\"450\" src=\"data:image\/gif;base64,R0lGODlhAQABAAAAACH5BAEKAAEALAAAAAABAAEAAAICTAEAOw==\" class=\"thb_image    attachment-full thb-lazyload lazyload\" alt=\"\" title=\"producent zyrandoli krysztalowych\" sizes=\"auto, (max-width: 620px) 100vw, 620px\" data-src=\"https:\/\/stylisticcristal.pl\/sklep\/wp-content\/uploads\/2022\/06\/producent-zyrandoli-krysztalowych.jpg\" data-sizes=\"auto\" data-srcset=\"https:\/\/stylisticcristal.pl\/sklep\/wp-content\/uploads\/2022\/06\/producent-zyrandoli-krysztalowych.jpg 620w, https:\/\/stylisticcristal.pl\/sklep\/wp-content\/uploads\/2022\/06\/producent-zyrandoli-krysztalowych-300x218.jpg 300w, https:\/\/stylisticcristal.pl\/sklep\/wp-content\/uploads\/2022\/06\/producent-zyrandoli-krysztalowych-20x15.jpg 20w, https:\/\/stylisticcristal.pl\/sklep\/wp-content\/uploads\/2022\/06\/producent-zyrandoli-krysztalowych-290x210.jpg 290w, https:\/\/stylisticcristal.pl\/sklep\/wp-content\/uploads\/2022\/06\/producent-zyrandoli-krysztalowych-600x435.jpg 600w\" \/>\t\t\t\t\t<\/div>\n\t\t\t\t\t<\/div>\n  [\/vc_column][\/vc_row][vc_row thb_full_width=&#8221;true&#8221; thb_row_padding=&#8221;true&#8221; thb_column_padding=&#8221;true&#8221; css=&#8221;.vc_custom_1653982101203{margin-bottom: 50px !important;padding-top: 60px !important;padding-bottom: 60px !important;background-color: #f2e7d8 !important;}&#8221;][vc_column][vc_row_inner el_class=&#8221;align-center&#8221;][vc_column_inner offset=&#8221;vc_col-lg-6 vc_col-md-9&#8243;][vc_column_text el_class=&#8221;text-center&#8221;]\n<h2>Odkryj magi\u0119 kryszta\u0142u<\/h2>\n<p>M\u00f3wi si\u0119, \u017ce o\u015bwietlenie jest najpi\u0119kniejsz\u0105 bi\u017cuteri\u0105 wn\u0119trz. Sami nie uj\u0119liby\u015bmy tego lepiej, dlatego dok\u0142adamy wszelkich stara\u0144, aby ka\u017cde pojedyncze o\u015bwietlenie by\u0142o jak najbardziej wyj\u0105tkowe.[\/vc_column_text][vc_empty_space][\/vc_column_inner][\/vc_row_inner][vc_row_inner][vc_column_inner width=&#8221;1\/4&#8243;][vc_column_text el_class=&#8221;text-center&#8221; css=&#8221;.vc_custom_1654693267745{padding-top: 20px !important;padding-right: 20px !important;padding-bottom: 30px !important;padding-left: 20px !important;background-color: #ffffff !important;}&#8221;]\n<h5><span style=\"font-size: 16px;\"><img loading=\"lazy\" decoding=\"async\" class=\"aligncenter size-full wp-image-1103 lazyload\" src=\"data:image\/gif;base64,R0lGODlhAQABAAAAACH5BAEKAAEALAAAAAABAAEAAAICTAEAOw==\" data-src=\"https:\/\/sklep.stylisticcristal.pl\/wp-content\/uploads\/2022\/06\/1.-producent-krysztalowego-oswietlenia.jpg\" alt=\"\" width=\"500\" height=\"500\" data-sizes=\"auto\" data-srcset=\"https:\/\/stylisticcristal.pl\/sklep\/wp-content\/uploads\/2022\/06\/1.-producent-krysztalowego-oswietlenia.jpg 500w, https:\/\/stylisticcristal.pl\/sklep\/wp-content\/uploads\/2022\/06\/1.-producent-krysztalowego-oswietlenia-300x300.jpg 300w, https:\/\/stylisticcristal.pl\/sklep\/wp-content\/uploads\/2022\/06\/1.-producent-krysztalowego-oswietlenia-150x150.jpg 150w, https:\/\/stylisticcristal.pl\/sklep\/wp-content\/uploads\/2022\/06\/1.-producent-krysztalowego-oswietlenia-180x180.jpg 180w, https:\/\/stylisticcristal.pl\/sklep\/wp-content\/uploads\/2022\/06\/1.-producent-krysztalowego-oswietlenia-20x20.jpg 20w, https:\/\/stylisticcristal.pl\/sklep\/wp-content\/uploads\/2022\/06\/1.-producent-krysztalowego-oswietlenia-290x290.jpg 290w, https:\/\/stylisticcristal.pl\/sklep\/wp-content\/uploads\/2022\/06\/1.-producent-krysztalowego-oswietlenia-100x100.jpg 100w\" sizes=\"auto, (max-width: 500px) 100vw, 500px\" \/><\/span><\/h5>\n<h5><span style=\"font-size: 16px;\">Wiedza<\/span><\/h5>\n<p><span style=\"font-size: 14px;\">Latami zdobywali\u015bmy nasze do\u015bwiadczenie, nieustannie si\u0119 doszkalaj\u0105c i pog\u0142\u0119biaj\u0105c wiedz\u0119 zwi\u0105zan\u0105 z o\u015bwietleniem kryszta\u0142owym.<\/span>[\/vc_column_text][\/vc_column_inner][vc_column_inner width=&#8221;1\/4&#8243;][vc_column_text el_class=&#8221;text-center&#8221; css=&#8221;.vc_custom_1654693188296{padding-top: 20px !important;padding-right: 20px !important;padding-bottom: 30px !important;padding-left: 20px !important;background-color: #ffffff !important;}&#8221;]\n<h5><span style=\"font-size: 16px;\"><img loading=\"lazy\" decoding=\"async\" class=\"aligncenter size-full wp-image-1105 lazyload\" src=\"data:image\/gif;base64,R0lGODlhAQABAAAAACH5BAEKAAEALAAAAAABAAEAAAICTAEAOw==\" data-src=\"https:\/\/sklep.stylisticcristal.pl\/wp-content\/uploads\/2022\/06\/krysztalowy-zyrandol-producent.jpg\" alt=\"\" width=\"500\" height=\"500\" data-sizes=\"auto\" data-srcset=\"https:\/\/stylisticcristal.pl\/sklep\/wp-content\/uploads\/2022\/06\/krysztalowy-zyrandol-producent.jpg 500w, https:\/\/stylisticcristal.pl\/sklep\/wp-content\/uploads\/2022\/06\/krysztalowy-zyrandol-producent-300x300.jpg 300w, https:\/\/stylisticcristal.pl\/sklep\/wp-content\/uploads\/2022\/06\/krysztalowy-zyrandol-producent-150x150.jpg 150w, https:\/\/stylisticcristal.pl\/sklep\/wp-content\/uploads\/2022\/06\/krysztalowy-zyrandol-producent-180x180.jpg 180w, https:\/\/stylisticcristal.pl\/sklep\/wp-content\/uploads\/2022\/06\/krysztalowy-zyrandol-producent-20x20.jpg 20w, https:\/\/stylisticcristal.pl\/sklep\/wp-content\/uploads\/2022\/06\/krysztalowy-zyrandol-producent-290x290.jpg 290w, https:\/\/stylisticcristal.pl\/sklep\/wp-content\/uploads\/2022\/06\/krysztalowy-zyrandol-producent-100x100.jpg 100w\" sizes=\"auto, (max-width: 500px) 100vw, 500px\" \/><\/span><\/h5>\n<h5><span style=\"font-size: 16px;\">Do\u015bwiadczenie<\/span><\/h5>\n<p><span style=\"font-size: 14px;\">Na koncie mamy tysi\u0105ce realizacji dla najr\u00f3\u017cniejszych obiekt\u00f3w. Wsp\u00f3\u0142pracujemy z restauracjami, hotelami, a tak\u017ce w\u0142a\u015bcicielami prywatnych rezydencji.<\/span>[\/vc_column_text][\/vc_column_inner][vc_column_inner width=&#8221;1\/4&#8243;][vc_column_text el_class=&#8221;text-center&#8221; css=&#8221;.vc_custom_1654693204897{padding-top: 20px !important;padding-right: 20px !important;padding-bottom: 30px !important;padding-left: 20px !important;background-color: #ffffff !important;}&#8221;]\n<h5><span style=\"font-size: 16px;\"><img loading=\"lazy\" decoding=\"async\" class=\"aligncenter size-full wp-image-1106 lazyload\" src=\"data:image\/gif;base64,R0lGODlhAQABAAAAACH5BAEKAAEALAAAAAABAAEAAAICTAEAOw==\" data-src=\"https:\/\/sklep.stylisticcristal.pl\/wp-content\/uploads\/2022\/06\/zyrandol-krysztalowy-maria-teresa-producent.jpg\" alt=\"\" width=\"500\" height=\"500\" data-sizes=\"auto\" data-srcset=\"https:\/\/stylisticcristal.pl\/sklep\/wp-content\/uploads\/2022\/06\/zyrandol-krysztalowy-maria-teresa-producent.jpg 500w, https:\/\/stylisticcristal.pl\/sklep\/wp-content\/uploads\/2022\/06\/zyrandol-krysztalowy-maria-teresa-producent-300x300.jpg 300w, https:\/\/stylisticcristal.pl\/sklep\/wp-content\/uploads\/2022\/06\/zyrandol-krysztalowy-maria-teresa-producent-150x150.jpg 150w, https:\/\/stylisticcristal.pl\/sklep\/wp-content\/uploads\/2022\/06\/zyrandol-krysztalowy-maria-teresa-producent-180x180.jpg 180w, https:\/\/stylisticcristal.pl\/sklep\/wp-content\/uploads\/2022\/06\/zyrandol-krysztalowy-maria-teresa-producent-20x20.jpg 20w, https:\/\/stylisticcristal.pl\/sklep\/wp-content\/uploads\/2022\/06\/zyrandol-krysztalowy-maria-teresa-producent-290x290.jpg 290w, https:\/\/stylisticcristal.pl\/sklep\/wp-content\/uploads\/2022\/06\/zyrandol-krysztalowy-maria-teresa-producent-100x100.jpg 100w\" sizes=\"auto, (max-width: 500px) 100vw, 500px\" \/><\/span><\/h5>\n<h5><span style=\"font-size: 16px;\">Rzemios\u0142o<\/span><\/h5>\n<p><span style=\"font-size: 14px;\">Ka\u017cdy produkt jest wykonywany z najwy\u017csz\u0105 staranno\u015bci\u0105 r\u0119cznie w naszej pracowni. Pozwala nam to zachowa\u0107 najwy\u017csz\u0105 jako\u015b\u0107 finalnego wyrobu.\u00a0<\/span>[\/vc_column_text][\/vc_column_inner][vc_column_inner width=&#8221;1\/4&#8243;][vc_column_text el_class=&#8221;text-center&#8221; css=&#8221;.vc_custom_1654693222827{padding-top: 20px !important;padding-right: 20px !important;padding-bottom: 30px !important;padding-left: 20px !important;background-color: #ffffff !important;}&#8221;]\n<h5><span style=\"font-size: 16px;\"><img loading=\"lazy\" decoding=\"async\" class=\"aligncenter size-full wp-image-1108 lazyload\" src=\"data:image\/gif;base64,R0lGODlhAQABAAAAACH5BAEKAAEALAAAAAABAAEAAAICTAEAOw==\" data-src=\"https:\/\/sklep.stylisticcristal.pl\/wp-content\/uploads\/2022\/06\/lampa-krysztaloaw-producent.jpg\" alt=\"\" width=\"500\" height=\"500\" data-sizes=\"auto\" data-srcset=\"https:\/\/stylisticcristal.pl\/sklep\/wp-content\/uploads\/2022\/06\/lampa-krysztaloaw-producent.jpg 500w, https:\/\/stylisticcristal.pl\/sklep\/wp-content\/uploads\/2022\/06\/lampa-krysztaloaw-producent-300x300.jpg 300w, https:\/\/stylisticcristal.pl\/sklep\/wp-content\/uploads\/2022\/06\/lampa-krysztaloaw-producent-150x150.jpg 150w, https:\/\/stylisticcristal.pl\/sklep\/wp-content\/uploads\/2022\/06\/lampa-krysztaloaw-producent-180x180.jpg 180w, https:\/\/stylisticcristal.pl\/sklep\/wp-content\/uploads\/2022\/06\/lampa-krysztaloaw-producent-20x20.jpg 20w, https:\/\/stylisticcristal.pl\/sklep\/wp-content\/uploads\/2022\/06\/lampa-krysztaloaw-producent-290x290.jpg 290w, https:\/\/stylisticcristal.pl\/sklep\/wp-content\/uploads\/2022\/06\/lampa-krysztaloaw-producent-100x100.jpg 100w\" sizes=\"auto, (max-width: 500px) 100vw, 500px\" \/><\/span><\/h5>\n<h5><span style=\"font-size: 16px;\">Pasja<\/span><\/h5>\n<p><span style=\"font-size: 14px;\">O\u015bwietlenie jest ca\u0142ym naszym \u017cyciem. To nasza najwi\u0119ksza pasja, kt\u00f3ra przeku\u0142a si\u0119 w mi\u0142o\u015b\u0107 do tworzenia i upi\u0119kszania wn\u0119trz blaskiem kryszta\u0142u.\u00a0<\/span>[\/vc_column_text][\/vc_column_inner][\/vc_row_inner][vc_empty_space height=&#8221;20px&#8221;][\/vc_column][\/vc_row]\n<\/section>","protected":false},"excerpt":{"rendered":"<p>[vc_row thb_full_width=&#8221;true&#8221; thb_row_padding=&#8221;true&#8221; thb_column_padding=&#8221;true&#8221; css=&#8221;.vc_custom_1582198247050{margin-bottom: 50px !important;}&#8221;][vc_column][vc_empty_space height=&#8221;30px&#8221;][vc_row_inner css=&#8221;.vc_custom_1654693397348{padding-top: 250px !important;padding-bottom: 30px !important;background-image: url(https:\/\/sklep.stylisticcristal.pl\/wp-content\/uploads\/2022\/06\/producent-zyrandoli-krysztalowych-1.jpg?id=1114) !important;background-position: center !important;background-repeat: no-repeat !important;background-size: cover !important;}&#8221;][vc_column_inner thb_color=&#8221;thb-light-column&#8221;][vc_column_text] O marce [\/vc_column_text][\/vc_column_inner][\/vc_row_inner][\/vc_column][\/vc_row][vc_row el_class=&#8221;align-justify&#8221;][vc_column][vc_column_text] Upi\u0119kszamy wn\u0119trza blaskiem kryszta\u0142u ju\u017c od 1992 roku. [\/vc_column_text][vc_empty_space height=&#8221;26px&#8221;][\/vc_column][\/vc_row][vc_row css=&#8221;.vc_custom_1654695824367{margin-bottom: 30px !important;}&#8221;][vc_column width=&#8221;1\/2&#8243;][vc_column_text]Stylistic Cristal to polska pracownia \u017cyrandoli kryszta\u0142owych, kt\u00f3ra powsta\u0142a z pasji Ireny i Marka Kotysza. Dwa&hellip;<\/p>\n","protected":false},"author":1,"featured_media":0,"parent":0,"menu_order":0,"comment_status":"closed","ping_status":"closed","template":"page-default.php","meta":{"footnotes":""},"class_list":["post-48","page","type-page","status-publish","hentry"],"yoast_head":"<!-- This site is optimized with the Yoast SEO plugin v27.3 - https:\/\/yoast.com\/product\/yoast-seo-wordpress\/ -->\n<title>O marce - Sklep Stylistic Cristal<\/title>\n<meta name=\"robots\" content=\"index, follow, max-snippet:-1, max-image-preview:large, max-video-preview:-1\" \/>\n<link rel=\"canonical\" href=\"https:\/\/stylisticcristal.pl\/sklep\/o-marce\/\" \/>\n<meta property=\"og:locale\" content=\"pl_PL\" \/>\n<meta property=\"og:type\" content=\"article\" \/>\n<meta property=\"og:title\" content=\"O marce - Sklep Stylistic Cristal\" \/>\n<meta property=\"og:description\" content=\"[vc_row thb_full_width=&#8221;true&#8221; thb_row_padding=&#8221;true&#8221; thb_column_padding=&#8221;true&#8221; css=&#8221;.vc_custom_1582198247050{margin-bottom: 50px !important;}&#8221;][vc_column][vc_empty_space height=&#8221;30px&#8221;][vc_row_inner css=&#8221;.vc_custom_1654693397348{padding-top: 250px !important;padding-bottom: 30px !important;background-image: url(https:\/\/sklep.stylisticcristal.pl\/wp-content\/uploads\/2022\/06\/producent-zyrandoli-krysztalowych-1.jpg?id=1114) !important;background-position: center !important;background-repeat: no-repeat !important;background-size: cover !important;}&#8221;][vc_column_inner thb_color=&#8221;thb-light-column&#8221;][vc_column_text] O marce [\/vc_column_text][\/vc_column_inner][\/vc_row_inner][\/vc_column][\/vc_row][vc_row el_class=&#8221;align-justify&#8221;][vc_column][vc_column_text] Upi\u0119kszamy wn\u0119trza blaskiem kryszta\u0142u ju\u017c od 1992 roku. [\/vc_column_text][vc_empty_space height=&#8221;26px&#8221;][\/vc_column][\/vc_row][vc_row css=&#8221;.vc_custom_1654695824367{margin-bottom: 30px !important;}&#8221;][vc_column width=&#8221;1\/2&#8243;][vc_column_text]Stylistic Cristal to polska pracownia \u017cyrandoli kryszta\u0142owych, kt\u00f3ra powsta\u0142a z pasji Ireny i Marka Kotysza. Dwa&hellip;\" \/>\n<meta property=\"og:url\" content=\"https:\/\/stylisticcristal.pl\/sklep\/o-marce\/\" \/>\n<meta property=\"og:site_name\" content=\"Sklep Stylistic Cristal\" \/>\n<meta property=\"article:modified_time\" content=\"2022-06-08T13:55:10+00:00\" \/>\n<meta property=\"og:image\" content=\"https:\/\/sklep.stylisticcristal.pl\/wp-content\/uploads\/2022\/06\/1.-producent-krysztalowego-oswietlenia.jpg\" \/>\n<meta name=\"twitter:card\" content=\"summary_large_image\" \/>\n<meta name=\"twitter:label1\" content=\"Szacowany czas czytania\" \/>\n\t<meta name=\"twitter:data1\" content=\"5 minut\" \/>\n<script type=\"application\/ld+json\" class=\"yoast-schema-graph\">{\"@context\":\"https:\\\/\\\/schema.org\",\"@graph\":[{\"@type\":\"WebPage\",\"@id\":\"https:\\\/\\\/stylisticcristal.pl\\\/sklep\\\/o-marce\\\/\",\"url\":\"https:\\\/\\\/stylisticcristal.pl\\\/sklep\\\/o-marce\\\/\",\"name\":\"O marce - Sklep Stylistic Cristal\",\"isPartOf\":{\"@id\":\"https:\\\/\\\/stylisticcristal.pl\\\/sklep\\\/#website\"},\"primaryImageOfPage\":{\"@id\":\"https:\\\/\\\/stylisticcristal.pl\\\/sklep\\\/o-marce\\\/#primaryimage\"},\"image\":{\"@id\":\"https:\\\/\\\/stylisticcristal.pl\\\/sklep\\\/o-marce\\\/#primaryimage\"},\"thumbnailUrl\":\"https:\\\/\\\/sklep.stylisticcristal.pl\\\/wp-content\\\/uploads\\\/2022\\\/06\\\/1.-producent-krysztalowego-oswietlenia.jpg\",\"datePublished\":\"2020-01-28T13:56:26+00:00\",\"dateModified\":\"2022-06-08T13:55:10+00:00\",\"breadcrumb\":{\"@id\":\"https:\\\/\\\/stylisticcristal.pl\\\/sklep\\\/o-marce\\\/#breadcrumb\"},\"inLanguage\":\"pl-PL\",\"potentialAction\":[{\"@type\":\"ReadAction\",\"target\":[\"https:\\\/\\\/stylisticcristal.pl\\\/sklep\\\/o-marce\\\/\"]}]},{\"@type\":\"ImageObject\",\"inLanguage\":\"pl-PL\",\"@id\":\"https:\\\/\\\/stylisticcristal.pl\\\/sklep\\\/o-marce\\\/#primaryimage\",\"url\":\"https:\\\/\\\/sklep.stylisticcristal.pl\\\/wp-content\\\/uploads\\\/2022\\\/06\\\/1.-producent-krysztalowego-oswietlenia.jpg\",\"contentUrl\":\"https:\\\/\\\/sklep.stylisticcristal.pl\\\/wp-content\\\/uploads\\\/2022\\\/06\\\/1.-producent-krysztalowego-oswietlenia.jpg\"},{\"@type\":\"BreadcrumbList\",\"@id\":\"https:\\\/\\\/stylisticcristal.pl\\\/sklep\\\/o-marce\\\/#breadcrumb\",\"itemListElement\":[{\"@type\":\"ListItem\",\"position\":1,\"name\":\"Home\",\"item\":\"https:\\\/\\\/stylisticcristal.pl\\\/sklep\\\/\"},{\"@type\":\"ListItem\",\"position\":2,\"name\":\"O marce\"}]},{\"@type\":\"WebSite\",\"@id\":\"https:\\\/\\\/stylisticcristal.pl\\\/sklep\\\/#website\",\"url\":\"https:\\\/\\\/stylisticcristal.pl\\\/sklep\\\/\",\"name\":\"Sklep Stylistic Cristal\",\"description\":\"\u017cyrandole kryszta\u0142owe - sklep z luksusowym o\u015bwietleniem wn\u0119trz\",\"potentialAction\":[{\"@type\":\"SearchAction\",\"target\":{\"@type\":\"EntryPoint\",\"urlTemplate\":\"https:\\\/\\\/stylisticcristal.pl\\\/sklep\\\/?s={search_term_string}\"},\"query-input\":{\"@type\":\"PropertyValueSpecification\",\"valueRequired\":true,\"valueName\":\"search_term_string\"}}],\"inLanguage\":\"pl-PL\"}]}<\/script>\n<!-- \/ Yoast SEO plugin. -->","yoast_head_json":{"title":"O marce - Sklep Stylistic Cristal","robots":{"index":"index","follow":"follow","max-snippet":"max-snippet:-1","max-image-preview":"max-image-preview:large","max-video-preview":"max-video-preview:-1"},"canonical":"https:\/\/stylisticcristal.pl\/sklep\/o-marce\/","og_locale":"pl_PL","og_type":"article","og_title":"O marce - Sklep Stylistic Cristal","og_description":"[vc_row thb_full_width=&#8221;true&#8221; thb_row_padding=&#8221;true&#8221; thb_column_padding=&#8221;true&#8221; css=&#8221;.vc_custom_1582198247050{margin-bottom: 50px !important;}&#8221;][vc_column][vc_empty_space height=&#8221;30px&#8221;][vc_row_inner css=&#8221;.vc_custom_1654693397348{padding-top: 250px !important;padding-bottom: 30px !important;background-image: url(https:\/\/sklep.stylisticcristal.pl\/wp-content\/uploads\/2022\/06\/producent-zyrandoli-krysztalowych-1.jpg?id=1114) !important;background-position: center !important;background-repeat: no-repeat !important;background-size: cover !important;}&#8221;][vc_column_inner thb_color=&#8221;thb-light-column&#8221;][vc_column_text] O marce [\/vc_column_text][\/vc_column_inner][\/vc_row_inner][\/vc_column][\/vc_row][vc_row el_class=&#8221;align-justify&#8221;][vc_column][vc_column_text] Upi\u0119kszamy wn\u0119trza blaskiem kryszta\u0142u ju\u017c od 1992 roku. [\/vc_column_text][vc_empty_space height=&#8221;26px&#8221;][\/vc_column][\/vc_row][vc_row css=&#8221;.vc_custom_1654695824367{margin-bottom: 30px !important;}&#8221;][vc_column width=&#8221;1\/2&#8243;][vc_column_text]Stylistic Cristal to polska pracownia \u017cyrandoli kryszta\u0142owych, kt\u00f3ra powsta\u0142a z pasji Ireny i Marka Kotysza. Dwa&hellip;","og_url":"https:\/\/stylisticcristal.pl\/sklep\/o-marce\/","og_site_name":"Sklep Stylistic Cristal","article_modified_time":"2022-06-08T13:55:10+00:00","og_image":[{"url":"https:\/\/sklep.stylisticcristal.pl\/wp-content\/uploads\/2022\/06\/1.-producent-krysztalowego-oswietlenia.jpg","type":"","width":"","height":""}],"twitter_card":"summary_large_image","twitter_misc":{"Szacowany czas czytania":"5 minut"},"schema":{"@context":"https:\/\/schema.org","@graph":[{"@type":"WebPage","@id":"https:\/\/stylisticcristal.pl\/sklep\/o-marce\/","url":"https:\/\/stylisticcristal.pl\/sklep\/o-marce\/","name":"O marce - Sklep Stylistic Cristal","isPartOf":{"@id":"https:\/\/stylisticcristal.pl\/sklep\/#website"},"primaryImageOfPage":{"@id":"https:\/\/stylisticcristal.pl\/sklep\/o-marce\/#primaryimage"},"image":{"@id":"https:\/\/stylisticcristal.pl\/sklep\/o-marce\/#primaryimage"},"thumbnailUrl":"https:\/\/sklep.stylisticcristal.pl\/wp-content\/uploads\/2022\/06\/1.-producent-krysztalowego-oswietlenia.jpg","datePublished":"2020-01-28T13:56:26+00:00","dateModified":"2022-06-08T13:55:10+00:00","breadcrumb":{"@id":"https:\/\/stylisticcristal.pl\/sklep\/o-marce\/#breadcrumb"},"inLanguage":"pl-PL","potentialAction":[{"@type":"ReadAction","target":["https:\/\/stylisticcristal.pl\/sklep\/o-marce\/"]}]},{"@type":"ImageObject","inLanguage":"pl-PL","@id":"https:\/\/stylisticcristal.pl\/sklep\/o-marce\/#primaryimage","url":"https:\/\/sklep.stylisticcristal.pl\/wp-content\/uploads\/2022\/06\/1.-producent-krysztalowego-oswietlenia.jpg","contentUrl":"https:\/\/sklep.stylisticcristal.pl\/wp-content\/uploads\/2022\/06\/1.-producent-krysztalowego-oswietlenia.jpg"},{"@type":"BreadcrumbList","@id":"https:\/\/stylisticcristal.pl\/sklep\/o-marce\/#breadcrumb","itemListElement":[{"@type":"ListItem","position":1,"name":"Home","item":"https:\/\/stylisticcristal.pl\/sklep\/"},{"@type":"ListItem","position":2,"name":"O marce"}]},{"@type":"WebSite","@id":"https:\/\/stylisticcristal.pl\/sklep\/#website","url":"https:\/\/stylisticcristal.pl\/sklep\/","name":"Sklep Stylistic Cristal","description":"\u017cyrandole kryszta\u0142owe - sklep z luksusowym o\u015bwietleniem wn\u0119trz","potentialAction":[{"@type":"SearchAction","target":{"@type":"EntryPoint","urlTemplate":"https:\/\/stylisticcristal.pl\/sklep\/?s={search_term_string}"},"query-input":{"@type":"PropertyValueSpecification","valueRequired":true,"valueName":"search_term_string"}}],"inLanguage":"pl-PL"}]}},"_links":{"self":[{"href":"https:\/\/stylisticcristal.pl\/sklep\/wp-json\/wp\/v2\/pages\/48","targetHints":{"allow":["GET"]}}],"collection":[{"href":"https:\/\/stylisticcristal.pl\/sklep\/wp-json\/wp\/v2\/pages"}],"about":[{"href":"https:\/\/stylisticcristal.pl\/sklep\/wp-json\/wp\/v2\/types\/page"}],"author":[{"embeddable":true,"href":"https:\/\/stylisticcristal.pl\/sklep\/wp-json\/wp\/v2\/users\/1"}],"replies":[{"embeddable":true,"href":"https:\/\/stylisticcristal.pl\/sklep\/wp-json\/wp\/v2\/comments?post=48"}],"version-history":[{"count":24,"href":"https:\/\/stylisticcristal.pl\/sklep\/wp-json\/wp\/v2\/pages\/48\/revisions"}],"predecessor-version":[{"id":1130,"href":"https:\/\/stylisticcristal.pl\/sklep\/wp-json\/wp\/v2\/pages\/48\/revisions\/1130"}],"wp:attachment":[{"href":"https:\/\/stylisticcristal.pl\/sklep\/wp-json\/wp\/v2\/media?parent=48"}],"curies":[{"name":"wp","href":"https:\/\/api.w.org\/{rel}","templated":true}]}}